{"id":14,"date":"2024-07-20T19:23:32","date_gmt":"2024-07-20T22:23:32","guid":{"rendered":"https:\/\/locababyekids.com.br\/sn\/?page_id=14"},"modified":"2025-06-25T12:18:33","modified_gmt":"2025-06-25T15:18:33","slug":"entregas-e-diferenciais","status":"publish","type":"page","link":"https:\/\/locababyekids.com.br\/sn\/entregas-e-diferenciais\/","title":{"rendered":"Entregas"},"content":{"rendered":"\t\t<div data-elementor-type=\"wp-page\" data-elementor-id=\"14\" class=\"elementor elementor-14\" data-elementor-post-type=\"page\">\n\t\t\t\t<div class=\"elementor-element elementor-element-67983262 e-flex e-con-boxed e-con e-parent\" data-id=\"67983262\" data-element_type=\"container\">\n\t\t\t\t\t<div class=\"e-con-inner\">\n\t\t\t\t<div class=\"elementor-element elementor-element-60777f58 elementor-widget elementor-widget-text-editor\" data-id=\"60777f58\" data-element_type=\"widget\" data-widget_type=\"text-editor.default\">\n\t\t\t\t<div class=\"elementor-widget-container\">\n\t\t\t\t\t\t\t<p><!-- wp:paragraph --><!-- \/wp:paragraph -->\n\n<!-- wp:heading --><\/p>\n<h1 class=\"titulo2\" style=\"text-align: justify;\"><span style=\"color: #e06614;\">Se o improv\u00e1vel acontecer, n\u00e3o se preocupe. A Locababy e Kids cuidar\u00e1 de voc\u00ea!<\/span><\/h1>\n<p style=\"text-align: center;\"><!-- \/wp:heading -->\n\n<!-- wp:paragraph --><\/p>\n<h6 style=\"text-align: justify;\">Para maior comodidade dos clientes, a Locababy e Kids disponibiliza entrega e recolhimento de seus equipamentos at\u00e9 um raio de 250km de Belo Horizonte e Juiz de Fora.<\/h6>\n<h6 style=\"text-align: justify;\">Acompanham esse servi\u00e7o dois t\u00e9cnicos treinados, respons\u00e1veis pela montagem \/ desmontagem e orienta\u00e7\u00e3o sobre o uso dos equipamentos. Experimente mais um dos nossos diferenciais!<\/h6>\n<h6 style=\"text-align: center;\">Entre em contato para mais informa\u00e7\u00f5es sobre entregas e taxas.<\/h6>\n<p style=\"text-align: center;\"><a href=\"https:\/\/api.whatsapp.com\/send\/?phone=553136461063&amp;text&amp;type=phone_number&amp;app_absent=0\" target=\"_blank\" rel=\"noopener\"><img decoding=\"async\" class=\"aligncenter\" src=\"..\/wp-content\/uploads\/2024\/06\/whatsapp-e1726116708561.png\" width=\"88\" height=\"89\" \/><\/a><\/p>\t\t\t\t\t\t<\/div>\n\t\t\t\t<\/div>\n\t\t\t\t\t<\/div>\n\t\t\t\t<\/div>\n\t\t\t\t<\/div>\n\t\t","protected":false},"excerpt":{"rendered":"<p>Se o improv\u00e1vel acontecer, n\u00e3o se preocupe. A Locababy e Kids cuidar\u00e1 de voc\u00ea! Para maior comodidade dos clientes, a Locababy e Kids disponibiliza entrega e recolhimento de seus equipamentos<\/p>\n","protected":false},"author":2,"featured_media":0,"parent":0,"menu_order":0,"comment_status":"closed","ping_status":"closed","template":"elementor_theme","meta":{"_joinchat":[],"footnotes":""},"class_list":{"1":"page","2":"type-page","3":"status-publish","4":"hentry"},"_links":{"self":[{"href":"https:\/\/locababyekids.com.br\/sn\/wp-json\/wp\/v2\/pages\/14"}],"collection":[{"href":"https:\/\/locababyekids.com.br\/sn\/wp-json\/wp\/v2\/pages"}],"about":[{"href":"https:\/\/locababyekids.com.br\/sn\/wp-json\/wp\/v2\/types\/page"}],"author":[{"embeddable":true,"href":"https:\/\/locababyekids.com.br\/sn\/wp-json\/wp\/v2\/users\/2"}],"replies":[{"embeddable":true,"href":"https:\/\/locababyekids.com.br\/sn\/wp-json\/wp\/v2\/comments?post=14"}],"version-history":[{"count":31,"href":"https:\/\/locababyekids.com.br\/sn\/wp-json\/wp\/v2\/pages\/14\/revisions"}],"predecessor-version":[{"id":2779,"href":"https:\/\/locababyekids.com.br\/sn\/wp-json\/wp\/v2\/pages\/14\/revisions\/2779"}],"wp:attachment":[{"href":"https:\/\/locababyekids.com.br\/sn\/wp-json\/wp\/v2\/media?parent=14"}],"curies":[{"name":"wp","href":"https:\/\/api.w.org\/{rel}","templated":true}]}}