{"id":1419,"date":"2024-06-17T10:52:06","date_gmt":"2024-06-17T13:52:06","guid":{"rendered":"https:\/\/locababyekids.com.br\/sn\/?page_id=1419"},"modified":"2025-06-25T12:18:00","modified_gmt":"2025-06-25T15:18:00","slug":"como-comprar","status":"publish","type":"page","link":"https:\/\/locababyekids.com.br\/sn\/como-comprar\/","title":{"rendered":"Como Comprar"},"content":{"rendered":"\t\t<div data-elementor-type=\"wp-page\" data-elementor-id=\"1419\" class=\"elementor elementor-1419\" data-elementor-post-type=\"page\">\n\t\t\t\t<div class=\"elementor-element elementor-element-adff640 e-flex e-con-boxed e-con e-parent\" data-id=\"adff640\" data-element_type=\"container\">\n\t\t\t\t\t<div class=\"e-con-inner\">\n\t\t\t\t\t<\/div>\n\t\t\t\t<\/div>\n\t\t<div class=\"elementor-element elementor-element-87c4927 e-flex e-con-boxed e-con e-parent\" data-id=\"87c4927\" data-element_type=\"container\">\n\t\t\t\t\t<div class=\"e-con-inner\">\n\t\t\t\t<div class=\"elementor-element elementor-element-2ff1395 elementor-widget elementor-widget-text-editor\" data-id=\"2ff1395\" data-element_type=\"widget\" data-widget_type=\"text-editor.default\">\n\t\t\t\t<div class=\"elementor-widget-container\">\n\t\t\t\t\t\t\t<p><\/p>\n<ol>\n<li>\n<p><strong>Cadastro<\/strong>: Crie uma conta na loja virtual. Isso geralmente envolve fornecer seu nome, e-mail e criar uma senha.<\/p>\n<\/li>\n<li>\n<p><strong>Navega\u00e7\u00e3o e Sele\u00e7\u00e3o de Produtos<\/strong>: Navegue pelas categorias ou use a barra de busca para encontrar os produtos desejados. Leia as descri\u00e7\u00f5es e verifique as especifica\u00e7\u00f5es e avalia\u00e7\u00f5es dos produtos.<\/p>\n<\/li>\n<li>\n<p><strong>Carrinho de Compras<\/strong>: Adicione os produtos ao carrinho de compras. Voc\u00ea pode continuar comprando ou ir diretamente para o checkout.<\/p>\n<\/li>\n<li>\n<p><strong>Checkout<\/strong>: Revise os itens no seu carrinho e clique em \u201cFinalizar Compra\u201d. Aqui, voc\u00ea precisar\u00e1 fornecer informa\u00e7\u00f5es de envio e escolher o m\u00e9todo de pagamento.<\/p>\n<\/li>\n<li>\n<p><strong>Pagamento<\/strong>: Escolha a forma de pagamento que melhor se adequa a voc\u00ea. As op\u00e7\u00f5es comuns incluem cart\u00e3o de cr\u00e9dito, boleto banc\u00e1rio ou pix.<\/p>\n<\/li>\n<li>\n<p><strong>Confirma\u00e7\u00e3o<\/strong>: Ap\u00f3s o pagamento, voc\u00ea receber\u00e1 uma confirma\u00e7\u00e3o do pedido por e-mail. Guarde esse e-mail, pois ele cont\u00e9m informa\u00e7\u00f5es importantes sobre sua compra.<\/p>\n<\/li>\n<li>\n<p><strong>Acompanhamento do Pedido<\/strong>: Muitas lojas oferecem a op\u00e7\u00e3o de rastrear seu pedido. Use o c\u00f3digo de rastreamento fornecido para acompanhar a entrega.<\/p>\n<\/li>\n<li>\n<p><strong>Recebimento e Avalia\u00e7\u00e3o<\/strong>: Quando o produto chegar, verifique se est\u00e1 tudo conforme o esperado. Se estiver satisfeito, considere deixar uma avalia\u00e7\u00e3o para ajudar outros compradores.<\/p>\n<\/li>\n<\/ol>\t\t\t\t\t\t<\/div>\n\t\t\t\t<\/div>\n\t\t\t\t\t<\/div>\n\t\t\t\t<\/div>\n\t\t\t\t<\/div>\n\t\t","protected":false},"excerpt":{"rendered":"<p>Cadastro: Crie uma conta na loja virtual. Isso geralmente envolve fornecer seu nome, e-mail e criar uma senha. Navega\u00e7\u00e3o e Sele\u00e7\u00e3o de Produtos: Navegue pelas categorias ou use a barra<\/p>\n","protected":false},"author":2,"featured_media":0,"parent":0,"menu_order":0,"comment_status":"closed","ping_status":"closed","template":"elementor_theme","meta":{"_joinchat":[],"footnotes":""},"class_list":{"1":"page","2":"type-page","3":"status-publish","4":"hentry"},"_links":{"self":[{"href":"https:\/\/locababyekids.com.br\/sn\/wp-json\/wp\/v2\/pages\/1419"}],"collection":[{"href":"https:\/\/locababyekids.com.br\/sn\/wp-json\/wp\/v2\/pages"}],"about":[{"href":"https:\/\/locababyekids.com.br\/sn\/wp-json\/wp\/v2\/types\/page"}],"author":[{"embeddable":true,"href":"https:\/\/locababyekids.com.br\/sn\/wp-json\/wp\/v2\/users\/2"}],"replies":[{"embeddable":true,"href":"https:\/\/locababyekids.com.br\/sn\/wp-json\/wp\/v2\/comments?post=1419"}],"version-history":[{"count":1,"href":"https:\/\/locababyekids.com.br\/sn\/wp-json\/wp\/v2\/pages\/1419\/revisions"}],"predecessor-version":[{"id":3350,"href":"https:\/\/locababyekids.com.br\/sn\/wp-json\/wp\/v2\/pages\/1419\/revisions\/3350"}],"wp:attachment":[{"href":"https:\/\/locababyekids.com.br\/sn\/wp-json\/wp\/v2\/media?parent=1419"}],"curies":[{"name":"wp","href":"https:\/\/api.w.org\/{rel}","templated":true}]}}