{"id":1420,"date":"2024-06-17T10:52:06","date_gmt":"2024-06-17T13:52:06","guid":{"rendered":"https:\/\/locababyekids.com.br\/sn\/?page_id=1420"},"modified":"2025-06-25T12:18:06","modified_gmt":"2025-06-25T15:18:06","slug":"compra-segura","status":"publish","type":"page","link":"https:\/\/locababyekids.com.br\/sn\/compra-segura\/","title":{"rendered":"Compra Segura"},"content":{"rendered":"\t\t<div data-elementor-type=\"wp-page\" data-elementor-id=\"1420\" class=\"elementor elementor-1420\" data-elementor-post-type=\"page\">\n\t\t\t\t<div class=\"elementor-element elementor-element-af85892 e-flex e-con-boxed e-con e-parent\" data-id=\"af85892\" data-element_type=\"container\">\n\t\t\t\t\t<div class=\"e-con-inner\">\n\t\t\t\t<div class=\"elementor-element elementor-element-9053b94 elementor-widget elementor-widget-text-editor\" data-id=\"9053b94\" data-element_type=\"widget\" data-widget_type=\"text-editor.default\">\n\t\t\t\t<div class=\"elementor-widget-container\">\n\t\t\t\t\t\t\t<p>Nosso site utiliza o certificado SSL (Secure Sockets Layer), uma tecnologia de seguran\u00e7a utilizada para codificar os dados trafegados entre o computador do usu\u00e1rio e um website. O protocolo SSL, atrav\u00e9s de um processo de criptografia dos dados, previne que os dados trafegados possam ser capturados, ou mesmo alterados no seu curso entre o navegador do usu\u00e1rio e o site com o qual ele est\u00e1 se relacionando, garantindo desta forma uma compra segura.<\/p><p>Ap\u00f3s a digita\u00e7\u00e3o dos dados de seu cart\u00e3o de cr\u00e9dito, a transa\u00e7\u00e3o ser\u00e1 encaminhada pelo sistema de pagamento do site \u00e0 institui\u00e7\u00e3o financeira para autoriza\u00e7\u00e3o. O Botic\u00e1rio n\u00e3o participa da opera\u00e7\u00e3o e nem armazena nenhum dado desta opera\u00e7\u00e3o.<\/p><p>Todos os dados e informa\u00e7\u00f5es obtidos pela navega\u00e7\u00e3o em nosso site s\u00e3o armazenados em nosso banco de dados de forma segura e utilizados somente de acordo como fixado em nossa Pol\u00edtica de Privacidade.<\/p><p>Possu\u00edmos tamb\u00e9m limites de tempo de ociosidade para as sess\u00f5es de navega\u00e7\u00e3o, impedindo que algu\u00e9m se aproveite de algum descuido do usu\u00e1rio do site que n\u00e3o encerrou sua sess\u00e3o.<\/p><p>\u00c9 importante alertar que nenhum sistema de seguran\u00e7a \u00e9 infal\u00edvel, mas os incidentes mais comuns de fraude e quebra de seguran\u00e7a podem ser evitados com precau\u00e7\u00f5es simples e de alta efici\u00eancia.<\/p><p>Por isso, tenha sempre um programa antiv\u00edrus atualizado, utilize firewalls de internet e fique atento ao abrir os e-mails que voc\u00ea recebe, para n\u00e3o instalar programas maliciosos ou abrir links contaminados ou falsos, verificando sempre o endere\u00e7o de destino antes de clicar pela exibi\u00e7\u00e3o na barra de status do programa.<\/p><p>Cuide tamb\u00e9m de sua senha e de outros dados sigilosos, n\u00e3o memorizando senhas de acesso a sites e n\u00fameros de cart\u00e3o de cr\u00e9dito em seu navegador, por exemplo. D\u00ea prefer\u00eancia a senhas fortes, com o m\u00ednimo de 8 caracteres, letras mai\u00fasculas, min\u00fasculas, n\u00fameros e caracteres especiais.<\/p>\t\t\t\t\t\t<\/div>\n\t\t\t\t<\/div>\n\t\t\t\t\t<\/div>\n\t\t\t\t<\/div>\n\t\t\t\t<\/div>\n\t\t","protected":false},"excerpt":{"rendered":"<p>Nosso site utiliza o certificado SSL (Secure Sockets Layer), uma tecnologia de seguran\u00e7a utilizada para codificar os dados trafegados entre o computador do usu\u00e1rio e um website. O protocolo SSL,<\/p>\n","protected":false},"author":2,"featured_media":0,"parent":0,"menu_order":0,"comment_status":"closed","ping_status":"closed","template":"elementor_theme","meta":{"_joinchat":[],"footnotes":""},"class_list":{"1":"page","2":"type-page","3":"status-publish","4":"hentry"},"_links":{"self":[{"href":"https:\/\/locababyekids.com.br\/sn\/wp-json\/wp\/v2\/pages\/1420"}],"collection":[{"href":"https:\/\/locababyekids.com.br\/sn\/wp-json\/wp\/v2\/pages"}],"about":[{"href":"https:\/\/locababyekids.com.br\/sn\/wp-json\/wp\/v2\/types\/page"}],"author":[{"embeddable":true,"href":"https:\/\/locababyekids.com.br\/sn\/wp-json\/wp\/v2\/users\/2"}],"replies":[{"embeddable":true,"href":"https:\/\/locababyekids.com.br\/sn\/wp-json\/wp\/v2\/comments?post=1420"}],"version-history":[{"count":1,"href":"https:\/\/locababyekids.com.br\/sn\/wp-json\/wp\/v2\/pages\/1420\/revisions"}],"predecessor-version":[{"id":3351,"href":"https:\/\/locababyekids.com.br\/sn\/wp-json\/wp\/v2\/pages\/1420\/revisions\/3351"}],"wp:attachment":[{"href":"https:\/\/locababyekids.com.br\/sn\/wp-json\/wp\/v2\/media?parent=1420"}],"curies":[{"name":"wp","href":"https:\/\/api.w.org\/{rel}","templated":true}]}}