{"id":1421,"date":"2024-06-17T10:52:06","date_gmt":"2024-06-17T13:52:06","guid":{"rendered":"https:\/\/locababyekids.com.br\/sn\/?page_id=1421"},"modified":"2025-07-23T12:05:38","modified_gmt":"2025-07-23T15:05:38","slug":"regras-de-frete","status":"publish","type":"page","link":"https:\/\/locababyekids.com.br\/sn\/regras-de-frete\/","title":{"rendered":"Regras de Frete"},"content":{"rendered":"\t\t<div data-elementor-type=\"wp-page\" data-elementor-id=\"1421\" class=\"elementor elementor-1421\" data-elementor-post-type=\"page\">\n\t\t\t\t<div class=\"elementor-element elementor-element-978cdea e-flex e-con-boxed e-con e-parent\" data-id=\"978cdea\" data-element_type=\"container\">\n\t\t\t\t\t<div class=\"e-con-inner\">\n\t\t\t\t<div class=\"elementor-element elementor-element-df1e150 elementor-widget elementor-widget-text-editor\" data-id=\"df1e150\" data-element_type=\"widget\" data-widget_type=\"text-editor.default\">\n\t\t\t\t<div class=\"elementor-widget-container\">\n\t\t\t\t\t\t\t<h6>Introdu\u00e7\u00e3o<\/h6><p>Nossa pol\u00edtica de frete visa esclarecer todas as d\u00favidas sobre o envio de produtos.<\/p><h6>Op\u00e7\u00f5es de Frete<\/h6><p>&#8211; SEDEX: Entrega em 1-3 dias \u00fateis.<\/p><p>&#8211; PAC: Entrega em 5-7 dias \u00fateis.<\/p><p>&#8211; Frete Gr\u00e1tis: Retirada na loja.<\/p><h6>Prazos de Processamento<\/h6><p>Pedidos realizados ap\u00f3s as 17h ser\u00e3o processados no pr\u00f3ximo dia \u00fatil.<\/p><h6>\u00c1reas de Entrega<\/h6><p>Entregamos para todo o Brasil.<\/p><h6>Rastreamento de Pedidos<\/h6><p>Voc\u00ea pode rastrear seu pedido aqui.<\/p><h6>Pol\u00edtica de Devolu\u00e7\u00e3o<\/h6><p>Para devolu\u00e7\u00f5es, entre em contato conosco em at\u00e9 07 dias ap\u00f3s o recebimento do produto. O custo da devolu\u00e7\u00e3o \u00e9 de responsabilidade do cliente.<\/p><h6>Contato<\/h6><p>Para d\u00favidas, entre em contato pelo e-mail: contato@locababyekids.com.br ou pelo Telefone\/WhatsApp: (31) 3646-1063.<\/p>\t\t\t\t\t\t<\/div>\n\t\t\t\t<\/div>\n\t\t\t\t\t<\/div>\n\t\t\t\t<\/div>\n\t\t\t\t<\/div>\n\t\t","protected":false},"excerpt":{"rendered":"<p>Introdu\u00e7\u00e3o Nossa pol\u00edtica de frete visa esclarecer todas as d\u00favidas sobre o envio de produtos. Op\u00e7\u00f5es de Frete &#8211; SEDEX: Entrega em 1-3 dias \u00fateis. &#8211; PAC: Entrega em 5-7<\/p>\n","protected":false},"author":2,"featured_media":0,"parent":0,"menu_order":0,"comment_status":"closed","ping_status":"closed","template":"elementor_theme","meta":{"_joinchat":[],"footnotes":""},"class_list":{"1":"page","2":"type-page","3":"status-publish","4":"hentry"},"_links":{"self":[{"href":"https:\/\/locababyekids.com.br\/sn\/wp-json\/wp\/v2\/pages\/1421"}],"collection":[{"href":"https:\/\/locababyekids.com.br\/sn\/wp-json\/wp\/v2\/pages"}],"about":[{"href":"https:\/\/locababyekids.com.br\/sn\/wp-json\/wp\/v2\/types\/page"}],"author":[{"embeddable":true,"href":"https:\/\/locababyekids.com.br\/sn\/wp-json\/wp\/v2\/users\/2"}],"replies":[{"embeddable":true,"href":"https:\/\/locababyekids.com.br\/sn\/wp-json\/wp\/v2\/comments?post=1421"}],"version-history":[{"count":7,"href":"https:\/\/locababyekids.com.br\/sn\/wp-json\/wp\/v2\/pages\/1421\/revisions"}],"predecessor-version":[{"id":3387,"href":"https:\/\/locababyekids.com.br\/sn\/wp-json\/wp\/v2\/pages\/1421\/revisions\/3387"}],"wp:attachment":[{"href":"https:\/\/locababyekids.com.br\/sn\/wp-json\/wp\/v2\/media?parent=1421"}],"curies":[{"name":"wp","href":"https:\/\/api.w.org\/{rel}","templated":true}]}}