{"id":1423,"date":"2024-06-17T10:52:06","date_gmt":"2024-06-17T13:52:06","guid":{"rendered":"https:\/\/locababyekids.com.br\/sn\/?page_id=1423"},"modified":"2025-07-23T12:05:01","modified_gmt":"2025-07-23T15:05:01","slug":"trocas-e-devolucoes","status":"publish","type":"page","link":"https:\/\/locababyekids.com.br\/sn\/trocas-e-devolucoes\/","title":{"rendered":"Trocas e devolu\u00e7\u00f5es"},"content":{"rendered":"\t\t<div data-elementor-type=\"wp-page\" data-elementor-id=\"1423\" class=\"elementor elementor-1423\" data-elementor-post-type=\"page\">\n\t\t\t\t<div class=\"elementor-element elementor-element-ff9464d e-flex e-con-boxed e-con e-parent\" data-id=\"ff9464d\" data-element_type=\"container\">\n\t\t\t\t\t<div class=\"e-con-inner\">\n\t\t\t\t<div class=\"elementor-element elementor-element-c36fbaa elementor-widget elementor-widget-text-editor\" data-id=\"c36fbaa\" data-element_type=\"widget\" data-widget_type=\"text-editor.default\">\n\t\t\t\t<div class=\"elementor-widget-container\">\n\t\t\t\t\t\t\t<h5>Introdu\u00e7\u00e3o<\/h5><p>Nossa pol\u00edtica de trocas e devolu\u00e7\u00f5es visa garantir a satisfa\u00e7\u00e3o dos nossos clientes.<\/p><h5>Condi\u00e7\u00f5es para Trocas e Devolu\u00e7\u00f5es<\/h5><p><strong>&#8211; Prazo:<\/strong> As trocas e devolu\u00e7\u00f5es podem ser solicitadas em at\u00e9 07 dias ap\u00f3s o recebimento do produto.<br \/><strong>&#8211; Estado do Produto:<\/strong> O produto deve estar em perfeito estado, sem sinais de uso, e com a embalagem original.<br \/><strong>&#8211; Nota Fiscal:<\/strong> \u00c9 necess\u00e1rio apresentar a nota fiscal da compra.<\/p><h5>Processo de Troca<\/h5><p>1. Entre em contato conosco pelo e-mail: contato@locababyekids.com.br ou pelo Telefone\/WhatsApp: (31) 3646-1063.<br \/>2. Informe o n\u00famero do pedido e o motivo da troca.<br \/>3. Envie o produto para o endere\u00e7o fornecido.<br \/>4. Ap\u00f3s recebermos o produto, enviaremos o novo item em at\u00e9 7 dias \u00fateis.<\/p><h5>Processo de Devolu\u00e7\u00e3o<\/h5><p>1. Entre em contato conosco pelo e-mail: contato@locababyekids.com.br ou pelo Telefone\/WhatsApp: (31) 3646-1063.<br \/>2. Informe o n\u00famero do pedido e o motivo da devolu\u00e7\u00e3o.<br \/>3. Envie o produto para o endere\u00e7o fornecido.<br \/>4. Ap\u00f3s recebermos o produto, processaremos o reembolso em at\u00e9 10 dias \u00fateis.<\/p><h5>Produtos N\u00e3o Eleg\u00edveis<\/h5><p>&#8211; Itens personalizados<br \/>&#8211; Produtos em promo\u00e7\u00e3o<\/p><h5>Contato<\/h5><p>Para d\u00favidas, entre em contato pelo e-mail: contato@locababyekids.com.br ou pelo Telefone\/WhatsApp: (31) 3646-1063.<\/p>\t\t\t\t\t\t<\/div>\n\t\t\t\t<\/div>\n\t\t\t\t\t<\/div>\n\t\t\t\t<\/div>\n\t\t\t\t<\/div>\n\t\t","protected":false},"excerpt":{"rendered":"<p>Introdu\u00e7\u00e3o Nossa pol\u00edtica de trocas e devolu\u00e7\u00f5es visa garantir a satisfa\u00e7\u00e3o dos nossos clientes. Condi\u00e7\u00f5es para Trocas e Devolu\u00e7\u00f5es &#8211; Prazo: As trocas e devolu\u00e7\u00f5es podem ser solicitadas em at\u00e9<\/p>\n","protected":false},"author":2,"featured_media":0,"parent":0,"menu_order":0,"comment_status":"closed","ping_status":"closed","template":"elementor_theme","meta":{"_joinchat":[],"footnotes":""},"class_list":{"1":"page","2":"type-page","3":"status-publish","4":"hentry"},"_links":{"self":[{"href":"https:\/\/locababyekids.com.br\/sn\/wp-json\/wp\/v2\/pages\/1423"}],"collection":[{"href":"https:\/\/locababyekids.com.br\/sn\/wp-json\/wp\/v2\/pages"}],"about":[{"href":"https:\/\/locababyekids.com.br\/sn\/wp-json\/wp\/v2\/types\/page"}],"author":[{"embeddable":true,"href":"https:\/\/locababyekids.com.br\/sn\/wp-json\/wp\/v2\/users\/2"}],"replies":[{"embeddable":true,"href":"https:\/\/locababyekids.com.br\/sn\/wp-json\/wp\/v2\/comments?post=1423"}],"version-history":[{"count":4,"href":"https:\/\/locababyekids.com.br\/sn\/wp-json\/wp\/v2\/pages\/1423\/revisions"}],"predecessor-version":[{"id":3386,"href":"https:\/\/locababyekids.com.br\/sn\/wp-json\/wp\/v2\/pages\/1423\/revisions\/3386"}],"wp:attachment":[{"href":"https:\/\/locababyekids.com.br\/sn\/wp-json\/wp\/v2\/media?parent=1423"}],"curies":[{"name":"wp","href":"https:\/\/api.w.org\/{rel}","templated":true}]}}