{"id":1459,"date":"2024-06-18T22:56:43","date_gmt":"2024-06-19T01:56:43","guid":{"rendered":"https:\/\/locababyekids.com.br\/sn\/?post_type=product&#038;p=1459"},"modified":"2025-05-27T16:52:53","modified_gmt":"2025-05-27T19:52:53","slug":"bebe-conforto-ello-preto-cinza-tutti-baby","status":"publish","type":"product","link":"https:\/\/locababyekids.com.br\/sn\/product\/bebe-conforto-ello-preto-cinza-tutti-baby\/","title":{"rendered":"Beb\u00ea Conforto Ello Preto\/Cinza &#8211; Tutti Baby"},"content":{"rendered":"<p>Dispositivo de Reten\u00e7\u00e3o Tutti Baby e Indicado para crian\u00e7as de 0 a 13 kg\u00a0possui protetor para rec\u00e9m-nascidos e um menor \u00e2ngulo de inclina\u00e7\u00e3o, trazendo mais conforto para o beb\u00ea. Sua al\u00e7a anat\u00f4mica, mais curvada, proporciona uma maior \u00e1rea de contato com o banco, garantindo maior seguran\u00e7a.<\/p>\n<p><span style=\"color: #808080; font-size: 12px;\">Peso m\u00e1ximo suportado: 13 kg.<\/span><br \/>\n<span style=\"color: #808080; font-size: 12px;\">Dimens\u00f5es do produto: 66.5 cm (C) x 42.5 cm (L) x 57 cm (A).<\/span><br \/>\n<span style=\"color: #808080; font-size: 12px;\">Peso: 2.8 kg.<\/span><\/p>\n","protected":false},"excerpt":{"rendered":"<p><a href=\"https:\/\/wa.me\/553136461063\" target=\"_blank\" rel=\"noopener\" aria-label=\"Chat on WhatsApp\"><br \/>\n<button>Loca\u00e7\u00e3o<\/button><\/a>\u00a0 \u00a0<a href=\"https:\/\/wa.me\/553136461063\" target=\"_blank\" rel=\"noopener\" aria-label=\"Chat on WhatsApp\"><img decoding=\"async\" class=\"alignnone wp-image-1398\" src=\"https:\/\/locababyekids.com.br\/sn\/wp-content\/uploads\/2024\/06\/whatsapp-297x300.png\" alt=\"\" width=\"33\" height=\"33\" \/><\/a><\/p>\n","protected":false},"featured_media":1460,"comment_status":"open","ping_status":"closed","template":"","meta":{"_joinchat":[]},"product_cat":[290,160],"product_tag":[285],"class_list":{"0":"post-1459","1":"product","2":"type-product","3":"status-publish","6":"product_cat-aluguel-de-cadeira-para-auto","7":"product_cat-cadeira-para-auto","8":"product_tag-locacao","10":"first","11":"instock","12":"taxable","13":"shipping-taxable","14":"product-type-simple"},"_links":{"self":[{"href":"https:\/\/locababyekids.com.br\/sn\/wp-json\/wp\/v2\/product\/1459"}],"collection":[{"href":"https:\/\/locababyekids.com.br\/sn\/wp-json\/wp\/v2\/product"}],"about":[{"href":"https:\/\/locababyekids.com.br\/sn\/wp-json\/wp\/v2\/types\/product"}],"replies":[{"embeddable":true,"href":"https:\/\/locababyekids.com.br\/sn\/wp-json\/wp\/v2\/comments?post=1459"}],"version-history":[{"count":1,"href":"https:\/\/locababyekids.com.br\/sn\/wp-json\/wp\/v2\/product\/1459\/revisions"}],"predecessor-version":[{"id":2971,"href":"https:\/\/locababyekids.com.br\/sn\/wp-json\/wp\/v2\/product\/1459\/revisions\/2971"}],"wp:featuredmedia":[{"embeddable":true,"href":"https:\/\/locababyekids.com.br\/sn\/wp-json\/wp\/v2\/media\/1460"}],"wp:attachment":[{"href":"https:\/\/locababyekids.com.br\/sn\/wp-json\/wp\/v2\/media?parent=1459"}],"wp:term":[{"taxonomy":"product_cat","embeddable":true,"href":"https:\/\/locababyekids.com.br\/sn\/wp-json\/wp\/v2\/product_cat?post=1459"},{"taxonomy":"product_tag","embeddable":true,"href":"https:\/\/locababyekids.com.br\/sn\/wp-json\/wp\/v2\/product_tag?post=1459"}],"curies":[{"name":"wp","href":"https:\/\/api.w.org\/{rel}","templated":true}]}}