{"id":1461,"date":"2024-06-18T23:04:08","date_gmt":"2024-06-19T02:04:08","guid":{"rendered":"https:\/\/locababyekids.com.br\/sn\/?post_type=product&#038;p=1461"},"modified":"2025-05-27T16:52:53","modified_gmt":"2025-05-27T19:52:53","slug":"poltrona-ninna","status":"publish","type":"product","link":"https:\/\/locababyekids.com.br\/sn\/product\/poltrona-ninna\/","title":{"rendered":"Poltrona Ninna"},"content":{"rendered":"<p>Poltrona Ninna que ser\u00e1 a companheira do seu filho desde 1 ano de idade at\u00e9 o momento que n\u00e3o precisar\u00e1 mais utilizar a cadeirinha (9kg a 36kg). Na primeira fase quando a crian\u00e7a tem entre 9kg e 18kg o cinto da pr\u00f3pria cadeira \u00e9 utilizado. Nas pr\u00f3ximas fases (18kg aos 36kg) o pequeno utiliza o cinto do carro e o apoio de cabe\u00e7a com 8 posi\u00e7\u00f5es possibilita o ajuste conforme o crescimento da crian\u00e7a. Para garantir o conforto da crian\u00e7a a poltrona \u00e9 revestida com tecido macio e lav\u00e1vel, possui almofada redutora e protetores acolchoados para os ombros. A estrutura de pl\u00e1stico de engenharia proporciona uma maior resist\u00eancia e seguran\u00e7a ao produto.<\/p>\n<p><span style=\"color: #808080; font-size: 12px;\">Idade recomendada: \u200e24 meses &#8211; 10 anos.<\/span><br \/>\n<span style=\"color: #808080; font-size: 12px;\">Dimens\u00f5es do produto: 60 cm (C) x 49 cm (L) x 65 cm (A). <\/span><br \/>\n<span style=\"color: #808080; font-size: 12px;\">Peso: 5 Kg.<\/span><\/p>\n","protected":false},"excerpt":{"rendered":"<p><a href=\"https:\/\/wa.me\/553136461063\" target=\"_blank\" rel=\"noopener\" aria-label=\"Chat on WhatsApp\"><br \/>\n<button>Loca\u00e7\u00e3o<\/button><\/a>\u00a0 \u00a0<a href=\"https:\/\/wa.me\/553136461063\" target=\"_blank\" rel=\"noopener\" aria-label=\"Chat on WhatsApp\"><img decoding=\"async\" class=\"alignnone wp-image-1398\" src=\"https:\/\/locababyekids.com.br\/sn\/wp-content\/uploads\/2024\/06\/whatsapp-297x300.png\" alt=\"\" width=\"33\" height=\"33\" \/><\/a><\/p>\n","protected":false},"featured_media":1593,"comment_status":"open","ping_status":"closed","template":"","meta":{"_joinchat":[]},"product_cat":[290,160],"product_tag":[285],"class_list":{"0":"post-1461","1":"product","2":"type-product","3":"status-publish","6":"product_cat-aluguel-de-cadeira-para-auto","7":"product_cat-cadeira-para-auto","8":"product_tag-locacao","10":"first","11":"instock","12":"taxable","13":"shipping-taxable","14":"product-type-simple"},"_links":{"self":[{"href":"https:\/\/locababyekids.com.br\/sn\/wp-json\/wp\/v2\/product\/1461"}],"collection":[{"href":"https:\/\/locababyekids.com.br\/sn\/wp-json\/wp\/v2\/product"}],"about":[{"href":"https:\/\/locababyekids.com.br\/sn\/wp-json\/wp\/v2\/types\/product"}],"replies":[{"embeddable":true,"href":"https:\/\/locababyekids.com.br\/sn\/wp-json\/wp\/v2\/comments?post=1461"}],"version-history":[{"count":1,"href":"https:\/\/locababyekids.com.br\/sn\/wp-json\/wp\/v2\/product\/1461\/revisions"}],"predecessor-version":[{"id":2969,"href":"https:\/\/locababyekids.com.br\/sn\/wp-json\/wp\/v2\/product\/1461\/revisions\/2969"}],"wp:featuredmedia":[{"embeddable":true,"href":"https:\/\/locababyekids.com.br\/sn\/wp-json\/wp\/v2\/media\/1593"}],"wp:attachment":[{"href":"https:\/\/locababyekids.com.br\/sn\/wp-json\/wp\/v2\/media?parent=1461"}],"wp:term":[{"taxonomy":"product_cat","embeddable":true,"href":"https:\/\/locababyekids.com.br\/sn\/wp-json\/wp\/v2\/product_cat?post=1461"},{"taxonomy":"product_tag","embeddable":true,"href":"https:\/\/locababyekids.com.br\/sn\/wp-json\/wp\/v2\/product_tag?post=1461"}],"curies":[{"name":"wp","href":"https:\/\/api.w.org\/{rel}","templated":true}]}}