{"id":1463,"date":"2024-06-18T23:12:46","date_gmt":"2024-06-19T02:12:46","guid":{"rendered":"https:\/\/locababyekids.com.br\/sn\/?post_type=product&#038;p=1463"},"modified":"2025-05-27T16:52:53","modified_gmt":"2025-05-27T19:52:53","slug":"assento-de-elevacao-triton-tutti-baby-azul","status":"publish","type":"product","link":"https:\/\/locababyekids.com.br\/sn\/product\/assento-de-elevacao-triton-tutti-baby-azul\/","title":{"rendered":"Assento de Eleva\u00e7\u00e3o Triton, Tutti Baby, Azul"},"content":{"rendered":"<p>A Tutti Baby desenvolveu o Assento Triton para crian\u00e7as com mais de 15kg e que n\u00e3o precisam mais do encosto para acomodar o cinto de seguran\u00e7a. A instala\u00e7\u00e3o \u00e9 muito r\u00e1pida e utiliza o cinto do autom\u00f3vel. Para garantir o conforto da crian\u00e7a o produto tem tecido acolchoado e apoio lateral.<\/p>\n<p><span style=\"color: #808080; font-size: 12px;\">Idade recomendada: \u200e 24 meses &#8211; 10 anos.<\/span><br \/>\n<span style=\"color: #808080; font-size: 12px;\">Dimens\u00f5es do produto:\u00a0 40 cm (C) x 44 cm (L) x 20 cm (A).<\/span><br \/>\n<span style=\"color: #808080; font-size: 12px;\">Peso: 1,1 Kg.<\/span><\/p>\n","protected":false},"excerpt":{"rendered":"<p><a href=\"https:\/\/wa.me\/553136461063\" target=\"_blank\" rel=\"noopener\" aria-label=\"Chat on WhatsApp\"><br \/>\n<button>Loca\u00e7\u00e3o<\/button><\/a>\u00a0 \u00a0<a href=\"https:\/\/wa.me\/553136461063\" target=\"_blank\" rel=\"noopener\" aria-label=\"Chat on WhatsApp\"><img decoding=\"async\" class=\"alignnone wp-image-1398\" src=\"https:\/\/locababyekids.com.br\/sn\/wp-content\/uploads\/2024\/06\/whatsapp-297x300.png\" alt=\"\" width=\"33\" height=\"33\" \/><\/a><\/p>\n","protected":false},"featured_media":1601,"comment_status":"open","ping_status":"closed","template":"","meta":{"_joinchat":[]},"product_cat":[290,160],"product_tag":[285],"class_list":{"0":"post-1463","1":"product","2":"type-product","3":"status-publish","6":"product_cat-aluguel-de-cadeira-para-auto","7":"product_cat-cadeira-para-auto","8":"product_tag-locacao","10":"first","11":"instock","12":"taxable","13":"shipping-taxable","14":"product-type-simple"},"_links":{"self":[{"href":"https:\/\/locababyekids.com.br\/sn\/wp-json\/wp\/v2\/product\/1463"}],"collection":[{"href":"https:\/\/locababyekids.com.br\/sn\/wp-json\/wp\/v2\/product"}],"about":[{"href":"https:\/\/locababyekids.com.br\/sn\/wp-json\/wp\/v2\/types\/product"}],"replies":[{"embeddable":true,"href":"https:\/\/locababyekids.com.br\/sn\/wp-json\/wp\/v2\/comments?post=1463"}],"version-history":[{"count":1,"href":"https:\/\/locababyekids.com.br\/sn\/wp-json\/wp\/v2\/product\/1463\/revisions"}],"predecessor-version":[{"id":2968,"href":"https:\/\/locababyekids.com.br\/sn\/wp-json\/wp\/v2\/product\/1463\/revisions\/2968"}],"wp:featuredmedia":[{"embeddable":true,"href":"https:\/\/locababyekids.com.br\/sn\/wp-json\/wp\/v2\/media\/1601"}],"wp:attachment":[{"href":"https:\/\/locababyekids.com.br\/sn\/wp-json\/wp\/v2\/media?parent=1463"}],"wp:term":[{"taxonomy":"product_cat","embeddable":true,"href":"https:\/\/locababyekids.com.br\/sn\/wp-json\/wp\/v2\/product_cat?post=1463"},{"taxonomy":"product_tag","embeddable":true,"href":"https:\/\/locababyekids.com.br\/sn\/wp-json\/wp\/v2\/product_tag?post=1463"}],"curies":[{"name":"wp","href":"https:\/\/api.w.org\/{rel}","templated":true}]}}