{"id":1466,"date":"2024-06-18T23:34:06","date_gmt":"2024-06-19T02:34:06","guid":{"rendered":"https:\/\/locababyekids.com.br\/sn\/?post_type=product&#038;p=1466"},"modified":"2025-05-27T16:52:53","modified_gmt":"2025-05-27T19:52:53","slug":"cadeira-versati","status":"publish","type":"product","link":"https:\/\/locababyekids.com.br\/sn\/product\/cadeira-versati\/","title":{"rendered":"Cadeira Versati"},"content":{"rendered":"<p>A Cadeira Versati da Tutti Baby foi desenvolvida para acompanhar o seu filho desde 1 ano de idade, com conforto e seguran\u00e7a. Sua estrutura conta com cinto de seguran\u00e7a de 5 pontos que dever\u00e1 ser utilizado para crian\u00e7as do Grupo I com peso entre 9kg a 18kg. Nos grupos II e III (15kg a 36kg) utiliza-se a cadeira ou o seu assento com o cinto de seguran\u00e7a do carro. Seu apoio de cabe\u00e7a vem montado direto de f\u00e1brica e possui 7 posi\u00e7\u00f5es de altura, que acompanham o crescimento da crian\u00e7a. Para garantir maior conforto, a cadeira \u00e9 revestida com tecido macio e possui redutores acolchoados, f\u00e1ceis de limpar. Al\u00e9m do porta-copos ao alcance da crian\u00e7a. A estrutura de pl\u00e1stico de engenharia proporciona uma maior resist\u00eancia e seguran\u00e7a ao produto.<\/p>\n<p><span style=\"color: #808080; font-size: 12px;\">Idade recomendada: \u200e24 meses &#8211; 10 anos.<\/span><br \/>\n<span style=\"color: #808080; font-size: 12px;\">Dimens\u00f5es do produto: 46 cm (C) x 39 cm (L) x 74 cm (A). <\/span><br \/>\n<span style=\"color: #808080; font-size: 12px;\">Peso: 4,3 Kg.<\/span><\/p>\n","protected":false},"excerpt":{"rendered":"<p><a href=\"https:\/\/wa.me\/553136461063\" target=\"_blank\" rel=\"noopener\" aria-label=\"Chat on WhatsApp\"><br \/>\n<button>Loca\u00e7\u00e3o<\/button><\/a>\u00a0 \u00a0<a href=\"https:\/\/wa.me\/553136461063\" target=\"_blank\" rel=\"noopener\" aria-label=\"Chat on WhatsApp\"><img decoding=\"async\" class=\"alignnone wp-image-1398\" src=\"https:\/\/locababyekids.com.br\/sn\/wp-content\/uploads\/2024\/06\/whatsapp-297x300.png\" alt=\"\" width=\"33\" height=\"33\" \/><\/a><\/p>\n","protected":false},"featured_media":1467,"comment_status":"open","ping_status":"closed","template":"","meta":{"_joinchat":[]},"product_cat":[290,160],"product_tag":[285],"class_list":{"0":"post-1466","1":"product","2":"type-product","3":"status-publish","6":"product_cat-aluguel-de-cadeira-para-auto","7":"product_cat-cadeira-para-auto","8":"product_tag-locacao","10":"first","11":"instock","12":"taxable","13":"shipping-taxable","14":"product-type-simple"},"_links":{"self":[{"href":"https:\/\/locababyekids.com.br\/sn\/wp-json\/wp\/v2\/product\/1466"}],"collection":[{"href":"https:\/\/locababyekids.com.br\/sn\/wp-json\/wp\/v2\/product"}],"about":[{"href":"https:\/\/locababyekids.com.br\/sn\/wp-json\/wp\/v2\/types\/product"}],"replies":[{"embeddable":true,"href":"https:\/\/locababyekids.com.br\/sn\/wp-json\/wp\/v2\/comments?post=1466"}],"version-history":[{"count":1,"href":"https:\/\/locababyekids.com.br\/sn\/wp-json\/wp\/v2\/product\/1466\/revisions"}],"predecessor-version":[{"id":2967,"href":"https:\/\/locababyekids.com.br\/sn\/wp-json\/wp\/v2\/product\/1466\/revisions\/2967"}],"wp:featuredmedia":[{"embeddable":true,"href":"https:\/\/locababyekids.com.br\/sn\/wp-json\/wp\/v2\/media\/1467"}],"wp:attachment":[{"href":"https:\/\/locababyekids.com.br\/sn\/wp-json\/wp\/v2\/media?parent=1466"}],"wp:term":[{"taxonomy":"product_cat","embeddable":true,"href":"https:\/\/locababyekids.com.br\/sn\/wp-json\/wp\/v2\/product_cat?post=1466"},{"taxonomy":"product_tag","embeddable":true,"href":"https:\/\/locababyekids.com.br\/sn\/wp-json\/wp\/v2\/product_tag?post=1466"}],"curies":[{"name":"wp","href":"https:\/\/api.w.org\/{rel}","templated":true}]}}