{"id":1468,"date":"2024-06-18T23:44:40","date_gmt":"2024-06-19T02:44:40","guid":{"rendered":"https:\/\/locababyekids.com.br\/sn\/?post_type=product&#038;p=1468"},"modified":"2025-05-27T16:52:53","modified_gmt":"2025-05-27T19:52:53","slug":"cadeira-triton-ii-preto-com-cinza","status":"publish","type":"product","link":"https:\/\/locababyekids.com.br\/sn\/product\/cadeira-triton-ii-preto-com-cinza\/","title":{"rendered":"Cadeira Triton II Preto com Cinza"},"content":{"rendered":"<p>Para crian\u00e7as de 15kg at\u00e9 36kg, a Cadeira Triton II \u00e9 uma excelente op\u00e7\u00e3o de custo benef\u00edcio. utiliza o cinto do autom\u00f3vel, possui apoio de cabe\u00e7a ajust\u00e1vel. Para garantir o conforto da crian\u00e7a a Cadeira Triton tem tecido acolchoado, apoio lateral e protetor de cabe\u00e7a bem acolchoado.<br \/>\nA diferen\u00e7a da Triton para a Triton II: Todas receberam acabamento em alta frequ\u00eancia, deixando as cadeirinhas com toque mais sofisticado e macia, a cor cinza com preto ficou mais sofisticada e elegante. O cinza est\u00e1 em um tom mais delicado e neutro, com tecido detalhes em preto, deixando a cadeira ainda mais linda.<\/p>\n<p><span style=\"color: #808080; font-size: 12px;\">Idade recomendada &#8211; 24 meses e acima.<\/span><br \/>\n<span style=\"color: #808080; font-size: 12px;\">Dimens\u00f5es do produto:\u00a0 39 cm(L) x 46 cm (C) x 74 cm (A).<\/span><br \/>\n<span style=\"color: #808080; font-size: 12px;\">Peso: 2,5 Kg<\/span><\/p>\n","protected":false},"excerpt":{"rendered":"<p><a href=\"https:\/\/wa.me\/553136461063\" target=\"_blank\" rel=\"noopener\" aria-label=\"Chat on WhatsApp\"><br \/>\n<button>Loca\u00e7\u00e3o<\/button><\/a>\u00a0 \u00a0<a href=\"https:\/\/wa.me\/553136461063\" target=\"_blank\" rel=\"noopener\" aria-label=\"Chat on WhatsApp\"><img decoding=\"async\" class=\"alignnone wp-image-1398\" src=\"https:\/\/locababyekids.com.br\/sn\/wp-content\/uploads\/2024\/06\/whatsapp-297x300.png\" alt=\"\" width=\"33\" height=\"33\" \/><\/a><\/p>\n","protected":false},"featured_media":1598,"comment_status":"open","ping_status":"closed","template":"","meta":{"_joinchat":[]},"product_cat":[290,160],"product_tag":[285],"class_list":{"0":"post-1468","1":"product","2":"type-product","3":"status-publish","6":"product_cat-aluguel-de-cadeira-para-auto","7":"product_cat-cadeira-para-auto","8":"product_tag-locacao","10":"first","11":"instock","12":"taxable","13":"shipping-taxable","14":"product-type-simple"},"_links":{"self":[{"href":"https:\/\/locababyekids.com.br\/sn\/wp-json\/wp\/v2\/product\/1468"}],"collection":[{"href":"https:\/\/locababyekids.com.br\/sn\/wp-json\/wp\/v2\/product"}],"about":[{"href":"https:\/\/locababyekids.com.br\/sn\/wp-json\/wp\/v2\/types\/product"}],"replies":[{"embeddable":true,"href":"https:\/\/locababyekids.com.br\/sn\/wp-json\/wp\/v2\/comments?post=1468"}],"version-history":[{"count":1,"href":"https:\/\/locababyekids.com.br\/sn\/wp-json\/wp\/v2\/product\/1468\/revisions"}],"predecessor-version":[{"id":2966,"href":"https:\/\/locababyekids.com.br\/sn\/wp-json\/wp\/v2\/product\/1468\/revisions\/2966"}],"wp:featuredmedia":[{"embeddable":true,"href":"https:\/\/locababyekids.com.br\/sn\/wp-json\/wp\/v2\/media\/1598"}],"wp:attachment":[{"href":"https:\/\/locababyekids.com.br\/sn\/wp-json\/wp\/v2\/media?parent=1468"}],"wp:term":[{"taxonomy":"product_cat","embeddable":true,"href":"https:\/\/locababyekids.com.br\/sn\/wp-json\/wp\/v2\/product_cat?post=1468"},{"taxonomy":"product_tag","embeddable":true,"href":"https:\/\/locababyekids.com.br\/sn\/wp-json\/wp\/v2\/product_tag?post=1468"}],"curies":[{"name":"wp","href":"https:\/\/api.w.org\/{rel}","templated":true}]}}