{"id":1571,"date":"2024-06-23T16:22:38","date_gmt":"2024-06-23T19:22:38","guid":{"rendered":"https:\/\/locababyekids.com.br\/sn\/?post_type=product&#038;p=1571"},"modified":"2025-05-27T16:52:32","modified_gmt":"2025-05-27T19:52:32","slug":"carrinho-de-bebe-yoyo","status":"publish","type":"product","link":"https:\/\/locababyekids.com.br\/sn\/product\/carrinho-de-bebe-yoyo\/","title":{"rendered":"Carrinho de Beb\u00ea Yoyo"},"content":{"rendered":"<p>Carrinho \u00e1gil e compacto que acompanha a sua vida sempre em movimento. O carrinho de beb\u00ea YOYO dobra-se e desdobra-se num instante. Pode ser levado no ombro e cabe em todo o lado. Super leve, 6,2kg, fabricado com material extremamente resistente e de alta qualidade. Carrinho evolutivo, ultracompacto e incrivelmente robusto, o YOYO oferece um \u00f3timo conforto no dia a dia.<br \/>\nCinto de seguran\u00e7a de 5 pontos macio, flex\u00edvel com 3 op\u00e7\u00f5es de ajuste.<br \/>\nCapota com tecido repelente de \u00e1gua, com prote\u00e7\u00e3o solar FPS 50+ e peso m\u00e1ximo de 22 kg.<\/p>\n<p><span style=\"color: #808080; font-size: 12px;\">Medida do produto aberto: 106 cm (A) X 86 cm (L) X 44 cm (C).<\/span><br \/>\n<span style=\"color: #808080; font-size: 12px;\">Medida do produto fechado: 52 cm (A) X 18 cm (L) X 44 cm (C).<\/span><br \/>\n<span style=\"color: #808080; font-size: 12px;\">Peso: 6,2 kg.<\/span><br \/>\n<span style=\"color: #808080; font-size: 12px;\">Cor: estrutura preta e assento e capota preta<\/span><\/p>\n","protected":false},"excerpt":{"rendered":"<p><a href=\"https:\/\/wa.me\/553136461063\" target=\"_blank\" rel=\"noopener\" aria-label=\"Chat on WhatsApp\"><br \/>\n<button>Loca\u00e7\u00e3o<\/button><\/a>\u00a0 \u00a0<a href=\"https:\/\/wa.me\/553136461063\" target=\"_blank\" rel=\"noopener\" aria-label=\"Chat on WhatsApp\"><img decoding=\"async\" class=\"alignnone wp-image-1398\" src=\"https:\/\/locababyekids.com.br\/sn\/wp-content\/uploads\/2024\/06\/whatsapp-297x300.png\" alt=\"\" width=\"33\" height=\"33\" \/><\/a><\/p>\n","protected":false},"featured_media":1572,"comment_status":"open","ping_status":"closed","template":"","meta":{"_joinchat":[]},"product_cat":[289,159],"product_tag":[285],"class_list":{"0":"post-1571","1":"product","2":"type-product","3":"status-publish","6":"product_cat-aluguel-de-carrinho-de-bebe","7":"product_cat-carrinho-de-bebe","8":"product_tag-locacao","10":"first","11":"instock","12":"taxable","13":"shipping-taxable","14":"product-type-simple"},"_links":{"self":[{"href":"https:\/\/locababyekids.com.br\/sn\/wp-json\/wp\/v2\/product\/1571"}],"collection":[{"href":"https:\/\/locababyekids.com.br\/sn\/wp-json\/wp\/v2\/product"}],"about":[{"href":"https:\/\/locababyekids.com.br\/sn\/wp-json\/wp\/v2\/types\/product"}],"replies":[{"embeddable":true,"href":"https:\/\/locababyekids.com.br\/sn\/wp-json\/wp\/v2\/comments?post=1571"}],"version-history":[{"count":1,"href":"https:\/\/locababyekids.com.br\/sn\/wp-json\/wp\/v2\/product\/1571\/revisions"}],"predecessor-version":[{"id":2965,"href":"https:\/\/locababyekids.com.br\/sn\/wp-json\/wp\/v2\/product\/1571\/revisions\/2965"}],"wp:featuredmedia":[{"embeddable":true,"href":"https:\/\/locababyekids.com.br\/sn\/wp-json\/wp\/v2\/media\/1572"}],"wp:attachment":[{"href":"https:\/\/locababyekids.com.br\/sn\/wp-json\/wp\/v2\/media?parent=1571"}],"wp:term":[{"taxonomy":"product_cat","embeddable":true,"href":"https:\/\/locababyekids.com.br\/sn\/wp-json\/wp\/v2\/product_cat?post=1571"},{"taxonomy":"product_tag","embeddable":true,"href":"https:\/\/locababyekids.com.br\/sn\/wp-json\/wp\/v2\/product_tag?post=1571"}],"curies":[{"name":"wp","href":"https:\/\/api.w.org\/{rel}","templated":true}]}}