{"id":1577,"date":"2024-06-23T17:46:09","date_gmt":"2024-06-23T20:46:09","guid":{"rendered":"https:\/\/locababyekids.com.br\/sn\/?post_type=product&#038;p=1577"},"modified":"2025-05-27T16:52:32","modified_gmt":"2025-05-27T19:52:32","slug":"carrinho-travel-system-evolution-color-baby","status":"publish","type":"product","link":"https:\/\/locababyekids.com.br\/sn\/product\/carrinho-travel-system-evolution-color-baby\/","title":{"rendered":"Carrinho Travel System Evolution Color Baby"},"content":{"rendered":"<p>Carrinho Travel System Evolution da Color Baby, \u00e9 um carrinho 3 em 1 super completo e diferenciado para beb\u00eas rec\u00e9m-nascidos de at\u00e9 15kg. Ele tem 3 modos, beb\u00ea conforto, carrinho de beb\u00ea e mois\u00e9s, tudo super moderno com um design \u00fanico e o sistema de tr\u00eas rodas.<br \/>\nNo modo mois\u00e9s encaixe nas laterais do carrinho, voc\u00ea ver\u00e1 que o carrinho mois\u00e9s \u00e9 super espa\u00e7oso e confort\u00e1vel, ele pode ser usados a partir de rec\u00e9m nascidos e al\u00e9m de servir como ber\u00e7o e ser colocado do lado da cama. O ber\u00e7o mois\u00e9s possui v\u00e1rios \u00e2ngulos de inclina\u00e7\u00e3o anti-refluxo e a capota do mois\u00e9s \u00e9 tamb\u00e9m reclin\u00e1vel e voc\u00ea possui a op\u00e7\u00e3o de remov\u00ea-lo atrav\u00e9s do z\u00edper e das presilhas laterais e ajust\u00e1-lo conforme a posi\u00e7\u00e3o do sol.<br \/>\nEste carrinho \u00e9 destinado para crian\u00e7as a partir de 0 meses e com peso de at\u00e9 15Kg.<br \/>\nToda sua estrutura \u00e9 de alum\u00ednio pesando menos de 14Kg.<\/p>\n<p><span style=\"color: #808080; font-size: 12px;\">Medida aproximadas da caixa: <\/span><span style=\"color: #808080; font-size: 12px;\">50 cm (A) x 51 cm (L) X 94 cm (C).<\/span><\/p>\n","protected":false},"excerpt":{"rendered":"<p><a href=\"https:\/\/wa.me\/553136461063\" target=\"_blank\" rel=\"noopener\" aria-label=\"Chat on WhatsApp\"><br \/>\n<button>Loca\u00e7\u00e3o<\/button><\/a>\u00a0 \u00a0<a href=\"https:\/\/wa.me\/553136461063\" target=\"_blank\" rel=\"noopener\" aria-label=\"Chat on WhatsApp\"><img decoding=\"async\" class=\"alignnone wp-image-1398\" src=\"https:\/\/locababyekids.com.br\/sn\/wp-content\/uploads\/2024\/06\/whatsapp-297x300.png\" alt=\"\" width=\"33\" height=\"33\" \/><\/a><\/p>\n","protected":false},"featured_media":1580,"comment_status":"open","ping_status":"closed","template":"","meta":{"_joinchat":[]},"product_cat":[289,159],"product_tag":[285],"class_list":{"0":"post-1577","1":"product","2":"type-product","3":"status-publish","6":"product_cat-aluguel-de-carrinho-de-bebe","7":"product_cat-carrinho-de-bebe","8":"product_tag-locacao","10":"first","11":"instock","12":"taxable","13":"shipping-taxable","14":"product-type-simple"},"_links":{"self":[{"href":"https:\/\/locababyekids.com.br\/sn\/wp-json\/wp\/v2\/product\/1577"}],"collection":[{"href":"https:\/\/locababyekids.com.br\/sn\/wp-json\/wp\/v2\/product"}],"about":[{"href":"https:\/\/locababyekids.com.br\/sn\/wp-json\/wp\/v2\/types\/product"}],"replies":[{"embeddable":true,"href":"https:\/\/locababyekids.com.br\/sn\/wp-json\/wp\/v2\/comments?post=1577"}],"version-history":[{"count":1,"href":"https:\/\/locababyekids.com.br\/sn\/wp-json\/wp\/v2\/product\/1577\/revisions"}],"predecessor-version":[{"id":2964,"href":"https:\/\/locababyekids.com.br\/sn\/wp-json\/wp\/v2\/product\/1577\/revisions\/2964"}],"wp:featuredmedia":[{"embeddable":true,"href":"https:\/\/locababyekids.com.br\/sn\/wp-json\/wp\/v2\/media\/1580"}],"wp:attachment":[{"href":"https:\/\/locababyekids.com.br\/sn\/wp-json\/wp\/v2\/media?parent=1577"}],"wp:term":[{"taxonomy":"product_cat","embeddable":true,"href":"https:\/\/locababyekids.com.br\/sn\/wp-json\/wp\/v2\/product_cat?post=1577"},{"taxonomy":"product_tag","embeddable":true,"href":"https:\/\/locababyekids.com.br\/sn\/wp-json\/wp\/v2\/product_tag?post=1577"}],"curies":[{"name":"wp","href":"https:\/\/api.w.org\/{rel}","templated":true}]}}