{"id":1581,"date":"2024-06-23T18:26:00","date_gmt":"2024-06-23T21:26:00","guid":{"rendered":"https:\/\/locababyekids.com.br\/sn\/?post_type=product&#038;p=1581"},"modified":"2025-05-27T16:52:32","modified_gmt":"2025-05-27T19:52:32","slug":"carrinho-de-passeio-e-corrida-ridge","status":"publish","type":"product","link":"https:\/\/locababyekids.com.br\/sn\/product\/carrinho-de-passeio-e-corrida-ridge\/","title":{"rendered":"Carrinho de Passeio e Corrida Ridge"},"content":{"rendered":"<p>Se voc\u00ea \u00e9 um corredor, andador ou simplesmente gosta de explorar o ar livre, o Ridge \u00e9 otimizado para desempenho para mant\u00ea-lo ativo como uma fam\u00edlia.<br \/>\nSuspens\u00e3o responsiva avan\u00e7ada com um sistema patenteado de dois est\u00e1gios oferece um passeio confort\u00e1vel, n\u00e3o importa o peso ou o terreno da crian\u00e7a.<br \/>\nPneus preenchidos com espuma EVA de 30,5 x 40,6 cm, elimina a necessidade de carregar uma bomba de ar.<br \/>\nSistema de freio manual de disco fornece resposta avan\u00e7ada ao descer ou superf\u00edcies irregulares.<br \/>\nRoda dianteira girat\u00f3ria com trava e rastreador ajust\u00e1vel para modo de corrida.<br \/>\nDobra com uma m\u00e3o. Toldo ajust\u00e1vel GG com um protetor solar FPS 50+ com z\u00edper para mais prote\u00e7\u00e3o solar.<br \/>\nMultiposi\u00e7\u00e3o, reclina\u00e7\u00e3o de tela com janela de visualiza\u00e7\u00e3o de tela e aba da tampa.<br \/>\nSuporte de garrafa de \u00e1gua inclu\u00eddo.<br \/>\nCesta de armazenamento coberta com bolsos embutidos e suporte adicional para garrafa, comporta at\u00e9 9 kg.<br \/>\nAssento acolchoado profundo para o m\u00e1ximo de conforto com bolsos laterais de armazenamento para pequenos itens.<\/p>\n<p><span style=\"color: #808080; font-size: 12px;\">Dimens\u00f5es do produto: <\/span><span style=\"color: #808080; font-size: 12px;\">104 cm (A) x 101 cm (C).<br \/>\nPeso: 33,84kg<\/span><\/p>\n","protected":false},"excerpt":{"rendered":"<p><a href=\"https:\/\/wa.me\/553136461063\" target=\"_blank\" rel=\"noopener\" aria-label=\"Chat on WhatsApp\"><br \/>\n<button>Loca\u00e7\u00e3o<\/button><\/a>\u00a0 \u00a0<a href=\"https:\/\/wa.me\/553136461063\" target=\"_blank\" rel=\"noopener\" aria-label=\"Chat on WhatsApp\"><img decoding=\"async\" class=\"alignnone wp-image-1398\" src=\"https:\/\/locababyekids.com.br\/sn\/wp-content\/uploads\/2024\/06\/whatsapp-297x300.png\" alt=\"\" width=\"33\" height=\"33\" \/><\/a><\/p>\n","protected":false},"featured_media":1587,"comment_status":"open","ping_status":"closed","template":"","meta":{"_joinchat":[]},"product_cat":[289,159],"product_tag":[285],"class_list":{"0":"post-1581","1":"product","2":"type-product","3":"status-publish","6":"product_cat-aluguel-de-carrinho-de-bebe","7":"product_cat-carrinho-de-bebe","8":"product_tag-locacao","10":"first","11":"instock","12":"taxable","13":"shipping-taxable","14":"product-type-simple"},"_links":{"self":[{"href":"https:\/\/locababyekids.com.br\/sn\/wp-json\/wp\/v2\/product\/1581"}],"collection":[{"href":"https:\/\/locababyekids.com.br\/sn\/wp-json\/wp\/v2\/product"}],"about":[{"href":"https:\/\/locababyekids.com.br\/sn\/wp-json\/wp\/v2\/types\/product"}],"replies":[{"embeddable":true,"href":"https:\/\/locababyekids.com.br\/sn\/wp-json\/wp\/v2\/comments?post=1581"}],"version-history":[{"count":1,"href":"https:\/\/locababyekids.com.br\/sn\/wp-json\/wp\/v2\/product\/1581\/revisions"}],"predecessor-version":[{"id":2963,"href":"https:\/\/locababyekids.com.br\/sn\/wp-json\/wp\/v2\/product\/1581\/revisions\/2963"}],"wp:featuredmedia":[{"embeddable":true,"href":"https:\/\/locababyekids.com.br\/sn\/wp-json\/wp\/v2\/media\/1587"}],"wp:attachment":[{"href":"https:\/\/locababyekids.com.br\/sn\/wp-json\/wp\/v2\/media?parent=1581"}],"wp:term":[{"taxonomy":"product_cat","embeddable":true,"href":"https:\/\/locababyekids.com.br\/sn\/wp-json\/wp\/v2\/product_cat?post=1581"},{"taxonomy":"product_tag","embeddable":true,"href":"https:\/\/locababyekids.com.br\/sn\/wp-json\/wp\/v2\/product_tag?post=1581"}],"curies":[{"name":"wp","href":"https:\/\/api.w.org\/{rel}","templated":true}]}}