{"id":1608,"date":"2024-06-23T22:57:21","date_gmt":"2024-06-24T01:57:21","guid":{"rendered":"https:\/\/locababyekids.com.br\/sn\/?post_type=product&#038;p=1608"},"modified":"2024-06-23T23:20:44","modified_gmt":"2024-06-24T02:20:44","slug":"canguru-carregador-de-passeio-preto-do-bebe-2-em-1-clean","status":"publish","type":"product","link":"https:\/\/locababyekids.com.br\/sn\/product\/canguru-carregador-de-passeio-preto-do-bebe-2-em-1-clean\/","title":{"rendered":"Canguru Carregador de Passeio Preto do Beb\u00ea 2 Em 1 Clean"},"content":{"rendered":"<p>Pode-se colocar o beb\u00ea na frente ou nas costas. O Carregador distribui melhor o peso do beb\u00ea em seu corpo: m\u00e3o, ombro, costa e cintura, evitando dores ao carreg\u00e1-lo; Al\u00e9m de assegurar maior seguran\u00e7a ao beb\u00ea.<\/p>\n<p><span style=\"color: #808080; font-size: 12px;\">Peso m\u00ednimo suportado &#8211; Peso m\u00e1ximo suportado:\u00a0 3 kg &#8211; 12 kg.<br \/>\nMaterial: Poli\u00e9ster e algod\u00e3o.<br \/>\nDimens\u00f5es do produto: 26 cm (A) x 18 cm (L) x 24 cm (C).<\/span><br \/>\n<span style=\"color: #808080; font-size: 12px;\">Peso: 0,544 Kg.<\/span><\/p>\n","protected":false},"excerpt":{"rendered":"<p>Pode-se colocar o beb\u00ea na frente ou nas costas. O Carregador distribui melhor o peso do beb\u00ea em seu corpo: m\u00e3o, ombro, costa e cintura, evitando dores ao carreg\u00e1-lo; Al\u00e9m<\/p>\n","protected":false},"featured_media":1609,"comment_status":"open","ping_status":"closed","template":"","meta":{"_joinchat":[]},"product_cat":[161],"product_tag":[],"class_list":{"0":"post-1608","1":"product","2":"type-product","3":"status-publish","6":"product_cat-canguru","8":"first","9":"instock","10":"taxable","11":"shipping-taxable","12":"purchasable","13":"product-type-simple"},"_links":{"self":[{"href":"https:\/\/locababyekids.com.br\/sn\/wp-json\/wp\/v2\/product\/1608"}],"collection":[{"href":"https:\/\/locababyekids.com.br\/sn\/wp-json\/wp\/v2\/product"}],"about":[{"href":"https:\/\/locababyekids.com.br\/sn\/wp-json\/wp\/v2\/types\/product"}],"replies":[{"embeddable":true,"href":"https:\/\/locababyekids.com.br\/sn\/wp-json\/wp\/v2\/comments?post=1608"}],"version-history":[{"count":0,"href":"https:\/\/locababyekids.com.br\/sn\/wp-json\/wp\/v2\/product\/1608\/revisions"}],"wp:featuredmedia":[{"embeddable":true,"href":"https:\/\/locababyekids.com.br\/sn\/wp-json\/wp\/v2\/media\/1609"}],"wp:attachment":[{"href":"https:\/\/locababyekids.com.br\/sn\/wp-json\/wp\/v2\/media?parent=1608"}],"wp:term":[{"taxonomy":"product_cat","embeddable":true,"href":"https:\/\/locababyekids.com.br\/sn\/wp-json\/wp\/v2\/product_cat?post=1608"},{"taxonomy":"product_tag","embeddable":true,"href":"https:\/\/locababyekids.com.br\/sn\/wp-json\/wp\/v2\/product_tag?post=1608"}],"curies":[{"name":"wp","href":"https:\/\/api.w.org\/{rel}","templated":true}]}}