{"id":1614,"date":"2024-06-24T22:37:28","date_gmt":"2024-06-25T01:37:28","guid":{"rendered":"https:\/\/locababyekids.com.br\/sn\/?post_type=product&#038;p=1614"},"modified":"2025-05-27T16:51:24","modified_gmt":"2025-05-27T19:51:24","slug":"cadeira-de-balanco-mamaroo-4moms","status":"publish","type":"product","link":"https:\/\/locababyekids.com.br\/sn\/product\/cadeira-de-balanco-mamaroo-4moms\/","title":{"rendered":"Cadeira De Balan\u00e7o Mamaroo 4MOMS"},"content":{"rendered":"<p>O MamaRoo\u00ae Multi-Motion Baby \u00e9 a cadeira musical para beb\u00eas que apresenta m\u00faltiplos movimentos inspirados em voc\u00eas. O MamaRoo se tornar\u00e1 parte do sistema de apoio da sua fam\u00edlia para manter o beb\u00ea feliz, mesmo quando n\u00e3o pode estar em seus bra\u00e7os. Combine cinco movimentos exclusivos, cinco velocidades e quatro sons para personalizar cada passeio de acordo com as necessidades e prefer\u00eancias em constante mudan\u00e7a do seu beb\u00ea \u00e0 medida que cresce. Recursos de casa inteligente, como compatibilidade com Bluetooth e controle por voz com a Amazon Alexa e o Google Home, permitem que o MamaRoo se integre perfeitamente \u00e0s casas e ofere\u00e7a uma solu\u00e7\u00e3o verdadeiramente adapt\u00e1vel e sem esfor\u00e7o para divertir seu beb\u00ea. A 4moms \u00e9 uma empresa apaixonada pelo que faz e cuida das pessoas com prioridade. Sua miss\u00e3o est\u00e1 ligada ao desenvolvimento de produtos de qualidade para que as crian\u00e7as possam descobrir e brincar em produtos seguros.<\/p>\n<p><span style=\"color: #808080; font-size: 12px;\">Idade recomendada: 0 &#8211; 9 meses.<br \/>\nDimens\u00f5es do produto \u00a060 x 60 x 90 cm.<\/span><br \/>\n<span style=\"color: #808080; font-size: 12px;\">Peso: 8 Kg.<\/span><\/p>\n","protected":false},"excerpt":{"rendered":"<p><a href=\"https:\/\/wa.me\/553136461063\" target=\"_blank\" rel=\"noopener\" aria-label=\"Chat on WhatsApp\"><br \/>\n<button>Loca\u00e7\u00e3o<\/button><\/a>\u00a0 \u00a0<a href=\"https:\/\/wa.me\/553136461063\" target=\"_blank\" rel=\"noopener\" aria-label=\"Chat on WhatsApp\"><img decoding=\"async\" class=\"alignnone wp-image-1398\" src=\"https:\/\/locababyekids.com.br\/sn\/wp-content\/uploads\/2024\/06\/whatsapp-297x300.png\" alt=\"\" width=\"33\" height=\"33\" \/><\/a><\/p>\n","protected":false},"featured_media":1681,"comment_status":"open","ping_status":"closed","template":"","meta":{"_joinchat":[]},"product_cat":[293,216],"product_tag":[285],"class_list":{"0":"post-1614","1":"product","2":"type-product","3":"status-publish","6":"product_cat-aluguel-de-cadeirinha-de-balanco","7":"product_cat-cadeirinha-de-balanco","8":"product_tag-locacao","10":"first","11":"instock","12":"taxable","13":"shipping-taxable","14":"product-type-simple"},"_links":{"self":[{"href":"https:\/\/locababyekids.com.br\/sn\/wp-json\/wp\/v2\/product\/1614"}],"collection":[{"href":"https:\/\/locababyekids.com.br\/sn\/wp-json\/wp\/v2\/product"}],"about":[{"href":"https:\/\/locababyekids.com.br\/sn\/wp-json\/wp\/v2\/types\/product"}],"replies":[{"embeddable":true,"href":"https:\/\/locababyekids.com.br\/sn\/wp-json\/wp\/v2\/comments?post=1614"}],"version-history":[{"count":1,"href":"https:\/\/locababyekids.com.br\/sn\/wp-json\/wp\/v2\/product\/1614\/revisions"}],"predecessor-version":[{"id":2962,"href":"https:\/\/locababyekids.com.br\/sn\/wp-json\/wp\/v2\/product\/1614\/revisions\/2962"}],"wp:featuredmedia":[{"embeddable":true,"href":"https:\/\/locababyekids.com.br\/sn\/wp-json\/wp\/v2\/media\/1681"}],"wp:attachment":[{"href":"https:\/\/locababyekids.com.br\/sn\/wp-json\/wp\/v2\/media?parent=1614"}],"wp:term":[{"taxonomy":"product_cat","embeddable":true,"href":"https:\/\/locababyekids.com.br\/sn\/wp-json\/wp\/v2\/product_cat?post=1614"},{"taxonomy":"product_tag","embeddable":true,"href":"https:\/\/locababyekids.com.br\/sn\/wp-json\/wp\/v2\/product_tag?post=1614"}],"curies":[{"name":"wp","href":"https:\/\/api.w.org\/{rel}","templated":true}]}}