{"id":1683,"date":"2024-06-25T23:04:04","date_gmt":"2024-06-26T02:04:04","guid":{"rendered":"https:\/\/locababyekids.com.br\/sn\/?post_type=product&#038;p=1683"},"modified":"2025-05-27T16:51:24","modified_gmt":"2025-05-27T19:51:24","slug":"cadeirinha-de-balanco-mastela-techno-verde-estampada-cinza-verde","status":"publish","type":"product","link":"https:\/\/locababyekids.com.br\/sn\/product\/cadeirinha-de-balanco-mastela-techno-verde-estampada-cinza-verde\/","title":{"rendered":"Cadeirinha de balan\u00e7o Mastela Techno Verde Estampada Cinza Verde"},"content":{"rendered":"<p>Cadeira de Descanso Autom\u00e1tica Techno Verde Premium \u00e9 a solu\u00e7\u00e3o completa para o bem-estar do seu beb\u00ea, combinando conforto, seguran\u00e7a e funcionalidades modernas. Adquira j\u00e1 a sua e proporcione momentos especiais de descanso e divers\u00e3o para o seu pequeno. Aproveite a entrega r\u00e1pida e segura diretamente no conforto da sua casa!<br \/>\nVoc\u00ea vai poder usar a cadeirinha para Descanso da Mastela Techno na sala, na cozinha, no quarto, no quintal&#8230; onde voc\u00ea quiser levar o seu beb\u00ea mesmo quando estiver sozinho(a). Ela \u00e9 f\u00e1cil de transportar e tamb\u00e9m \u00e9 uma cadeirinha bem compacta, que n\u00e3o vai ocupar todo o espa\u00e7o da sua casa&#8230; ela! Ela tem 3 velocidades de balan\u00e7o, com movimentos que simulam o colo da mam\u00e3e. Ah&#8230; e voc\u00ea pode controlar os movimentos desta incr\u00edvel cadeirinha atrav\u00e9s de um controle remoto!<\/p>\n<p><span style=\"color: #808080; font-size: 12px;\">Capacidade M\u00e1xima: 18 kg.<br \/>\nTimer: 15, 30 ou 45 minutos.<br \/>\nCinto de Seguran\u00e7a: 5 pontos ajust\u00e1vel para a seguran\u00e7a do beb\u00ea.<br \/>\n<\/span><span style=\"color: #808080; font-size: 12px;\">Dimens\u00f5es do produto \u00a060 cm x 18 cm x 37 cm.<\/span><br \/>\n<span style=\"color: #808080; font-size: 12px;\">Peso: 5,8 Kg.<\/span><\/p>\n","protected":false},"excerpt":{"rendered":"<p><a href=\"https:\/\/wa.me\/553136461063\" target=\"_blank\" rel=\"noopener\" aria-label=\"Chat on WhatsApp\"><br \/>\n<button>Loca\u00e7\u00e3o<\/button><\/a>\u00a0 \u00a0<a href=\"https:\/\/wa.me\/553136461063\" target=\"_blank\" rel=\"noopener\" aria-label=\"Chat on WhatsApp\"><img decoding=\"async\" class=\"alignnone wp-image-1398\" src=\"https:\/\/locababyekids.com.br\/sn\/wp-content\/uploads\/2024\/06\/whatsapp-297x300.png\" alt=\"\" width=\"33\" height=\"33\" \/><\/a><\/p>\n","protected":false},"featured_media":1684,"comment_status":"open","ping_status":"closed","template":"","meta":{"_joinchat":[]},"product_cat":[293,216],"product_tag":[285],"class_list":{"0":"post-1683","1":"product","2":"type-product","3":"status-publish","6":"product_cat-aluguel-de-cadeirinha-de-balanco","7":"product_cat-cadeirinha-de-balanco","8":"product_tag-locacao","10":"first","11":"instock","12":"taxable","13":"shipping-taxable","14":"product-type-simple"},"_links":{"self":[{"href":"https:\/\/locababyekids.com.br\/sn\/wp-json\/wp\/v2\/product\/1683"}],"collection":[{"href":"https:\/\/locababyekids.com.br\/sn\/wp-json\/wp\/v2\/product"}],"about":[{"href":"https:\/\/locababyekids.com.br\/sn\/wp-json\/wp\/v2\/types\/product"}],"replies":[{"embeddable":true,"href":"https:\/\/locababyekids.com.br\/sn\/wp-json\/wp\/v2\/comments?post=1683"}],"version-history":[{"count":1,"href":"https:\/\/locababyekids.com.br\/sn\/wp-json\/wp\/v2\/product\/1683\/revisions"}],"predecessor-version":[{"id":2961,"href":"https:\/\/locababyekids.com.br\/sn\/wp-json\/wp\/v2\/product\/1683\/revisions\/2961"}],"wp:featuredmedia":[{"embeddable":true,"href":"https:\/\/locababyekids.com.br\/sn\/wp-json\/wp\/v2\/media\/1684"}],"wp:attachment":[{"href":"https:\/\/locababyekids.com.br\/sn\/wp-json\/wp\/v2\/media?parent=1683"}],"wp:term":[{"taxonomy":"product_cat","embeddable":true,"href":"https:\/\/locababyekids.com.br\/sn\/wp-json\/wp\/v2\/product_cat?post=1683"},{"taxonomy":"product_tag","embeddable":true,"href":"https:\/\/locababyekids.com.br\/sn\/wp-json\/wp\/v2\/product_tag?post=1683"}],"curies":[{"name":"wp","href":"https:\/\/api.w.org\/{rel}","templated":true}]}}