{"id":1722,"date":"2024-06-26T22:48:20","date_gmt":"2024-06-27T01:48:20","guid":{"rendered":"https:\/\/locababyekids.com.br\/sn\/?post_type=product&#038;p=1722"},"modified":"2025-05-27T16:52:06","modified_gmt":"2025-05-27T19:52:06","slug":"andador-safari-ii-azul-tutti-baby","status":"publish","type":"product","link":"https:\/\/locababyekids.com.br\/sn\/product\/andador-safari-ii-azul-tutti-baby\/","title":{"rendered":"Andador Safari II AzuL &#8211; Tutti Baby"},"content":{"rendered":"<p>O Andador Safari II foi desenvolvido para ajudar o beb\u00ea a dar seus primeiros passinhos com muita divers\u00e3o. Este produto \u00e9 indicado somente para crian\u00e7as que j\u00e1 consigam permanecer sentadas sem aux\u00edlio, a partir de aproximadamente 6 meses de idade.<\/p>\n<p><span style=\"color: #808080; font-size: 12px;\">Idade recomendada: 6 &#8211; 12 meses.<br \/>\n<\/span><span style=\"color: #808080; font-size: 12px;\">Dimens\u00f5es do produto \u00a070 cm x 61 cm x 24 cm.<\/span><br \/>\n<span style=\"color: #808080; font-size: 12px;\">Peso: 2,8 Kg.<\/span><\/p>\n<p><a href=\"https:\/\/wa.me\/553136461063\" target=\"_blank\" rel=\"noopener\" aria-label=\"Chat on WhatsApp\"><br \/>\n<button>Loca\u00e7\u00e3o<\/button><\/a>\u00a0 \u00a0<a href=\"https:\/\/wa.me\/553136461063\" target=\"_blank\" rel=\"noopener\" aria-label=\"Chat on WhatsApp\"><img decoding=\"async\" class=\"alignnone wp-image-1398\" src=\"https:\/\/locababyekids.com.br\/sn\/wp-content\/uploads\/2024\/06\/whatsapp-297x300.png\" alt=\"\" width=\"33\" height=\"33\" \/><\/a><\/p>\n","protected":false},"excerpt":{"rendered":"<p>O Andador Safari II foi desenvolvido para ajudar o beb\u00ea a dar seus primeiros passinhos com muita divers\u00e3o. Este produto \u00e9 indicado somente para crian\u00e7as que j\u00e1 consigam permanecer sentadas<\/p>\n","protected":false},"featured_media":1723,"comment_status":"open","ping_status":"closed","template":"","meta":{"_joinchat":[]},"product_cat":[294,222],"product_tag":[285],"class_list":{"0":"post-1722","1":"product","2":"type-product","3":"status-publish","6":"product_cat-aluguel-de-andador","7":"product_cat-andador-infantil","8":"product_tag-locacao","10":"first","11":"instock","12":"taxable","13":"shipping-taxable","14":"purchasable","15":"product-type-simple"},"_links":{"self":[{"href":"https:\/\/locababyekids.com.br\/sn\/wp-json\/wp\/v2\/product\/1722"}],"collection":[{"href":"https:\/\/locababyekids.com.br\/sn\/wp-json\/wp\/v2\/product"}],"about":[{"href":"https:\/\/locababyekids.com.br\/sn\/wp-json\/wp\/v2\/types\/product"}],"replies":[{"embeddable":true,"href":"https:\/\/locababyekids.com.br\/sn\/wp-json\/wp\/v2\/comments?post=1722"}],"version-history":[{"count":1,"href":"https:\/\/locababyekids.com.br\/sn\/wp-json\/wp\/v2\/product\/1722\/revisions"}],"predecessor-version":[{"id":2960,"href":"https:\/\/locababyekids.com.br\/sn\/wp-json\/wp\/v2\/product\/1722\/revisions\/2960"}],"wp:featuredmedia":[{"embeddable":true,"href":"https:\/\/locababyekids.com.br\/sn\/wp-json\/wp\/v2\/media\/1723"}],"wp:attachment":[{"href":"https:\/\/locababyekids.com.br\/sn\/wp-json\/wp\/v2\/media?parent=1722"}],"wp:term":[{"taxonomy":"product_cat","embeddable":true,"href":"https:\/\/locababyekids.com.br\/sn\/wp-json\/wp\/v2\/product_cat?post=1722"},{"taxonomy":"product_tag","embeddable":true,"href":"https:\/\/locababyekids.com.br\/sn\/wp-json\/wp\/v2\/product_tag?post=1722"}],"curies":[{"name":"wp","href":"https:\/\/api.w.org\/{rel}","templated":true}]}}