{"id":1785,"date":"2024-06-27T22:07:44","date_gmt":"2024-06-28T01:07:44","guid":{"rendered":"https:\/\/locababyekids.com.br\/sn\/?post_type=product&#038;p=1785"},"modified":"2025-05-27T16:51:24","modified_gmt":"2025-05-27T19:51:24","slug":"cadeirinha-snack-azul-color-baby","status":"publish","type":"product","link":"https:\/\/locababyekids.com.br\/sn\/product\/cadeirinha-snack-azul-color-baby\/","title":{"rendered":"Cadeirinha Snack Azul Color Baby"},"content":{"rendered":"<p>Como sabemos, os nossos pequenos t\u00eam que ter o melhor. Por isso, com a cadeira de balan\u00e7o Color Baby Snack eles v\u00e3o encher a casa de sorrisos e felicidade. Este produto ir\u00e1 acompanh\u00e1-los na grande aventura de descobrir o mundo, dando-lhes conforto na sua vida di\u00e1ria.<br \/>\nComo sabemos, os nossos pequenos t\u00eam que ter o melhor. Por isso, com a cadeira de balan\u00e7o Color Baby Snack eles v\u00e3o encher a casa de sorrisos e felicidade. Este produto ir\u00e1 acompanh\u00e1-los na grande aventura de descobrir o mundo, dando-lhes conforto na sua vida di\u00e1ria. A cadeira possui 2 pontos de inclina\u00e7\u00e3o. O mecanismo de mudar as posi\u00e7\u00f5es e inclina\u00e7\u00f5es \u00e9 super simples.<\/p>\n<p><span style=\"color: #808080; font-size: 12px;\">Modo Balan\u00e7o (suporta at\u00e9 10kg).<br \/>\nModo Descanso (suporta at\u00e9 20kg).<br \/>\nModo Alimenta\u00e7\u00e3o (com a bandeja).<br \/>\n<\/span><span style=\"color: #808080; font-size: 12px;\">Dimens\u00f5es do produto \u00a060 cm (C) x 48 cm (L) x 62 cm (A).<\/span><br \/>\n<span style=\"color: #808080; font-size: 12px;\">Peso: 3 Kg.<\/span><\/p>\n<p><a href=\"https:\/\/wa.me\/553136461063\" target=\"_blank\" rel=\"noopener\" aria-label=\"Chat on WhatsApp\"><br \/>\n<button>Loca\u00e7\u00e3o<\/button><\/a>\u00a0 \u00a0<a href=\"https:\/\/wa.me\/553136461063\" target=\"_blank\" rel=\"noopener\" aria-label=\"Chat on WhatsApp\"><img decoding=\"async\" class=\"alignnone wp-image-1398\" src=\"https:\/\/locababyekids.com.br\/sn\/wp-content\/uploads\/2024\/06\/whatsapp-297x300.png\" alt=\"\" width=\"33\" height=\"33\" \/><\/a><\/p>\n","protected":false},"excerpt":{"rendered":"<p><a href=\"https:\/\/wa.me\/553136461063\" target=\"_blank\" rel=\"noopener\" aria-label=\"Chat on WhatsApp\"><button>Loca\u00e7\u00e3o<\/button><\/a><\/p>\n","protected":false},"featured_media":1780,"comment_status":"open","ping_status":"closed","template":"","meta":{"_joinchat":[]},"product_cat":[293,216],"product_tag":[285],"class_list":{"0":"post-1785","1":"product","2":"type-product","3":"status-publish","6":"product_cat-aluguel-de-cadeirinha-de-balanco","7":"product_cat-cadeirinha-de-balanco","8":"product_tag-locacao","10":"first","11":"instock","12":"taxable","13":"shipping-taxable","14":"purchasable","15":"product-type-simple"},"_links":{"self":[{"href":"https:\/\/locababyekids.com.br\/sn\/wp-json\/wp\/v2\/product\/1785"}],"collection":[{"href":"https:\/\/locababyekids.com.br\/sn\/wp-json\/wp\/v2\/product"}],"about":[{"href":"https:\/\/locababyekids.com.br\/sn\/wp-json\/wp\/v2\/types\/product"}],"replies":[{"embeddable":true,"href":"https:\/\/locababyekids.com.br\/sn\/wp-json\/wp\/v2\/comments?post=1785"}],"version-history":[{"count":4,"href":"https:\/\/locababyekids.com.br\/sn\/wp-json\/wp\/v2\/product\/1785\/revisions"}],"predecessor-version":[{"id":3058,"href":"https:\/\/locababyekids.com.br\/sn\/wp-json\/wp\/v2\/product\/1785\/revisions\/3058"}],"wp:featuredmedia":[{"embeddable":true,"href":"https:\/\/locababyekids.com.br\/sn\/wp-json\/wp\/v2\/media\/1780"}],"wp:attachment":[{"href":"https:\/\/locababyekids.com.br\/sn\/wp-json\/wp\/v2\/media?parent=1785"}],"wp:term":[{"taxonomy":"product_cat","embeddable":true,"href":"https:\/\/locababyekids.com.br\/sn\/wp-json\/wp\/v2\/product_cat?post=1785"},{"taxonomy":"product_tag","embeddable":true,"href":"https:\/\/locababyekids.com.br\/sn\/wp-json\/wp\/v2\/product_tag?post=1785"}],"curies":[{"name":"wp","href":"https:\/\/api.w.org\/{rel}","templated":true}]}}