{"id":1787,"date":"2024-06-27T22:11:53","date_gmt":"2024-06-28T01:11:53","guid":{"rendered":"https:\/\/locababyekids.com.br\/sn\/?post_type=product&#038;p=1787"},"modified":"2024-06-27T22:33:15","modified_gmt":"2024-06-28T01:33:15","slug":"cadeira-de-balanco-musical-vibratoria-soft-ballagio-rosa-color-baby","status":"publish","type":"product","link":"https:\/\/locababyekids.com.br\/sn\/product\/cadeira-de-balanco-musical-vibratoria-soft-ballagio-rosa-color-baby\/","title":{"rendered":"Cadeira De Balan\u00e7o Musical Vibrat\u00f3ria Soft Ballagio &#8211; Rosa &#8211; Color Baby"},"content":{"rendered":"<p>Indicado para beb\u00eas de 0 at\u00e9 1 ano de idade (at\u00e9 9Kg).<br \/>\nA Cadeira Soft Ballagio musical vibrat\u00f3ria para descanso da Color Baby possui a fun\u00e7\u00e3o de descanso. Possui dois m\u00f3biles interativos que auxilia na percep\u00e7\u00e3o visual e coordena\u00e7\u00e3o das crian\u00e7as, barra de brinquedo remov\u00edvel, cinto de seguran\u00e7a de tr\u00eas pontos ajust\u00e1vel, fun\u00e7\u00e3o musical e caixa vibrat\u00f3ria que emite vibra\u00e7\u00f5es que ajudam o beb\u00ea a se acalmar e a adormecer. O forro pode ser retirado e lav\u00e1vel, suporta at\u00e9 9kg.<\/p>\n<p><span style=\"color: #808080; font-size: 12px;\">Dimens\u00f5es do produto: \u200e20 cm x 43 cm x 20 cm.<br \/>\nDimens\u00f5es do pacote: 49.6 cm x 35.5 cm x 8.6 cm.<\/span><br \/>\n<span style=\"color: #808080; font-size: 12px;\">Peso: 3 Kg.<\/span><\/p>\n","protected":false},"excerpt":{"rendered":"<p>Indicado para beb\u00eas de 0 at\u00e9 1 ano de idade (at\u00e9 9Kg). A Cadeira Soft Ballagio musical vibrat\u00f3ria para descanso da Color Baby possui a fun\u00e7\u00e3o de descanso. Possui dois<\/p>\n","protected":false},"featured_media":1790,"comment_status":"open","ping_status":"closed","template":"","meta":{"_joinchat":[]},"product_cat":[216],"product_tag":[],"class_list":{"0":"post-1787","1":"product","2":"type-product","3":"status-publish","6":"product_cat-cadeirinha-de-balanco","8":"first","9":"instock","10":"taxable","11":"shipping-taxable","12":"purchasable","13":"product-type-simple"},"_links":{"self":[{"href":"https:\/\/locababyekids.com.br\/sn\/wp-json\/wp\/v2\/product\/1787"}],"collection":[{"href":"https:\/\/locababyekids.com.br\/sn\/wp-json\/wp\/v2\/product"}],"about":[{"href":"https:\/\/locababyekids.com.br\/sn\/wp-json\/wp\/v2\/types\/product"}],"replies":[{"embeddable":true,"href":"https:\/\/locababyekids.com.br\/sn\/wp-json\/wp\/v2\/comments?post=1787"}],"version-history":[{"count":0,"href":"https:\/\/locababyekids.com.br\/sn\/wp-json\/wp\/v2\/product\/1787\/revisions"}],"wp:featuredmedia":[{"embeddable":true,"href":"https:\/\/locababyekids.com.br\/sn\/wp-json\/wp\/v2\/media\/1790"}],"wp:attachment":[{"href":"https:\/\/locababyekids.com.br\/sn\/wp-json\/wp\/v2\/media?parent=1787"}],"wp:term":[{"taxonomy":"product_cat","embeddable":true,"href":"https:\/\/locababyekids.com.br\/sn\/wp-json\/wp\/v2\/product_cat?post=1787"},{"taxonomy":"product_tag","embeddable":true,"href":"https:\/\/locababyekids.com.br\/sn\/wp-json\/wp\/v2\/product_tag?post=1787"}],"curies":[{"name":"wp","href":"https:\/\/api.w.org\/{rel}","templated":true}]}}