{"id":1792,"date":"2024-06-27T22:50:13","date_gmt":"2024-06-28T01:50:13","guid":{"rendered":"https:\/\/locababyekids.com.br\/sn\/?post_type=product&#038;p=1792"},"modified":"2024-06-27T22:58:13","modified_gmt":"2024-06-28T01:58:13","slug":"tapete-de-atividades-color-baby","status":"publish","type":"product","link":"https:\/\/locababyekids.com.br\/sn\/product\/tapete-de-atividades-color-baby\/","title":{"rendered":"Tapete de atividades Color Baby"},"content":{"rendered":"<p>O Tapete de Atividades Multifuncional Alegria Color Baby possui design diferenciado, l\u00fadico e encantador, perfeito para usar em casa, no parque, praia, viagens.. muito \u00fatil para o dia a dia das crian\u00e7as. Possui as 3 funcionalidades. O tapete \u00e9 feito de material resistente com al\u00e7as que facilitam o transporte dos brinquedos das crian\u00e7as. Quando aberto se torna um incr\u00edvel tapete de brincar que mant\u00e9m os pequenos seguros e livres do contato direto com o ch\u00e3o.<\/p>\n<p><span style=\"color: #808080; font-size: 12px;\">Idade m\u00ednima recomendada &#8211; Idade m\u00e1xima recomendada: 3 meses &#8211; 1 ano.<br \/>\nFuncionamento: 3 pilhas AA.<br \/>\nDimens\u00f5es do produto: \u200e72 cm x 55 cm x 45 cm.<br \/>\nDimens\u00f5es do pacote: 45.9 cm x 34.7 cm x 8.6 cm.<\/span><br \/>\n<span style=\"color: #808080; font-size: 12px;\">Peso: 609 g.<\/span><\/p>\n","protected":false},"excerpt":{"rendered":"<p>O Tapete de Atividades Multifuncional Alegria Color Baby possui design diferenciado, l\u00fadico e encantador, perfeito para usar em casa, no parque, praia, viagens.. muito \u00fatil para o dia a dia<\/p>\n","protected":false},"featured_media":1793,"comment_status":"open","ping_status":"closed","template":"","meta":{"_joinchat":[]},"product_cat":[219],"product_tag":[],"class_list":{"0":"post-1792","1":"product","2":"type-product","3":"status-publish","6":"product_cat-tapete-de-atividades","8":"first","9":"instock","10":"taxable","11":"shipping-taxable","12":"purchasable","13":"product-type-simple"},"_links":{"self":[{"href":"https:\/\/locababyekids.com.br\/sn\/wp-json\/wp\/v2\/product\/1792"}],"collection":[{"href":"https:\/\/locababyekids.com.br\/sn\/wp-json\/wp\/v2\/product"}],"about":[{"href":"https:\/\/locababyekids.com.br\/sn\/wp-json\/wp\/v2\/types\/product"}],"replies":[{"embeddable":true,"href":"https:\/\/locababyekids.com.br\/sn\/wp-json\/wp\/v2\/comments?post=1792"}],"version-history":[{"count":0,"href":"https:\/\/locababyekids.com.br\/sn\/wp-json\/wp\/v2\/product\/1792\/revisions"}],"wp:featuredmedia":[{"embeddable":true,"href":"https:\/\/locababyekids.com.br\/sn\/wp-json\/wp\/v2\/media\/1793"}],"wp:attachment":[{"href":"https:\/\/locababyekids.com.br\/sn\/wp-json\/wp\/v2\/media?parent=1792"}],"wp:term":[{"taxonomy":"product_cat","embeddable":true,"href":"https:\/\/locababyekids.com.br\/sn\/wp-json\/wp\/v2\/product_cat?post=1792"},{"taxonomy":"product_tag","embeddable":true,"href":"https:\/\/locababyekids.com.br\/sn\/wp-json\/wp\/v2\/product_tag?post=1792"}],"curies":[{"name":"wp","href":"https:\/\/api.w.org\/{rel}","templated":true}]}}