{"id":1797,"date":"2024-06-27T23:10:39","date_gmt":"2024-06-28T02:10:39","guid":{"rendered":"https:\/\/locababyekids.com.br\/sn\/?post_type=product&#038;p=1797"},"modified":"2024-06-27T23:15:20","modified_gmt":"2024-06-28T02:15:20","slug":"mobile-musical-safari-unik","status":"publish","type":"product","link":"https:\/\/locababyekids.com.br\/sn\/product\/mobile-musical-safari-unik\/","title":{"rendered":"Mobile musical safari Unik"},"content":{"rendered":"<p>Movimento das pe\u00e7as vai entreter o beb\u00ea dentro do bercinho, ideal para embalar o sono do nen\u00e9m! O m\u00f3bile para ber\u00e7o musical \u00e9 \u00f3timo para estimular audi\u00e7\u00e3o e vis\u00e3o do beb\u00ea. &#8211; Especialistas dizem que os m\u00f3biles ainda estimulam o senso de dire\u00e7\u00e3o e lateralidade, fazendo com que a crian\u00e7a acompanhe o objeto de um lado para o outro. N\u00e3o \u00e9 a toa que eles s\u00e3o pendurados acima do seu amor. &#8211; Pensando em todos os benef\u00edcios para o beb\u00ea, n\u00f3s da Erich Baby fazemos a montagem do m\u00f3bile diferenciada, onde a montagem \u00e9 feita com os ursinhos olhando para baixo, para o beb\u00ea visualizar o ursinho por completo e estimular mais.<\/p>\n<p><span style=\"color: #808080; font-size: 12px;\">BICHOS (LE\u00c3O \/ ELEFANTE \/ TIGRE \/ ON\u00c7A).<br \/>\nDimens\u00f5es do produto: 30 cm x 30 cm x 45 cm.<br \/>\nDimens\u00f5es do pacote: 32 cm x 23 cm x 9 cm.<\/span><br \/>\n<span style=\"color: #808080; font-size: 12px;\">Peso: 410 g.<\/span><\/p>\n","protected":false},"excerpt":{"rendered":"<p>Movimento das pe\u00e7as vai entreter o beb\u00ea dentro do bercinho, ideal para embalar o sono do nen\u00e9m! O m\u00f3bile para ber\u00e7o musical \u00e9 \u00f3timo para estimular audi\u00e7\u00e3o e vis\u00e3o do<\/p>\n","protected":false},"featured_media":1799,"comment_status":"open","ping_status":"closed","template":"","meta":{"_joinchat":[]},"product_cat":[214],"product_tag":[],"class_list":{"0":"post-1797","1":"product","2":"type-product","3":"status-publish","6":"product_cat-mobile-musical","8":"first","9":"instock","10":"taxable","11":"shipping-taxable","12":"purchasable","13":"product-type-simple"},"_links":{"self":[{"href":"https:\/\/locababyekids.com.br\/sn\/wp-json\/wp\/v2\/product\/1797"}],"collection":[{"href":"https:\/\/locababyekids.com.br\/sn\/wp-json\/wp\/v2\/product"}],"about":[{"href":"https:\/\/locababyekids.com.br\/sn\/wp-json\/wp\/v2\/types\/product"}],"replies":[{"embeddable":true,"href":"https:\/\/locababyekids.com.br\/sn\/wp-json\/wp\/v2\/comments?post=1797"}],"version-history":[{"count":0,"href":"https:\/\/locababyekids.com.br\/sn\/wp-json\/wp\/v2\/product\/1797\/revisions"}],"wp:featuredmedia":[{"embeddable":true,"href":"https:\/\/locababyekids.com.br\/sn\/wp-json\/wp\/v2\/media\/1799"}],"wp:attachment":[{"href":"https:\/\/locababyekids.com.br\/sn\/wp-json\/wp\/v2\/media?parent=1797"}],"wp:term":[{"taxonomy":"product_cat","embeddable":true,"href":"https:\/\/locababyekids.com.br\/sn\/wp-json\/wp\/v2\/product_cat?post=1797"},{"taxonomy":"product_tag","embeddable":true,"href":"https:\/\/locababyekids.com.br\/sn\/wp-json\/wp\/v2\/product_tag?post=1797"}],"curies":[{"name":"wp","href":"https:\/\/api.w.org\/{rel}","templated":true}]}}