{"id":1850,"date":"2024-06-30T19:58:08","date_gmt":"2024-06-30T22:58:08","guid":{"rendered":"https:\/\/locababyekids.com.br\/sn\/?post_type=product&#038;p=1850"},"modified":"2024-06-30T20:30:30","modified_gmt":"2024-06-30T23:30:30","slug":"mobile-musical-boneca-unik-baby","status":"publish","type":"product","link":"https:\/\/locababyekids.com.br\/sn\/product\/mobile-musical-boneca-unik-baby\/","title":{"rendered":"Mobile Musical Boneca &#8211; Unik Baby"},"content":{"rendered":"<p>M\u00f3bile de Pel\u00facia Musical Bonecas Unik Toys com toda a qualidade e seguran\u00e7a que os pequenos precisam, acalma e relaxa o beb\u00ea na hora do soninho. Possui al\u00e7a para pendurar onde desejar.<\/p>\n<p><span style=\"color: #808080; font-size: 12px;\">Idade recomendada: 02 meses &#8211; 04 anos.<br \/>\n<\/span><span style=\"color: #808080; font-size: 12px;\">Dimens\u00f5es do produto: 50,5 cm x 8 cm x 29 cm.<br \/>\nDimens\u00f5es do pacote: 51 cm x 29 cm x 9 cm.<\/span><br \/>\n<span style=\"color: #808080; font-size: 12px;\">Peso: 731 g.<\/span><\/p>\n","protected":false},"excerpt":{"rendered":"<p>M\u00f3bile de Pel\u00facia Musical Bonecas Unik Toys com toda a qualidade e seguran\u00e7a que os pequenos precisam, acalma e relaxa o beb\u00ea na hora do soninho. Possui al\u00e7a para pendurar<\/p>\n","protected":false},"featured_media":1852,"comment_status":"open","ping_status":"closed","template":"","meta":{"_joinchat":[]},"product_cat":[214],"product_tag":[],"class_list":{"0":"post-1850","1":"product","2":"type-product","3":"status-publish","6":"product_cat-mobile-musical","8":"first","9":"instock","10":"taxable","11":"shipping-taxable","12":"purchasable","13":"product-type-simple"},"_links":{"self":[{"href":"https:\/\/locababyekids.com.br\/sn\/wp-json\/wp\/v2\/product\/1850"}],"collection":[{"href":"https:\/\/locababyekids.com.br\/sn\/wp-json\/wp\/v2\/product"}],"about":[{"href":"https:\/\/locababyekids.com.br\/sn\/wp-json\/wp\/v2\/types\/product"}],"replies":[{"embeddable":true,"href":"https:\/\/locababyekids.com.br\/sn\/wp-json\/wp\/v2\/comments?post=1850"}],"version-history":[{"count":0,"href":"https:\/\/locababyekids.com.br\/sn\/wp-json\/wp\/v2\/product\/1850\/revisions"}],"wp:featuredmedia":[{"embeddable":true,"href":"https:\/\/locababyekids.com.br\/sn\/wp-json\/wp\/v2\/media\/1852"}],"wp:attachment":[{"href":"https:\/\/locababyekids.com.br\/sn\/wp-json\/wp\/v2\/media?parent=1850"}],"wp:term":[{"taxonomy":"product_cat","embeddable":true,"href":"https:\/\/locababyekids.com.br\/sn\/wp-json\/wp\/v2\/product_cat?post=1850"},{"taxonomy":"product_tag","embeddable":true,"href":"https:\/\/locababyekids.com.br\/sn\/wp-json\/wp\/v2\/product_tag?post=1850"}],"curies":[{"name":"wp","href":"https:\/\/api.w.org\/{rel}","templated":true}]}}