{"id":1854,"date":"2024-06-30T20:33:43","date_gmt":"2024-06-30T23:33:43","guid":{"rendered":"https:\/\/locababyekids.com.br\/sn\/?post_type=product&#038;p=1854"},"modified":"2024-06-30T20:47:31","modified_gmt":"2024-06-30T23:47:31","slug":"mobile-berco-bebe-musical-e-giratorio-menino","status":"publish","type":"product","link":"https:\/\/locababyekids.com.br\/sn\/product\/mobile-berco-bebe-musical-e-giratorio-menino\/","title":{"rendered":"M\u00f3bile Ber\u00e7o Beb\u00ea Musical e Girat\u00f3rio Menino"},"content":{"rendered":"<p>Apresentamos o M\u00f3bile para Ber\u00e7o de Pel\u00facia Musical Unik Baby, uma sinfonia de cores e suavidade para acalmar e encantar. Onde o carinho se entrela\u00e7a com a melodia para criar momentos inesquec\u00edveis para os pequenos.<\/p>\n<p><span style=\"color: #808080; font-size: 12px;\">Idade recomendada: 02 meses &#8211; 04 anos.<br \/>\n<\/span><span style=\"color: #808080; font-size: 12px;\">Dimens\u00f5es do produto: 50,5 cm x 8 cm x 29 cm.<br \/>\nDimens\u00f5es do pacote: 51 cm x 29 cm x 9 cm.<\/span><br \/>\n<span style=\"color: #808080; font-size: 12px;\">Peso: 731 g.<\/span><\/p>\n","protected":false},"excerpt":{"rendered":"<p>Apresentamos o M\u00f3bile para Ber\u00e7o de Pel\u00facia Musical Unik Baby, uma sinfonia de cores e suavidade para acalmar e encantar. Onde o carinho se entrela\u00e7a com a melodia para criar<\/p>\n","protected":false},"featured_media":1855,"comment_status":"open","ping_status":"closed","template":"","meta":{"_joinchat":[]},"product_cat":[214],"product_tag":[],"class_list":{"0":"post-1854","1":"product","2":"type-product","3":"status-publish","6":"product_cat-mobile-musical","8":"first","9":"instock","10":"taxable","11":"shipping-taxable","12":"purchasable","13":"product-type-simple"},"_links":{"self":[{"href":"https:\/\/locababyekids.com.br\/sn\/wp-json\/wp\/v2\/product\/1854"}],"collection":[{"href":"https:\/\/locababyekids.com.br\/sn\/wp-json\/wp\/v2\/product"}],"about":[{"href":"https:\/\/locababyekids.com.br\/sn\/wp-json\/wp\/v2\/types\/product"}],"replies":[{"embeddable":true,"href":"https:\/\/locababyekids.com.br\/sn\/wp-json\/wp\/v2\/comments?post=1854"}],"version-history":[{"count":0,"href":"https:\/\/locababyekids.com.br\/sn\/wp-json\/wp\/v2\/product\/1854\/revisions"}],"wp:featuredmedia":[{"embeddable":true,"href":"https:\/\/locababyekids.com.br\/sn\/wp-json\/wp\/v2\/media\/1855"}],"wp:attachment":[{"href":"https:\/\/locababyekids.com.br\/sn\/wp-json\/wp\/v2\/media?parent=1854"}],"wp:term":[{"taxonomy":"product_cat","embeddable":true,"href":"https:\/\/locababyekids.com.br\/sn\/wp-json\/wp\/v2\/product_cat?post=1854"},{"taxonomy":"product_tag","embeddable":true,"href":"https:\/\/locababyekids.com.br\/sn\/wp-json\/wp\/v2\/product_tag?post=1854"}],"curies":[{"name":"wp","href":"https:\/\/api.w.org\/{rel}","templated":true}]}}