{"id":1859,"date":"2024-06-30T20:50:18","date_gmt":"2024-06-30T23:50:18","guid":{"rendered":"https:\/\/locababyekids.com.br\/sn\/?post_type=product&#038;p=1859"},"modified":"2024-06-30T20:58:58","modified_gmt":"2024-06-30T23:58:58","slug":"naninha-color-baby","status":"publish","type":"product","link":"https:\/\/locababyekids.com.br\/sn\/product\/naninha-color-baby\/","title":{"rendered":"Naninha Color Baby"},"content":{"rendered":"<p>\u00c9 ideal para acompanhar seu beb\u00ea durante seus primeiros meses de vida, dando conforto.<\/p>\n<p><span style=\"color: #808080; font-size: 12px;\">Idade recomendada: 03 meses &#8211; 03 anos.<br \/>\n<\/span><span style=\"color: #808080; font-size: 12px;\">Dimens\u00f5es do produto: 22 cm x 38 cm x 38 cm.<br \/>\nDimens\u00f5es do pacote: 26 cm x 19 cm x 5 cm.<\/span><br \/>\n<span style=\"color: #808080; font-size: 12px;\">Peso: 7 g.<\/span><\/p>\n","protected":false},"excerpt":{"rendered":"<p>\u00c9 ideal para acompanhar seu beb\u00ea durante seus primeiros meses de vida, dando conforto. Idade recomendada: 03 meses &#8211; 03 anos. Dimens\u00f5es do produto: 22 cm x 38 cm x<\/p>\n","protected":false},"featured_media":1860,"comment_status":"open","ping_status":"closed","template":"","meta":{"_joinchat":[]},"product_cat":[246],"product_tag":[],"class_list":{"0":"post-1859","1":"product","2":"type-product","3":"status-publish","6":"product_cat-naninha","8":"first","9":"instock","10":"taxable","11":"shipping-taxable","12":"purchasable","13":"product-type-simple"},"_links":{"self":[{"href":"https:\/\/locababyekids.com.br\/sn\/wp-json\/wp\/v2\/product\/1859"}],"collection":[{"href":"https:\/\/locababyekids.com.br\/sn\/wp-json\/wp\/v2\/product"}],"about":[{"href":"https:\/\/locababyekids.com.br\/sn\/wp-json\/wp\/v2\/types\/product"}],"replies":[{"embeddable":true,"href":"https:\/\/locababyekids.com.br\/sn\/wp-json\/wp\/v2\/comments?post=1859"}],"version-history":[{"count":0,"href":"https:\/\/locababyekids.com.br\/sn\/wp-json\/wp\/v2\/product\/1859\/revisions"}],"wp:featuredmedia":[{"embeddable":true,"href":"https:\/\/locababyekids.com.br\/sn\/wp-json\/wp\/v2\/media\/1860"}],"wp:attachment":[{"href":"https:\/\/locababyekids.com.br\/sn\/wp-json\/wp\/v2\/media?parent=1859"}],"wp:term":[{"taxonomy":"product_cat","embeddable":true,"href":"https:\/\/locababyekids.com.br\/sn\/wp-json\/wp\/v2\/product_cat?post=1859"},{"taxonomy":"product_tag","embeddable":true,"href":"https:\/\/locababyekids.com.br\/sn\/wp-json\/wp\/v2\/product_tag?post=1859"}],"curies":[{"name":"wp","href":"https:\/\/api.w.org\/{rel}","templated":true}]}}