{"id":1864,"date":"2024-06-30T21:02:32","date_gmt":"2024-07-01T00:02:32","guid":{"rendered":"https:\/\/locababyekids.com.br\/sn\/?post_type=product&#038;p=1864"},"modified":"2024-06-30T21:21:03","modified_gmt":"2024-07-01T00:21:03","slug":"almofada-de-atividades-da-buba","status":"publish","type":"product","link":"https:\/\/locababyekids.com.br\/sn\/product\/almofada-de-atividades-da-buba\/","title":{"rendered":"Almofada de atividades da BUBA"},"content":{"rendered":"<p>A almofada de atividades da buba, acompanha o beb\u00ea nas diversas fases do seu desenvolvimento. O seu formato de meia lua \u00e9 super confort\u00e1vel para ele se apoiar de bru\u00e7os sobre a almofada macia e brincar confortavelmente. Nessa posi\u00e7\u00e3o a coordena\u00e7\u00e3o motora ser\u00e1 estimulada, pois ele ter\u00e1 ao seu alcance diversos brinquedinhos como mordedor, argolas texturizadas, abelhinhas com barulho de amassadinho, cores e estampas vibrantes, al\u00e9m de um painel super colorido com bichinhos e barulho de amassadinho para o beb\u00ea tocar.<\/p>\n<p><span style=\"color: #808080; font-size: 12px;\">Idade recomendada: 03 meses &#8211; 09 meses.<br \/>\n<\/span><span style=\"color: #808080; font-size: 12px;\">Dimens\u00f5es do produto: 47 cm x 34 cm x 9 cm.<br \/>\nDimens\u00f5es do pacote: 32 cm x 26 cm x 10 cm.<\/span><br \/>\n<span style=\"color: #808080; font-size: 12px;\">Peso: 316 g.<\/span><\/p>\n","protected":false},"excerpt":{"rendered":"<p>A almofada de atividades da buba, acompanha o beb\u00ea nas diversas fases do seu desenvolvimento. O seu formato de meia lua \u00e9 super confort\u00e1vel para ele se apoiar de bru\u00e7os<\/p>\n","protected":false},"featured_media":1868,"comment_status":"open","ping_status":"closed","template":"","meta":{"_joinchat":[]},"product_cat":[217],"product_tag":[],"class_list":{"0":"post-1864","1":"product","2":"type-product","3":"status-publish","6":"product_cat-almofada-de-atividades","8":"first","9":"instock","10":"taxable","11":"shipping-taxable","12":"purchasable","13":"product-type-simple"},"_links":{"self":[{"href":"https:\/\/locababyekids.com.br\/sn\/wp-json\/wp\/v2\/product\/1864"}],"collection":[{"href":"https:\/\/locababyekids.com.br\/sn\/wp-json\/wp\/v2\/product"}],"about":[{"href":"https:\/\/locababyekids.com.br\/sn\/wp-json\/wp\/v2\/types\/product"}],"replies":[{"embeddable":true,"href":"https:\/\/locababyekids.com.br\/sn\/wp-json\/wp\/v2\/comments?post=1864"}],"version-history":[{"count":0,"href":"https:\/\/locababyekids.com.br\/sn\/wp-json\/wp\/v2\/product\/1864\/revisions"}],"wp:featuredmedia":[{"embeddable":true,"href":"https:\/\/locababyekids.com.br\/sn\/wp-json\/wp\/v2\/media\/1868"}],"wp:attachment":[{"href":"https:\/\/locababyekids.com.br\/sn\/wp-json\/wp\/v2\/media?parent=1864"}],"wp:term":[{"taxonomy":"product_cat","embeddable":true,"href":"https:\/\/locababyekids.com.br\/sn\/wp-json\/wp\/v2\/product_cat?post=1864"},{"taxonomy":"product_tag","embeddable":true,"href":"https:\/\/locababyekids.com.br\/sn\/wp-json\/wp\/v2\/product_tag?post=1864"}],"curies":[{"name":"wp","href":"https:\/\/api.w.org\/{rel}","templated":true}]}}