{"id":1877,"date":"2024-07-01T09:09:01","date_gmt":"2024-07-01T12:09:01","guid":{"rendered":"https:\/\/locababyekids.com.br\/sn\/?post_type=product&#038;p=1877"},"modified":"2025-05-27T16:51:07","modified_gmt":"2025-05-27T19:51:07","slug":"cadeira-poltrona-para-carro-360","status":"publish","type":"product","link":"https:\/\/locababyekids.com.br\/sn\/product\/cadeira-poltrona-para-carro-360\/","title":{"rendered":"Cadeira Poltrona para carro 360\u00b0"},"content":{"rendered":"<p>A CADEIRA POLTRONA PARA CARRO 360\u00ba \u00e9 projetada para acompanhar o crescimento do seu filho(a), sendo adequada desde o nascimento at\u00e9 aproximadamente os 10 anos de idade (0 a 36 Kg). A instala\u00e7\u00e3o flex\u00edvel \u00e9 compat\u00edvel com o cinto do ve\u00edculo, tanto de frente (Grupos 1, 2, 3) quanto de costas para o movimento (Grupo 0+), ou com o sistema mais pr\u00e1tico e seguro ISOFIX para os grupos 0+ e ISOFIT (Ganchos ISOFIX + cinto do ve\u00edculo) para os demais grupos\u00a0(1, 2, 3).<\/p>\n<p><span style=\"color: #808080; font-size: 12px;\">Outros recursos do produto: \u200eCONFORTAVEL, RECLINA, COM ISOFIT, ROTA\u00c7\u00c3O 360, COM ISOFIX<br \/>\nIdade recomendada: 0 meses &#8211; 10 anos.<br \/>\nPeso m\u00e1ximo recomendado: at\u00e9 \u200e36 Kg.<br \/>\nAltura m\u00e1xima recomendada: at\u00e9 \u200e1,45 Metros.<\/span><br \/>\n<span style=\"color: #808080; font-size: 12px;\">Dimens\u00f5es do produto:\u00a0 64 cm(A) x 45 cm (L) x 51 cm (P).<\/span><br \/>\n<span style=\"color: #808080; font-size: 12px;\">Peso do produto: 7,8 Kg<\/span><\/p>\n","protected":false},"excerpt":{"rendered":"<p><a href=\"https:\/\/wa.me\/553136461063\" target=\"_blank\" rel=\"noopener\" aria-label=\"Chat on WhatsApp\"><br \/>\n<button>Loca\u00e7\u00e3o<\/button><\/a>\u00a0 \u00a0<a href=\"https:\/\/wa.me\/553136461063\" target=\"_blank\" rel=\"noopener\" aria-label=\"Chat on WhatsApp\"><img decoding=\"async\" class=\"alignnone wp-image-1398\" src=\"https:\/\/locababyekids.com.br\/sn\/wp-content\/uploads\/2024\/06\/whatsapp-297x300.png\" alt=\"\" width=\"33\" height=\"33\" \/><\/a><\/p>\n","protected":false},"featured_media":1878,"comment_status":"open","ping_status":"closed","template":"","meta":{"_joinchat":[]},"product_cat":[290,160],"product_tag":[285],"class_list":{"0":"post-1877","1":"product","2":"type-product","3":"status-publish","6":"product_cat-aluguel-de-cadeira-para-auto","7":"product_cat-cadeira-para-auto","8":"product_tag-locacao","10":"first","11":"instock","12":"taxable","13":"shipping-taxable","14":"product-type-simple"},"_links":{"self":[{"href":"https:\/\/locababyekids.com.br\/sn\/wp-json\/wp\/v2\/product\/1877"}],"collection":[{"href":"https:\/\/locababyekids.com.br\/sn\/wp-json\/wp\/v2\/product"}],"about":[{"href":"https:\/\/locababyekids.com.br\/sn\/wp-json\/wp\/v2\/types\/product"}],"replies":[{"embeddable":true,"href":"https:\/\/locababyekids.com.br\/sn\/wp-json\/wp\/v2\/comments?post=1877"}],"version-history":[{"count":1,"href":"https:\/\/locababyekids.com.br\/sn\/wp-json\/wp\/v2\/product\/1877\/revisions"}],"predecessor-version":[{"id":2956,"href":"https:\/\/locababyekids.com.br\/sn\/wp-json\/wp\/v2\/product\/1877\/revisions\/2956"}],"wp:featuredmedia":[{"embeddable":true,"href":"https:\/\/locababyekids.com.br\/sn\/wp-json\/wp\/v2\/media\/1878"}],"wp:attachment":[{"href":"https:\/\/locababyekids.com.br\/sn\/wp-json\/wp\/v2\/media?parent=1877"}],"wp:term":[{"taxonomy":"product_cat","embeddable":true,"href":"https:\/\/locababyekids.com.br\/sn\/wp-json\/wp\/v2\/product_cat?post=1877"},{"taxonomy":"product_tag","embeddable":true,"href":"https:\/\/locababyekids.com.br\/sn\/wp-json\/wp\/v2\/product_tag?post=1877"}],"curies":[{"name":"wp","href":"https:\/\/api.w.org\/{rel}","templated":true}]}}