{"id":1893,"date":"2024-07-02T21:14:58","date_gmt":"2024-07-03T00:14:58","guid":{"rendered":"https:\/\/locababyekids.com.br\/sn\/?post_type=product&#038;p=1893"},"modified":"2024-07-02T21:42:59","modified_gmt":"2024-07-03T00:42:59","slug":"roda-gigante-musical","status":"publish","type":"product","link":"https:\/\/locababyekids.com.br\/sn\/product\/roda-gigante-musical\/","title":{"rendered":"Roda Gigante Musical"},"content":{"rendered":"<p>Distraia seu filho a qualquer momento com a roda gigante musical VTech Baby. Os mais pequenos v\u00e3o se divertir muito gra\u00e7as aos seus personagens, luzes e mais de 45 m\u00fasicas, melodias e frases (Ingl\u00eas). Al\u00e9m disso, aprender\u00e3o o nome dos animais, os objetos que os acompanham, seu n\u00famero e cor. Voc\u00ea pode ajust\u00e1-lo \u00e0 cadeira alta ou a qualquer superf\u00edcie que desejar, gra\u00e7as \u00e0 sua base com ventosa. A roda gigante \u00e9 acompanhada por um elefante, uma zebra e um le\u00e3o. Os pequenos v\u00e3o incentivar aspectos como explora\u00e7\u00e3o e descoberta, desenvolvimento da linguagem, estimula\u00e7\u00e3o sensorial e desenvolvimento motor.<\/p>\n<p><span style=\"color: #808080; font-size: 12px;\">Idade recomendada: 06 &#8211; 36 meses.<br \/>\n<\/span><span style=\"color: #808080; font-size: 12px;\">Dimens\u00f5es do produto: 16 cm x 23 cm x 10 cm.<br \/>\nDimens\u00f5es do pacote: 20 cm x 26 cm x 15 cm.<\/span><br \/>\n<span style=\"color: #808080; font-size: 12px;\">Peso: 876 g.<\/span><\/p>\n","protected":false},"excerpt":{"rendered":"<p>Distraia seu filho a qualquer momento com a roda gigante musical VTech Baby. Os mais pequenos v\u00e3o se divertir muito gra\u00e7as aos seus personagens, luzes e mais de 45 m\u00fasicas,<\/p>\n","protected":false},"featured_media":1894,"comment_status":"open","ping_status":"closed","template":"","meta":{"_joinchat":[]},"product_cat":[210],"product_tag":[],"class_list":{"0":"post-1893","1":"product","2":"type-product","3":"status-publish","6":"product_cat-brinquedos","8":"first","9":"instock","10":"taxable","11":"shipping-taxable","12":"purchasable","13":"product-type-simple"},"_links":{"self":[{"href":"https:\/\/locababyekids.com.br\/sn\/wp-json\/wp\/v2\/product\/1893"}],"collection":[{"href":"https:\/\/locababyekids.com.br\/sn\/wp-json\/wp\/v2\/product"}],"about":[{"href":"https:\/\/locababyekids.com.br\/sn\/wp-json\/wp\/v2\/types\/product"}],"replies":[{"embeddable":true,"href":"https:\/\/locababyekids.com.br\/sn\/wp-json\/wp\/v2\/comments?post=1893"}],"version-history":[{"count":0,"href":"https:\/\/locababyekids.com.br\/sn\/wp-json\/wp\/v2\/product\/1893\/revisions"}],"wp:featuredmedia":[{"embeddable":true,"href":"https:\/\/locababyekids.com.br\/sn\/wp-json\/wp\/v2\/media\/1894"}],"wp:attachment":[{"href":"https:\/\/locababyekids.com.br\/sn\/wp-json\/wp\/v2\/media?parent=1893"}],"wp:term":[{"taxonomy":"product_cat","embeddable":true,"href":"https:\/\/locababyekids.com.br\/sn\/wp-json\/wp\/v2\/product_cat?post=1893"},{"taxonomy":"product_tag","embeddable":true,"href":"https:\/\/locababyekids.com.br\/sn\/wp-json\/wp\/v2\/product_tag?post=1893"}],"curies":[{"name":"wp","href":"https:\/\/api.w.org\/{rel}","templated":true}]}}