{"id":1898,"date":"2024-07-02T22:05:20","date_gmt":"2024-07-03T01:05:20","guid":{"rendered":"https:\/\/locababyekids.com.br\/sn\/?post_type=product&#038;p=1898"},"modified":"2024-07-02T23:23:16","modified_gmt":"2024-07-03T02:23:16","slug":"mamadeira-avent-petala-125ml","status":"publish","type":"product","link":"https:\/\/locababyekids.com.br\/sn\/product\/mamadeira-avent-petala-125ml\/","title":{"rendered":"Mamadeira Avent Petala 260ml"},"content":{"rendered":"<h3>Mamadeiras AntiColic<\/h3>\n<ul>\n<li>A mamadeira antic\u00f3lica foi projetada para manter o ar longe da barriga do beb\u00ea para reduzir c\u00f3licas e desconforto, al\u00e9m de minimizar interrup\u00e7\u00f5es na alimenta\u00e7\u00e3o. Com a v\u00e1lvula antic\u00f3lica integrada, o ar \u00e9 liberado para longe da barriga do beb\u00ea.<\/li>\n<li>V\u00e1lvula antic\u00f3lica comprovada para reduzir c\u00f3licas<sup>1<\/sup><\/li>\n<li>60% menos inc\u00f4modo \u00e0 noite<sup>2<\/sup><\/li>\n<li>A textura ondulada evita dobra para uma alimenta\u00e7\u00e3o sem interrup\u00e7\u00f5es<\/li>\n<li>Formato de bico para uma pega segura<\/li>\n<li>F\u00e1cil de limpar e montar com poucas pe\u00e7as<\/li>\n<li>F\u00e1cil de segurar<\/li>\n<li>Mamadeira de gargalo largo com cantos arredondados para limpeza f\u00e1cil<\/li>\n<li>Design sem vazamento<\/li>\n<li>Linha compat\u00edvel de amamenta\u00e7\u00e3o do peito \u00e0 mamadeira<\/li>\n<li>Essa mamadeira \u00e9 livre de BPA<\/li>\n<\/ul>\n<p>Bico Natural Response que possui a v\u00e1lvula desenhada especialmente para que o beb\u00ea controle o fluxo. \u00danica v\u00e1lvula capaz de interromper totalmente o fluxo quando o beb\u00ea para de sugar. Auxilia na coordena\u00e7\u00e3o das fun\u00e7\u00f5es orais, suc\u00e7\u00e3o, degluti\u00e7\u00e3o e respira\u00e7\u00e3o assim como preven\u00e7\u00e3o de engasgo.<\/p>\n<p><span style=\"color: #808080; font-size: 12px;\">Capacidade: 260 ml.<br \/>\nIndicado para: +01 m\u00eas<br \/>\n<\/span><span style=\"color: #808080; font-size: 12px;\">Dimens\u00f5es do produto: 12cm x 10 cm x 10 cm.<\/span><br \/>\n<span style=\"color: #808080; font-size: 12px;\">Peso: 250 g.<\/span><\/p>\n","protected":false},"excerpt":{"rendered":"<p>Mamadeiras AntiColic A mamadeira antic\u00f3lica foi projetada para manter o ar longe da barriga do beb\u00ea para reduzir c\u00f3licas e desconforto, al\u00e9m de minimizar interrup\u00e7\u00f5es na alimenta\u00e7\u00e3o. Com a v\u00e1lvula<\/p>\n","protected":false},"featured_media":1905,"comment_status":"open","ping_status":"closed","template":"","meta":{"_joinchat":[]},"product_cat":[177],"product_tag":[],"class_list":{"0":"post-1898","1":"product","2":"type-product","3":"status-publish","6":"product_cat-mamadeira","8":"first","9":"instock","10":"taxable","11":"shipping-taxable","12":"purchasable","13":"product-type-simple"},"_links":{"self":[{"href":"https:\/\/locababyekids.com.br\/sn\/wp-json\/wp\/v2\/product\/1898"}],"collection":[{"href":"https:\/\/locababyekids.com.br\/sn\/wp-json\/wp\/v2\/product"}],"about":[{"href":"https:\/\/locababyekids.com.br\/sn\/wp-json\/wp\/v2\/types\/product"}],"replies":[{"embeddable":true,"href":"https:\/\/locababyekids.com.br\/sn\/wp-json\/wp\/v2\/comments?post=1898"}],"version-history":[{"count":0,"href":"https:\/\/locababyekids.com.br\/sn\/wp-json\/wp\/v2\/product\/1898\/revisions"}],"wp:featuredmedia":[{"embeddable":true,"href":"https:\/\/locababyekids.com.br\/sn\/wp-json\/wp\/v2\/media\/1905"}],"wp:attachment":[{"href":"https:\/\/locababyekids.com.br\/sn\/wp-json\/wp\/v2\/media?parent=1898"}],"wp:term":[{"taxonomy":"product_cat","embeddable":true,"href":"https:\/\/locababyekids.com.br\/sn\/wp-json\/wp\/v2\/product_cat?post=1898"},{"taxonomy":"product_tag","embeddable":true,"href":"https:\/\/locababyekids.com.br\/sn\/wp-json\/wp\/v2\/product_tag?post=1898"}],"curies":[{"name":"wp","href":"https:\/\/api.w.org\/{rel}","templated":true}]}}