{"id":1913,"date":"2024-07-03T22:03:35","date_gmt":"2024-07-04T01:03:35","guid":{"rendered":"https:\/\/locababyekids.com.br\/sn\/?post_type=product&#038;p=1913"},"modified":"2024-07-03T22:18:34","modified_gmt":"2024-07-04T01:18:34","slug":"mamadeira-mam-anticolica-easy-start-starter-set-kit-02-mamadeiras-130ml-e-260ml-azul-neutra","status":"publish","type":"product","link":"https:\/\/locababyekids.com.br\/sn\/product\/mamadeira-mam-anticolica-easy-start-starter-set-kit-02-mamadeiras-130ml-e-260ml-azul-neutra\/","title":{"rendered":"Mamadeira MAM Antic\u00f3lica &#8211; Easy Start &#8211; Starter Set &#8211; Kit 02 mamadeiras 130ml e 260ml \u2013 Azul\/Neutra"},"content":{"rendered":"<p>Com seu inovador e exclusivo Sistema Antic\u00f3lica e auto esteriliz\u00e1vel, o Easy Start Starter Set \u00e9 perfeito para presentear e pode ser usado a partir dos primeiros dias de vida. Desenvolvido por especialistas da \u00e1rea m\u00e9dica, o Easy Start Starter Set \u00e9 formado por uma Mamadeira Easy Start 130 ml e uma Mamadeira Easy Start 260 ml. Todas as mamadeiras Easy Start proporcionam menos c\u00f3licas e regurgita\u00e7\u00e3o confirmado por 80% das m\u00e3es1, gra\u00e7as ao seu inovador Sistema Antic\u00f3lica com a exclusiva base ventilada que proporciona um fluxo regular sem interrup\u00e7\u00e3o, criando um fluxo suave de beber que impede que a crian\u00e7a engula o ar. O resultado \u00e9 menos c\u00f3lica. Super higi\u00eanica, as mamadeiras Easy Start tamb\u00e9m s\u00e3o completamente desmont\u00e1veis, facilitando a lavagem completa de todos os itens al\u00e9m disso elas s\u00e3o auto esteriliz\u00e1veis em apenas 3 minutos.<\/p>\n<p><span style=\"color: #808080; font-size: 12px;\">Idade recomendada: 0 &#8211; 6 meses.<br \/>\n<\/span><span style=\"color: #808080; font-size: 12px;\">Dimens\u00f5es do produto: 14,2 cm x 7,1 cm x 14,2 cm.<br \/>\n<\/span><span style=\"color: #808080; font-size: 12px;\">Dimens\u00f5es do pacote: 19 cm x 15 cm x 8 cm.<\/span><br \/>\n<span style=\"color: #808080; font-size: 12px;\">Peso: 260 g.<\/span><\/p>\n","protected":false},"excerpt":{"rendered":"<p>Com seu inovador e exclusivo Sistema Antic\u00f3lica e auto esteriliz\u00e1vel, o Easy Start Starter Set \u00e9 perfeito para presentear e pode ser usado a partir dos primeiros dias de vida.<\/p>\n","protected":false},"featured_media":1915,"comment_status":"open","ping_status":"closed","template":"","meta":{"_joinchat":[]},"product_cat":[177],"product_tag":[],"class_list":{"0":"post-1913","1":"product","2":"type-product","3":"status-publish","6":"product_cat-mamadeira","8":"first","9":"instock","10":"taxable","11":"shipping-taxable","12":"purchasable","13":"product-type-simple"},"_links":{"self":[{"href":"https:\/\/locababyekids.com.br\/sn\/wp-json\/wp\/v2\/product\/1913"}],"collection":[{"href":"https:\/\/locababyekids.com.br\/sn\/wp-json\/wp\/v2\/product"}],"about":[{"href":"https:\/\/locababyekids.com.br\/sn\/wp-json\/wp\/v2\/types\/product"}],"replies":[{"embeddable":true,"href":"https:\/\/locababyekids.com.br\/sn\/wp-json\/wp\/v2\/comments?post=1913"}],"version-history":[{"count":0,"href":"https:\/\/locababyekids.com.br\/sn\/wp-json\/wp\/v2\/product\/1913\/revisions"}],"wp:featuredmedia":[{"embeddable":true,"href":"https:\/\/locababyekids.com.br\/sn\/wp-json\/wp\/v2\/media\/1915"}],"wp:attachment":[{"href":"https:\/\/locababyekids.com.br\/sn\/wp-json\/wp\/v2\/media?parent=1913"}],"wp:term":[{"taxonomy":"product_cat","embeddable":true,"href":"https:\/\/locababyekids.com.br\/sn\/wp-json\/wp\/v2\/product_cat?post=1913"},{"taxonomy":"product_tag","embeddable":true,"href":"https:\/\/locababyekids.com.br\/sn\/wp-json\/wp\/v2\/product_tag?post=1913"}],"curies":[{"name":"wp","href":"https:\/\/api.w.org\/{rel}","templated":true}]}}