{"id":1918,"date":"2024-07-03T22:19:36","date_gmt":"2024-07-04T01:19:36","guid":{"rendered":"https:\/\/locababyekids.com.br\/sn\/?post_type=product&#038;p=1918"},"modified":"2024-07-03T22:30:05","modified_gmt":"2024-07-04T01:30:05","slug":"mamadeira-easy-start-mam-130-ml-rosa","status":"publish","type":"product","link":"https:\/\/locababyekids.com.br\/sn\/product\/mamadeira-easy-start-mam-130-ml-rosa\/","title":{"rendered":"Mamadeira Easy Start Mam \u2013 130 Ml \u2013 Rosa"},"content":{"rendered":"<p>A Easy Start 130 ml \u00e9 recomendada a partir de 0 meses de idade, menos c\u00f3licas e regurgita\u00e7\u00e3o gra\u00e7as \u00e0 base ventilada que proporciona um fluxo regular sem interrup\u00e7\u00e3o. Totalmente desmont\u00e1vel facilitando a limpeza. Auto esteriliz\u00e1vel em 3 minutos.<\/p>\n<p><span style=\"color: #808080; font-size: 12px;\">Idade recomendada: 0 &#8211; 6 meses.<br \/>\n<\/span><span style=\"color: #808080; font-size: 12px;\">Dimens\u00f5es do produto: 12,5 cm x 6 cm x 12,5 cm.<br \/>\n<\/span><span style=\"color: #808080; font-size: 12px;\">Dimens\u00f5es do pacote: 14 cm x 8 cm x 8 cm.<\/span><br \/>\n<span style=\"color: #808080; font-size: 12px;\">Peso: 112 g.<\/span><\/p>\n","protected":false},"excerpt":{"rendered":"<p>A Easy Start 130 ml \u00e9 recomendada a partir de 0 meses de idade, menos c\u00f3licas e regurgita\u00e7\u00e3o gra\u00e7as \u00e0 base ventilada que proporciona um fluxo regular sem interrup\u00e7\u00e3o. Totalmente<\/p>\n","protected":false},"featured_media":0,"comment_status":"open","ping_status":"closed","template":"","meta":{"_joinchat":[]},"product_cat":[177],"product_tag":[],"class_list":{"1":"product","2":"type-product","3":"status-publish","5":"product_cat-mamadeira","7":"first","8":"instock","9":"taxable","10":"shipping-taxable","11":"purchasable","12":"product-type-simple"},"_links":{"self":[{"href":"https:\/\/locababyekids.com.br\/sn\/wp-json\/wp\/v2\/product\/1918"}],"collection":[{"href":"https:\/\/locababyekids.com.br\/sn\/wp-json\/wp\/v2\/product"}],"about":[{"href":"https:\/\/locababyekids.com.br\/sn\/wp-json\/wp\/v2\/types\/product"}],"replies":[{"embeddable":true,"href":"https:\/\/locababyekids.com.br\/sn\/wp-json\/wp\/v2\/comments?post=1918"}],"version-history":[{"count":0,"href":"https:\/\/locababyekids.com.br\/sn\/wp-json\/wp\/v2\/product\/1918\/revisions"}],"wp:attachment":[{"href":"https:\/\/locababyekids.com.br\/sn\/wp-json\/wp\/v2\/media?parent=1918"}],"wp:term":[{"taxonomy":"product_cat","embeddable":true,"href":"https:\/\/locababyekids.com.br\/sn\/wp-json\/wp\/v2\/product_cat?post=1918"},{"taxonomy":"product_tag","embeddable":true,"href":"https:\/\/locababyekids.com.br\/sn\/wp-json\/wp\/v2\/product_tag?post=1918"}],"curies":[{"name":"wp","href":"https:\/\/api.w.org\/{rel}","templated":true}]}}