{"id":1923,"date":"2024-07-03T22:30:23","date_gmt":"2024-07-04T01:30:23","guid":{"rendered":"https:\/\/locababyekids.com.br\/sn\/?post_type=product&#038;p=1923"},"modified":"2024-07-03T22:52:41","modified_gmt":"2024-07-04T01:52:41","slug":"mam-mamadeira-320-ml-easy-start-rosa","status":"publish","type":"product","link":"https:\/\/locababyekids.com.br\/sn\/product\/mam-mamadeira-320-ml-easy-start-rosa\/","title":{"rendered":"MAM, Mamadeira 320 ml Easy Start, Rosa"},"content":{"rendered":"<p>Comprovadamente aceita por 94% das crian\u00e7as, a tecnologia MAM SkinSoft oferece um silicone macio com superf\u00edcie texturizada e sedosa que proporciona uma sensa\u00e7\u00e3o familiar.<\/p>\n<p>Estudos m\u00e9dicos e pesquisa de mercado confirmam que a mamadeira easy start reduz em at\u00e9 80% os casos de c\u00f3licas e regurgita\u00e7\u00e3o por ingest\u00e3o de ar.<\/p>\n<p>Base ventilada, promove um fluxo regular e alimenta\u00e7\u00e3o natural, diminuindo a ingest\u00e3o de ar e proporcionando noites calmas e tranquila.<\/p>\n<p><span style=\"color: #808080; font-size: 12px;\">Idade recomendada: 0 &#8211; 6 meses.<br \/>\n<\/span><span style=\"color: #808080; font-size: 12px;\">Dimens\u00f5es do produto: 20,5 cm x 7 cm x 20,5 cm.<br \/>\n<\/span><span style=\"color: #808080; font-size: 12px;\">Dimens\u00f5es do pacote: 21 cm x 8 cm x 7 cm.<\/span><br \/>\n<span style=\"color: #808080; font-size: 12px;\">Peso: 145 g.<\/span><\/p>\n","protected":false},"excerpt":{"rendered":"<p>Comprovadamente aceita por 94% das crian\u00e7as, a tecnologia MAM SkinSoft oferece um silicone macio com superf\u00edcie texturizada e sedosa que proporciona uma sensa\u00e7\u00e3o familiar. Estudos m\u00e9dicos e pesquisa de mercado<\/p>\n","protected":false},"featured_media":1928,"comment_status":"open","ping_status":"closed","template":"","meta":{"_joinchat":[]},"product_cat":[177],"product_tag":[],"class_list":{"0":"post-1923","1":"product","2":"type-product","3":"status-publish","6":"product_cat-mamadeira","8":"first","9":"instock","10":"taxable","11":"shipping-taxable","12":"purchasable","13":"product-type-simple"},"_links":{"self":[{"href":"https:\/\/locababyekids.com.br\/sn\/wp-json\/wp\/v2\/product\/1923"}],"collection":[{"href":"https:\/\/locababyekids.com.br\/sn\/wp-json\/wp\/v2\/product"}],"about":[{"href":"https:\/\/locababyekids.com.br\/sn\/wp-json\/wp\/v2\/types\/product"}],"replies":[{"embeddable":true,"href":"https:\/\/locababyekids.com.br\/sn\/wp-json\/wp\/v2\/comments?post=1923"}],"version-history":[{"count":0,"href":"https:\/\/locababyekids.com.br\/sn\/wp-json\/wp\/v2\/product\/1923\/revisions"}],"wp:featuredmedia":[{"embeddable":true,"href":"https:\/\/locababyekids.com.br\/sn\/wp-json\/wp\/v2\/media\/1928"}],"wp:attachment":[{"href":"https:\/\/locababyekids.com.br\/sn\/wp-json\/wp\/v2\/media?parent=1923"}],"wp:term":[{"taxonomy":"product_cat","embeddable":true,"href":"https:\/\/locababyekids.com.br\/sn\/wp-json\/wp\/v2\/product_cat?post=1923"},{"taxonomy":"product_tag","embeddable":true,"href":"https:\/\/locababyekids.com.br\/sn\/wp-json\/wp\/v2\/product_tag?post=1923"}],"curies":[{"name":"wp","href":"https:\/\/api.w.org\/{rel}","templated":true}]}}