{"id":1930,"date":"2024-07-03T22:54:30","date_gmt":"2024-07-04T01:54:30","guid":{"rendered":"https:\/\/locababyekids.com.br\/sn\/?post_type=product&#038;p=1930"},"modified":"2024-07-03T23:08:06","modified_gmt":"2024-07-04T02:08:06","slug":"mamadeira-270ml-easy-active-mam-rosa","status":"publish","type":"product","link":"https:\/\/locababyekids.com.br\/sn\/product\/mamadeira-270ml-easy-active-mam-rosa\/","title":{"rendered":"Mamadeira 270ml Easy Active, MAM, Rosa"},"content":{"rendered":"<p>As Mamadeiras Easy Active MAM, foram desenvolvidas com ajuda de especialistas da sa\u00fade e s\u00e3o recomendada a partir de 4 meses. F\u00e1cil de segurar de forma independente, o formato ergon\u00f4mico da mamadeira Easy Active \u00e9 ideal para m\u00e3os pequenas. Al\u00e9m disso, cores vibrantes e designs encantadores chamam a aten\u00e7\u00e3o Bico MAM com tecnologia SkinSoft, macio com superf\u00edcie texturizada e sedosa, comprovadamente aceita por 94% das crian\u00e7as 1 Os bicos da MAM se encaixam em todas as mamadeiras da MAM e no copo Trainer+ 1.<\/p>\n<p><span style=\"color: #808080; font-size: 12px;\">Idade recomendada: 2 &#8211; 4 meses.<br \/>\n<\/span><span style=\"color: #808080; font-size: 12px;\">Dimens\u00f5es do produto: 17,5 cm x 6,5 cm x 17,5 cm.<br \/>\n<\/span><span style=\"color: #808080; font-size: 12px;\">Dimens\u00f5es do pacote: 19 cm x 8 cm x 7 cm.<\/span><br \/>\n<span style=\"color: #808080; font-size: 12px;\">Peso: 100 g.<\/span><\/p>\n","protected":false},"excerpt":{"rendered":"<p>As Mamadeiras Easy Active MAM, foram desenvolvidas com ajuda de especialistas da sa\u00fade e s\u00e3o recomendada a partir de 4 meses. F\u00e1cil de segurar de forma independente, o formato ergon\u00f4mico<\/p>\n","protected":false},"featured_media":1932,"comment_status":"open","ping_status":"closed","template":"","meta":{"_joinchat":[]},"product_cat":[177],"product_tag":[],"class_list":{"0":"post-1930","1":"product","2":"type-product","3":"status-publish","6":"product_cat-mamadeira","8":"first","9":"instock","10":"taxable","11":"shipping-taxable","12":"purchasable","13":"product-type-simple"},"_links":{"self":[{"href":"https:\/\/locababyekids.com.br\/sn\/wp-json\/wp\/v2\/product\/1930"}],"collection":[{"href":"https:\/\/locababyekids.com.br\/sn\/wp-json\/wp\/v2\/product"}],"about":[{"href":"https:\/\/locababyekids.com.br\/sn\/wp-json\/wp\/v2\/types\/product"}],"replies":[{"embeddable":true,"href":"https:\/\/locababyekids.com.br\/sn\/wp-json\/wp\/v2\/comments?post=1930"}],"version-history":[{"count":0,"href":"https:\/\/locababyekids.com.br\/sn\/wp-json\/wp\/v2\/product\/1930\/revisions"}],"wp:featuredmedia":[{"embeddable":true,"href":"https:\/\/locababyekids.com.br\/sn\/wp-json\/wp\/v2\/media\/1932"}],"wp:attachment":[{"href":"https:\/\/locababyekids.com.br\/sn\/wp-json\/wp\/v2\/media?parent=1930"}],"wp:term":[{"taxonomy":"product_cat","embeddable":true,"href":"https:\/\/locababyekids.com.br\/sn\/wp-json\/wp\/v2\/product_cat?post=1930"},{"taxonomy":"product_tag","embeddable":true,"href":"https:\/\/locababyekids.com.br\/sn\/wp-json\/wp\/v2\/product_tag?post=1930"}],"curies":[{"name":"wp","href":"https:\/\/api.w.org\/{rel}","templated":true}]}}