{"id":1938,"date":"2024-07-03T23:12:54","date_gmt":"2024-07-04T02:12:54","guid":{"rendered":"https:\/\/locababyekids.com.br\/sn\/?post_type=product&#038;p=1938"},"modified":"2024-07-03T23:24:02","modified_gmt":"2024-07-04T02:24:02","slug":"bico-mamadeira-avent-petala-no4-6m","status":"publish","type":"product","link":"https:\/\/locababyekids.com.br\/sn\/product\/bico-mamadeira-avent-petala-no4-6m\/","title":{"rendered":"Bico Mamadeira Avent P\u00e9tala N\u00ba4 &#8211; 6m+"},"content":{"rendered":"<p>As p\u00e9talas na parte interna do bico proporcionam maciez e flexibilidade sem contrair o bico.<br \/>\nEste bico \u00e9 feito de silicone, um material isento de bisfenol. O bico AVENT com design de p\u00e9tala, com extra flexibilidade, possui design de p\u00e9tala para que o beb\u00ea possa abocanh\u00e1-lo como se fosse o seio, al\u00e9m do novo design do bico em espiral, que \u00e9 mais flex\u00edvel. O bico p\u00e9tala facilita a amamenta\u00e7\u00e3o pelo seio e pela mamadeira.<br \/>\nFluxo R\u00e1pido.<\/p>\n<p><span style=\"color: #808080; font-size: 12px;\">Dimens\u00f5es do produto: 12 cm x 10 cm x 10 cm.<br \/>\n<\/span><span style=\"color: #808080; font-size: 12px;\">Dimens\u00f5es do pacote: 6 cm x\u00a0 6 cm x 4 cm.<\/span><br \/>\n<span style=\"color: #808080; font-size: 12px;\">Peso: 50 g.<\/span><\/p>\n","protected":false},"excerpt":{"rendered":"<p>As p\u00e9talas na parte interna do bico proporcionam maciez e flexibilidade sem contrair o bico. Este bico \u00e9 feito de silicone, um material isento de bisfenol. O bico AVENT com<\/p>\n","protected":false},"featured_media":1939,"comment_status":"open","ping_status":"closed","template":"","meta":{"_joinchat":[]},"product_cat":[178],"product_tag":[],"class_list":{"0":"post-1938","1":"product","2":"type-product","3":"status-publish","6":"product_cat-bico-de-mamadeira","8":"first","9":"instock","10":"taxable","11":"shipping-taxable","12":"purchasable","13":"product-type-simple"},"_links":{"self":[{"href":"https:\/\/locababyekids.com.br\/sn\/wp-json\/wp\/v2\/product\/1938"}],"collection":[{"href":"https:\/\/locababyekids.com.br\/sn\/wp-json\/wp\/v2\/product"}],"about":[{"href":"https:\/\/locababyekids.com.br\/sn\/wp-json\/wp\/v2\/types\/product"}],"replies":[{"embeddable":true,"href":"https:\/\/locababyekids.com.br\/sn\/wp-json\/wp\/v2\/comments?post=1938"}],"version-history":[{"count":0,"href":"https:\/\/locababyekids.com.br\/sn\/wp-json\/wp\/v2\/product\/1938\/revisions"}],"wp:featuredmedia":[{"embeddable":true,"href":"https:\/\/locababyekids.com.br\/sn\/wp-json\/wp\/v2\/media\/1939"}],"wp:attachment":[{"href":"https:\/\/locababyekids.com.br\/sn\/wp-json\/wp\/v2\/media?parent=1938"}],"wp:term":[{"taxonomy":"product_cat","embeddable":true,"href":"https:\/\/locababyekids.com.br\/sn\/wp-json\/wp\/v2\/product_cat?post=1938"},{"taxonomy":"product_tag","embeddable":true,"href":"https:\/\/locababyekids.com.br\/sn\/wp-json\/wp\/v2\/product_tag?post=1938"}],"curies":[{"name":"wp","href":"https:\/\/api.w.org\/{rel}","templated":true}]}}