{"id":1943,"date":"2024-07-03T23:24:10","date_gmt":"2024-07-04T02:24:10","guid":{"rendered":"https:\/\/locababyekids.com.br\/sn\/?post_type=product&#038;p=1943"},"modified":"2024-07-03T23:34:40","modified_gmt":"2024-07-04T02:34:40","slug":"bico-mamadeira-avent-petala-no2-1m-com-02-unidades","status":"publish","type":"product","link":"https:\/\/locababyekids.com.br\/sn\/product\/bico-mamadeira-avent-petala-no2-1m-com-02-unidades\/","title":{"rendered":"Bico Mamadeira Avent P\u00e9tala N\u00ba2 &#8211; 1m+ Com 02 Unidades"},"content":{"rendered":"<p>Adequado para beb\u00eas de 1 a 3 meses com velocidade de fluxo lento. Embalagem cont\u00e9m 2 unidades para maior conveni\u00eancia.<br \/>\nO bico AVENT com design de p\u00e9tala, com extra flexibilidade, possui design de p\u00e9tala para que o beb\u00ea possa abocanh\u00e1-lo como se fosse o seio, al\u00e9m do novo design do bico em espiral, que \u00e9 mais flex\u00edvel. O bico p\u00e9tala facilita a amamenta\u00e7\u00e3o pelo seio e pela mamadeira.<\/p>\n<p><span style=\"color: #808080; font-size: 12px;\">Dimens\u00f5es do produto: 5,1 cm x 5,1 cm x 4 cm.<br \/>\n<\/span><span style=\"color: #808080; font-size: 12px;\">Dimens\u00f5es do pacote: 6 cm x\u00a0 6 cm x 4 cm.<\/span><br \/>\n<span style=\"color: #808080; font-size: 12px;\">Peso: 50 g.<\/span><\/p>\n","protected":false},"excerpt":{"rendered":"<p>Adequado para beb\u00eas de 1 a 3 meses com velocidade de fluxo lento. Embalagem cont\u00e9m 2 unidades para maior conveni\u00eancia. O bico AVENT com design de p\u00e9tala, com extra flexibilidade,<\/p>\n","protected":false},"featured_media":1944,"comment_status":"open","ping_status":"closed","template":"","meta":{"_joinchat":[]},"product_cat":[178],"product_tag":[],"class_list":{"0":"post-1943","1":"product","2":"type-product","3":"status-publish","6":"product_cat-bico-de-mamadeira","8":"first","9":"instock","10":"taxable","11":"shipping-taxable","12":"purchasable","13":"product-type-simple"},"_links":{"self":[{"href":"https:\/\/locababyekids.com.br\/sn\/wp-json\/wp\/v2\/product\/1943"}],"collection":[{"href":"https:\/\/locababyekids.com.br\/sn\/wp-json\/wp\/v2\/product"}],"about":[{"href":"https:\/\/locababyekids.com.br\/sn\/wp-json\/wp\/v2\/types\/product"}],"replies":[{"embeddable":true,"href":"https:\/\/locababyekids.com.br\/sn\/wp-json\/wp\/v2\/comments?post=1943"}],"version-history":[{"count":0,"href":"https:\/\/locababyekids.com.br\/sn\/wp-json\/wp\/v2\/product\/1943\/revisions"}],"wp:featuredmedia":[{"embeddable":true,"href":"https:\/\/locababyekids.com.br\/sn\/wp-json\/wp\/v2\/media\/1944"}],"wp:attachment":[{"href":"https:\/\/locababyekids.com.br\/sn\/wp-json\/wp\/v2\/media?parent=1943"}],"wp:term":[{"taxonomy":"product_cat","embeddable":true,"href":"https:\/\/locababyekids.com.br\/sn\/wp-json\/wp\/v2\/product_cat?post=1943"},{"taxonomy":"product_tag","embeddable":true,"href":"https:\/\/locababyekids.com.br\/sn\/wp-json\/wp\/v2\/product_tag?post=1943"}],"curies":[{"name":"wp","href":"https:\/\/api.w.org\/{rel}","templated":true}]}}