{"id":1998,"date":"2024-07-04T21:55:45","date_gmt":"2024-07-05T00:55:45","guid":{"rendered":"https:\/\/locababyekids.com.br\/sn\/?post_type=product&#038;p=1998"},"modified":"2024-07-04T22:04:32","modified_gmt":"2024-07-05T01:04:32","slug":"bico-mamadeira-petala-no3-3m-02-unidades-philips-avent-transparente","status":"publish","type":"product","link":"https:\/\/locababyekids.com.br\/sn\/product\/bico-mamadeira-petala-no3-3m-02-unidades-philips-avent-transparente\/","title":{"rendered":"Bico Mamadeira P\u00e9tala N\u00ba3 &#8211; 3m+ &#8211; 02 Unidades &#8211; Philips Avent (Transparente)"},"content":{"rendered":"<p>Velocidade de fluxo moderado, ideal para beb\u00eas a partir de 3 meses.<br \/>\nEmbalagem cont\u00e9m 02 unidades para maior conveni\u00eancia.<br \/>\nO bico AVENT com design de p\u00e9tala, com extra flexibilidade, possui design de p\u00e9tala para que o beb\u00ea possa abocanh\u00e1-lo como se fosse o seio, al\u00e9m do novo design do bico em espiral, que \u00e9 mais flex\u00edvel. O bico p\u00e9tala facilita a amamenta\u00e7\u00e3o pelo seio e pela mamadeira.<\/p>\n<p><span style=\"color: #808080; font-size: 12px;\">Dimens\u00f5es do produto: 5,1 cm x 5,1 cm x 4 cm.<br \/>\n<\/span><span style=\"color: #808080; font-size: 12px;\">Dimens\u00f5es do pacote: 6 cm x\u00a0 6 cm x 4 cm.<\/span><br \/>\n<span style=\"color: #808080; font-size: 12px;\">Peso: 50 g.<\/span><\/p>\n","protected":false},"excerpt":{"rendered":"<p>Velocidade de fluxo moderado, ideal para beb\u00eas a partir de 3 meses. Embalagem cont\u00e9m 02 unidades para maior conveni\u00eancia. O bico AVENT com design de p\u00e9tala, com extra flexibilidade, possui<\/p>\n","protected":false},"featured_media":1999,"comment_status":"open","ping_status":"closed","template":"","meta":{"_joinchat":[]},"product_cat":[178],"product_tag":[],"class_list":{"0":"post-1998","1":"product","2":"type-product","3":"status-publish","6":"product_cat-bico-de-mamadeira","8":"first","9":"instock","10":"taxable","11":"shipping-taxable","12":"purchasable","13":"product-type-simple"},"_links":{"self":[{"href":"https:\/\/locababyekids.com.br\/sn\/wp-json\/wp\/v2\/product\/1998"}],"collection":[{"href":"https:\/\/locababyekids.com.br\/sn\/wp-json\/wp\/v2\/product"}],"about":[{"href":"https:\/\/locababyekids.com.br\/sn\/wp-json\/wp\/v2\/types\/product"}],"replies":[{"embeddable":true,"href":"https:\/\/locababyekids.com.br\/sn\/wp-json\/wp\/v2\/comments?post=1998"}],"version-history":[{"count":0,"href":"https:\/\/locababyekids.com.br\/sn\/wp-json\/wp\/v2\/product\/1998\/revisions"}],"wp:featuredmedia":[{"embeddable":true,"href":"https:\/\/locababyekids.com.br\/sn\/wp-json\/wp\/v2\/media\/1999"}],"wp:attachment":[{"href":"https:\/\/locababyekids.com.br\/sn\/wp-json\/wp\/v2\/media?parent=1998"}],"wp:term":[{"taxonomy":"product_cat","embeddable":true,"href":"https:\/\/locababyekids.com.br\/sn\/wp-json\/wp\/v2\/product_cat?post=1998"},{"taxonomy":"product_tag","embeddable":true,"href":"https:\/\/locababyekids.com.br\/sn\/wp-json\/wp\/v2\/product_tag?post=1998"}],"curies":[{"name":"wp","href":"https:\/\/api.w.org\/{rel}","templated":true}]}}