{"id":2011,"date":"2024-07-04T22:32:59","date_gmt":"2024-07-05T01:32:59","guid":{"rendered":"https:\/\/locababyekids.com.br\/sn\/?post_type=product&#038;p=2011"},"modified":"2024-07-04T22:45:49","modified_gmt":"2024-07-05T01:45:49","slug":"esterilizador-neopan","status":"publish","type":"product","link":"https:\/\/locababyekids.com.br\/sn\/product\/esterilizador-neopan\/","title":{"rendered":"Esterilizador Neopan"},"content":{"rendered":"<p>O Esterilizador Neopan tem capacidade para 4 mamadeiras e sua esteriliza\u00e7\u00e3o ser\u00e1 completa ocorre em 5 minutos. N\u00e3o cont\u00e9m bisfenol A.<br \/>\nOs Esterilizadores Reutiliz\u00e1veis \u200b\u200bpara Micro-ondas s\u00e3o uma solu\u00e7\u00e3o perfeita para garantir a m\u00e1xima higiene das mamadeiras, bicos, chupetas e acess\u00f3rios de bombas extratoras de leite.<\/p>\n<p><span style=\"color: #808080; font-size: 12px;\">Dimens\u00f5es do produto: 21 cm x 24 cm x 17,5 cm.<br \/>\n<\/span><span style=\"color: #808080; font-size: 12px;\">Dimens\u00f5es do pacote: 24 cm x\u00a0 24 cm x 13 cm.<\/span><br \/>\n<span style=\"color: #808080; font-size: 12px;\">Peso: 588 g.<\/span><\/p>\n","protected":false},"excerpt":{"rendered":"<p>O Esterilizador Neopan tem capacidade para 4 mamadeiras e sua esteriliza\u00e7\u00e3o ser\u00e1 completa ocorre em 5 minutos. N\u00e3o cont\u00e9m bisfenol A. Os Esterilizadores Reutiliz\u00e1veis \u200b\u200bpara Micro-ondas s\u00e3o uma solu\u00e7\u00e3o perfeita<\/p>\n","protected":false},"featured_media":2012,"comment_status":"open","ping_status":"closed","template":"","meta":{"_joinchat":[]},"product_cat":[200],"product_tag":[],"class_list":{"0":"post-2011","1":"product","2":"type-product","3":"status-publish","6":"product_cat-higiene","8":"first","9":"instock","10":"taxable","11":"shipping-taxable","12":"purchasable","13":"product-type-simple"},"_links":{"self":[{"href":"https:\/\/locababyekids.com.br\/sn\/wp-json\/wp\/v2\/product\/2011"}],"collection":[{"href":"https:\/\/locababyekids.com.br\/sn\/wp-json\/wp\/v2\/product"}],"about":[{"href":"https:\/\/locababyekids.com.br\/sn\/wp-json\/wp\/v2\/types\/product"}],"replies":[{"embeddable":true,"href":"https:\/\/locababyekids.com.br\/sn\/wp-json\/wp\/v2\/comments?post=2011"}],"version-history":[{"count":0,"href":"https:\/\/locababyekids.com.br\/sn\/wp-json\/wp\/v2\/product\/2011\/revisions"}],"wp:featuredmedia":[{"embeddable":true,"href":"https:\/\/locababyekids.com.br\/sn\/wp-json\/wp\/v2\/media\/2012"}],"wp:attachment":[{"href":"https:\/\/locababyekids.com.br\/sn\/wp-json\/wp\/v2\/media?parent=2011"}],"wp:term":[{"taxonomy":"product_cat","embeddable":true,"href":"https:\/\/locababyekids.com.br\/sn\/wp-json\/wp\/v2\/product_cat?post=2011"},{"taxonomy":"product_tag","embeddable":true,"href":"https:\/\/locababyekids.com.br\/sn\/wp-json\/wp\/v2\/product_tag?post=2011"}],"curies":[{"name":"wp","href":"https:\/\/api.w.org\/{rel}","templated":true}]}}