{"id":2017,"date":"2024-07-04T22:46:03","date_gmt":"2024-07-05T01:46:03","guid":{"rendered":"https:\/\/locababyekids.com.br\/sn\/?post_type=product&#038;p=2017"},"modified":"2025-05-27T16:51:46","modified_gmt":"2025-05-27T19:51:46","slug":"bomba-extratora-de-leite-eletrica-elvie-portatil","status":"publish","type":"product","link":"https:\/\/locababyekids.com.br\/sn\/product\/bomba-extratora-de-leite-eletrica-elvie-portatil\/","title":{"rendered":"Bomba Extratora de Leite El\u00e9trica Elvie Port\u00e1til"},"content":{"rendered":"<p>A Bomba Elvie \u00e9 super discreta e confort\u00e1vel para o uso no dia a dia.<br \/>\nConecte-se a um aplicativo que monitora o volume de leite j\u00e1 bombeado, o hist\u00f3rico de lacta\u00e7\u00e3o e muito mais..<br \/>\nSuper compacta, para voc\u00ea levar onde quiser. Super discreta e com design perfeito que se encaixa e comporta perfeitamente o seio.<br \/>\nBOMBA A QUALQUER HORA, EM QUALQUER LUGAR. A menor, mais leve e mais silenciosa bomba de leite port\u00e1til Elvie Pump possibilita bombear do seu jeito: em casa, no trabalho ou durante uma viagem. Livre-se das horas que voc\u00ea passa escondido em arm\u00e1rios, amarrado a uma parede ou limpando canos. Com o Elvie Pump, voc\u00ea pode liderar a reuni\u00e3o, sair ou simplesmente desfrutar de um pouco de paz e sossego&#8230; tudo isso enquanto bombeia. Livre de bpa.<\/p>\n<p><span style=\"color: #808080; font-size: 12px;\">Dimens\u00f5es do produto: 7 cm x 13 cm x 17 cm.<br \/>\n<\/span><span style=\"color: #808080; font-size: 12px;\">Dimens\u00f5es do pacote: 16 cm x\u00a0 12 cm x 8 cm.<\/span><br \/>\n<span style=\"color: #808080; font-size: 12px;\">Peso: 75 g.<\/span><\/p>\n","protected":false},"excerpt":{"rendered":"<p><a href=\"https:\/\/wa.me\/553136461063\" target=\"_blank\" rel=\"noopener\" aria-label=\"Chat on WhatsApp\"><br \/>\n<button>Loca\u00e7\u00e3o<\/button><\/a>\u00a0 \u00a0<a href=\"https:\/\/wa.me\/553136461063\" target=\"_blank\" rel=\"noopener\" aria-label=\"Chat on WhatsApp\"><img decoding=\"async\" class=\"alignnone wp-image-1398\" src=\"https:\/\/locababyekids.com.br\/sn\/wp-content\/uploads\/2024\/06\/whatsapp-297x300.png\" alt=\"\" width=\"33\" height=\"33\" \/><\/a><\/p>\n","protected":false},"featured_media":2018,"comment_status":"open","ping_status":"closed","template":"","meta":{"_joinchat":[]},"product_cat":[295,175],"product_tag":[285],"class_list":{"0":"post-2017","1":"product","2":"type-product","3":"status-publish","6":"product_cat-aluguel-de-bomba-de-leite","7":"product_cat-bomba-tira-leite-eletrica","8":"product_tag-locacao","10":"first","11":"instock","12":"taxable","13":"shipping-taxable","14":"product-type-simple"},"_links":{"self":[{"href":"https:\/\/locababyekids.com.br\/sn\/wp-json\/wp\/v2\/product\/2017"}],"collection":[{"href":"https:\/\/locababyekids.com.br\/sn\/wp-json\/wp\/v2\/product"}],"about":[{"href":"https:\/\/locababyekids.com.br\/sn\/wp-json\/wp\/v2\/types\/product"}],"replies":[{"embeddable":true,"href":"https:\/\/locababyekids.com.br\/sn\/wp-json\/wp\/v2\/comments?post=2017"}],"version-history":[{"count":1,"href":"https:\/\/locababyekids.com.br\/sn\/wp-json\/wp\/v2\/product\/2017\/revisions"}],"predecessor-version":[{"id":2955,"href":"https:\/\/locababyekids.com.br\/sn\/wp-json\/wp\/v2\/product\/2017\/revisions\/2955"}],"wp:featuredmedia":[{"embeddable":true,"href":"https:\/\/locababyekids.com.br\/sn\/wp-json\/wp\/v2\/media\/2018"}],"wp:attachment":[{"href":"https:\/\/locababyekids.com.br\/sn\/wp-json\/wp\/v2\/media?parent=2017"}],"wp:term":[{"taxonomy":"product_cat","embeddable":true,"href":"https:\/\/locababyekids.com.br\/sn\/wp-json\/wp\/v2\/product_cat?post=2017"},{"taxonomy":"product_tag","embeddable":true,"href":"https:\/\/locababyekids.com.br\/sn\/wp-json\/wp\/v2\/product_tag?post=2017"}],"curies":[{"name":"wp","href":"https:\/\/api.w.org\/{rel}","templated":true}]}}