{"id":2026,"date":"2024-07-04T23:11:44","date_gmt":"2024-07-05T02:11:44","guid":{"rendered":"https:\/\/locababyekids.com.br\/sn\/?post_type=product&#038;p=2026"},"modified":"2024-07-04T23:32:36","modified_gmt":"2024-07-05T02:32:36","slug":"colher-dosadora-silicone-baby-dufy","status":"publish","type":"product","link":"https:\/\/locababyekids.com.br\/sn\/product\/colher-dosadora-silicone-baby-dufy\/","title":{"rendered":"Colher Dosadora Silicone &#8211; Baby Dufy"},"content":{"rendered":"<p>Colher Dosadora em silicone. Os pequenos v\u00e3o se deliciar! A colher dosadora \u00e9 super pr\u00e1tica, possui recipiente para armazenar a papinha e libera o conte\u00fado \u00e0 medida que o beb\u00ea se alimenta. Ideal para a introdu\u00e7\u00e3o alimentar, possui tampa protetora para armazenar e transportar com higiene. Cont\u00e9m: 1 unidade com capacidade para 90ml. Composi\u00e7\u00e3o: Recipiente: 100% silicone; Tampa e veda\u00e7\u00e3o: 100% polipropileno (pp). Livre de bpa e ftalatos. Produto 100% at\u00f3xico. Recomenda\u00e7\u00f5es: Este produto pode ser esterilizado em \u00e1gua fervida. pode ir ao micro-ondas e pode ir \u00e0 lava-lou\u00e7as. Lave bem antes do primeiro uso com \u00e1gua corrente e sab\u00e3o neutro. Manter em local seco, longe do alcance do sol. Examinar regularmente o estado de todas as pe\u00e7as do produto. Se apresentar dano ou sinal de desgaste, descarte o produto imediatamente. Realizar o descarte adequado dos sacos pl\u00e1sticos, fitas adesivas, fechos, etc. Este produto poder\u00e1 apresentar varia\u00e7\u00e3o de cores e detalhes.<\/p>\n<p><span style=\"color: #808080; font-size: 12px;\">Dimens\u00f5es do produto: 0 cm x 0 cm x 0 cm.<br \/>\n<\/span><span style=\"color: #808080; font-size: 12px;\">Dimens\u00f5es do pacote: 0 cm x\u00a0 0 cm x0 8 cm.<\/span><br \/>\n<span style=\"color: #808080; font-size: 12px;\">Peso: 0 g.<\/span><\/p>\n","protected":false},"excerpt":{"rendered":"<p>Colher Dosadora em silicone. Os pequenos v\u00e3o se deliciar! A colher dosadora \u00e9 super pr\u00e1tica, possui recipiente para armazenar a papinha e libera o conte\u00fado \u00e0 medida que o beb\u00ea<\/p>\n","protected":false},"featured_media":2032,"comment_status":"open","ping_status":"closed","template":"","meta":{"_joinchat":[]},"product_cat":[181],"product_tag":[],"class_list":{"0":"post-2026","1":"product","2":"type-product","3":"status-publish","6":"product_cat-colher-dosadora","8":"first","9":"instock","10":"taxable","11":"shipping-taxable","12":"purchasable","13":"product-type-simple"},"_links":{"self":[{"href":"https:\/\/locababyekids.com.br\/sn\/wp-json\/wp\/v2\/product\/2026"}],"collection":[{"href":"https:\/\/locababyekids.com.br\/sn\/wp-json\/wp\/v2\/product"}],"about":[{"href":"https:\/\/locababyekids.com.br\/sn\/wp-json\/wp\/v2\/types\/product"}],"replies":[{"embeddable":true,"href":"https:\/\/locababyekids.com.br\/sn\/wp-json\/wp\/v2\/comments?post=2026"}],"version-history":[{"count":0,"href":"https:\/\/locababyekids.com.br\/sn\/wp-json\/wp\/v2\/product\/2026\/revisions"}],"wp:featuredmedia":[{"embeddable":true,"href":"https:\/\/locababyekids.com.br\/sn\/wp-json\/wp\/v2\/media\/2032"}],"wp:attachment":[{"href":"https:\/\/locababyekids.com.br\/sn\/wp-json\/wp\/v2\/media?parent=2026"}],"wp:term":[{"taxonomy":"product_cat","embeddable":true,"href":"https:\/\/locababyekids.com.br\/sn\/wp-json\/wp\/v2\/product_cat?post=2026"},{"taxonomy":"product_tag","embeddable":true,"href":"https:\/\/locababyekids.com.br\/sn\/wp-json\/wp\/v2\/product_tag?post=2026"}],"curies":[{"name":"wp","href":"https:\/\/api.w.org\/{rel}","templated":true}]}}