{"id":2037,"date":"2024-07-06T20:15:55","date_gmt":"2024-07-06T23:15:55","guid":{"rendered":"https:\/\/locababyekids.com.br\/sn\/?post_type=product&#038;p=2037"},"modified":"2024-07-06T22:41:35","modified_gmt":"2024-07-07T01:41:35","slug":"escova-para-mamadeira-e-bico-em-silicone","status":"publish","type":"product","link":"https:\/\/locababyekids.com.br\/sn\/product\/escova-para-mamadeira-e-bico-em-silicone\/","title":{"rendered":"Escova para Mamadeira e Bico em Silicone"},"content":{"rendered":"<p>A Escova para Mamadeira e Bico da Buba \u00e9 ideal para lavar garrafas e mamadeiras, pois atinge \u00e1reas dif\u00edceis de serem alcan\u00e7adas. As cerdas resistentes e macias foram desenvolvidas para promover a higiene sem danificar o produto.<br \/>\nO kit de escova para mamadeira da Buba \u00e9 um grande aliado na limpeza de bicos e mamadeiras, al\u00e9m de alcan\u00e7ar as partes mais dif\u00edceis, a escova possui cerdas macias e resistentes possibilitando uma perfeita higieniza\u00e7\u00e3o.<\/p>\n<p><span style=\"color: #808080; font-size: 12px;\">Material\/Composi\u00e7\u00e3o: Silicone, pl\u00e1stico.<\/span><br \/>\n<span style=\"color: #808080; font-size: 12px;\">Cor: Cinza e Rosa.<\/span><br \/>\n<span style=\"color: #808080; font-size: 12px;\">Dimens\u00f5es do produto: 5 cm x 5 cm x 27 cm.<br \/>\n<\/span><span style=\"color: #808080; font-size: 12px;\">Dimens\u00f5es do pacote: 8 cm x\u00a0 12 cm x 38 cm.<\/span><br \/>\n<span style=\"color: #808080; font-size: 12px;\">Peso: 84 g.<\/span><\/p>\n","protected":false},"excerpt":{"rendered":"<p>A Escova para Mamadeira e Bico da Buba \u00e9 ideal para lavar garrafas e mamadeiras, pois atinge \u00e1reas dif\u00edceis de serem alcan\u00e7adas. As cerdas resistentes e macias foram desenvolvidas para<\/p>\n","protected":false},"featured_media":2038,"comment_status":"open","ping_status":"closed","template":"","meta":{"_joinchat":[]},"product_cat":[180],"product_tag":[],"class_list":{"0":"post-2037","1":"product","2":"type-product","3":"status-publish","6":"product_cat-escova-de-mamadeira","8":"first","9":"instock","10":"taxable","11":"shipping-taxable","12":"purchasable","13":"product-type-variable"},"_links":{"self":[{"href":"https:\/\/locababyekids.com.br\/sn\/wp-json\/wp\/v2\/product\/2037"}],"collection":[{"href":"https:\/\/locababyekids.com.br\/sn\/wp-json\/wp\/v2\/product"}],"about":[{"href":"https:\/\/locababyekids.com.br\/sn\/wp-json\/wp\/v2\/types\/product"}],"replies":[{"embeddable":true,"href":"https:\/\/locababyekids.com.br\/sn\/wp-json\/wp\/v2\/comments?post=2037"}],"version-history":[{"count":0,"href":"https:\/\/locababyekids.com.br\/sn\/wp-json\/wp\/v2\/product\/2037\/revisions"}],"wp:featuredmedia":[{"embeddable":true,"href":"https:\/\/locababyekids.com.br\/sn\/wp-json\/wp\/v2\/media\/2038"}],"wp:attachment":[{"href":"https:\/\/locababyekids.com.br\/sn\/wp-json\/wp\/v2\/media?parent=2037"}],"wp:term":[{"taxonomy":"product_cat","embeddable":true,"href":"https:\/\/locababyekids.com.br\/sn\/wp-json\/wp\/v2\/product_cat?post=2037"},{"taxonomy":"product_tag","embeddable":true,"href":"https:\/\/locababyekids.com.br\/sn\/wp-json\/wp\/v2\/product_tag?post=2037"}],"curies":[{"name":"wp","href":"https:\/\/api.w.org\/{rel}","templated":true}]}}