{"id":2052,"date":"2024-07-06T23:08:55","date_gmt":"2024-07-07T02:08:55","guid":{"rendered":"https:\/\/locababyekids.com.br\/sn\/?post_type=product&#038;p=2052"},"modified":"2025-05-27T16:51:38","modified_gmt":"2025-05-27T19:51:38","slug":"cadeira-de-alimentacao-merenda-burigoto","status":"publish","type":"product","link":"https:\/\/locababyekids.com.br\/sn\/product\/cadeira-de-alimentacao-merenda-burigoto\/","title":{"rendered":"Cadeira de Alimenta\u00e7\u00e3o Merenda Burigoto"},"content":{"rendered":"<p>Para crian\u00e7as de 6 a 36 meses, at\u00e9 15 Kgs &#8211; Encosto reclin\u00e1vel em 3 posi\u00e7\u00f5es &#8211; Bandeja &#8211; Sobre bandeja remov\u00edvel que pode ir ao lava-lou\u00e7as &#8211; Cinto de seguran\u00e7a de 5 pontos com regulagem na altura dos ombros &#8211; Pedana &#8211; Retentor entrepernas &#8211; Estrutura tubular projetada para maior estabilidade &#8211; Pernas remov\u00edveis &#8211; Segura, leve e compacta &#8211; F\u00e1cil de abrir, fechar e guardar.<\/p>\n<p><span style=\"color: #808080; font-size: 12px;\">Idade recomendada: 6 meses &#8211; 3 anos.<\/span><br \/>\n<span style=\"color: #808080; font-size: 12px;\">Dimens\u00f5es do produto:\u00a0 93 cm x 65 cm\u00a0 x 100 cm.<\/span><\/p>\n","protected":false},"excerpt":{"rendered":"<p><a href=\"https:\/\/wa.me\/553136461063\" target=\"_blank\" rel=\"noopener\" aria-label=\"Chat on WhatsApp\"><br \/>\n<button>Loca\u00e7\u00e3o<\/button><\/a>\u00a0 \u00a0<a href=\"https:\/\/wa.me\/553136461063\" target=\"_blank\" rel=\"noopener\" aria-label=\"Chat on WhatsApp\"><img decoding=\"async\" class=\"alignnone wp-image-1398\" src=\"https:\/\/locababyekids.com.br\/sn\/wp-content\/uploads\/2024\/06\/whatsapp-297x300.png\" alt=\"\" width=\"33\" height=\"33\" \/><\/a><\/p>\n","protected":false},"featured_media":2053,"comment_status":"open","ping_status":"closed","template":"","meta":{"_joinchat":[]},"product_cat":[292,164],"product_tag":[285],"class_list":{"0":"post-2052","1":"product","2":"type-product","3":"status-publish","6":"product_cat-aluguel-de-cadeira-para-alimentacao","7":"product_cat-cadeira-para-alimentacao","8":"product_tag-locacao","10":"first","11":"instock","12":"taxable","13":"shipping-taxable","14":"product-type-simple"},"_links":{"self":[{"href":"https:\/\/locababyekids.com.br\/sn\/wp-json\/wp\/v2\/product\/2052"}],"collection":[{"href":"https:\/\/locababyekids.com.br\/sn\/wp-json\/wp\/v2\/product"}],"about":[{"href":"https:\/\/locababyekids.com.br\/sn\/wp-json\/wp\/v2\/types\/product"}],"replies":[{"embeddable":true,"href":"https:\/\/locababyekids.com.br\/sn\/wp-json\/wp\/v2\/comments?post=2052"}],"version-history":[{"count":1,"href":"https:\/\/locababyekids.com.br\/sn\/wp-json\/wp\/v2\/product\/2052\/revisions"}],"predecessor-version":[{"id":2954,"href":"https:\/\/locababyekids.com.br\/sn\/wp-json\/wp\/v2\/product\/2052\/revisions\/2954"}],"wp:featuredmedia":[{"embeddable":true,"href":"https:\/\/locababyekids.com.br\/sn\/wp-json\/wp\/v2\/media\/2053"}],"wp:attachment":[{"href":"https:\/\/locababyekids.com.br\/sn\/wp-json\/wp\/v2\/media?parent=2052"}],"wp:term":[{"taxonomy":"product_cat","embeddable":true,"href":"https:\/\/locababyekids.com.br\/sn\/wp-json\/wp\/v2\/product_cat?post=2052"},{"taxonomy":"product_tag","embeddable":true,"href":"https:\/\/locababyekids.com.br\/sn\/wp-json\/wp\/v2\/product_tag?post=2052"}],"curies":[{"name":"wp","href":"https:\/\/api.w.org\/{rel}","templated":true}]}}