{"id":2064,"date":"2024-07-07T00:05:47","date_gmt":"2024-07-07T03:05:47","guid":{"rendered":"https:\/\/locababyekids.com.br\/sn\/?post_type=product&#038;p=2064"},"modified":"2025-05-27T16:50:40","modified_gmt":"2025-05-27T19:50:40","slug":"cadeira-de-alimentacao-360-3-em-1","status":"publish","type":"product","link":"https:\/\/locababyekids.com.br\/sn\/product\/cadeira-de-alimentacao-360-3-em-1\/","title":{"rendered":"Cadeira De Alimenta\u00e7\u00e3o 360\u00b0 3 Em 1"},"content":{"rendered":"<p>A fun\u00e7\u00e3o 360\u00ba d\u00e1 praticidade na hora da alimenta\u00e7\u00e3o e permite uma maior intera\u00e7\u00e3o com o beb\u00ea. O encosto \u00e9 ajust\u00e1vel em 3 posi\u00e7\u00f5es de recl\u00ednio. A cadeira de f\u00e1cil montagem, sem necessitar de ferramentas ou processos complexos. Oferece seguran\u00e7a m\u00e1xima, pois inclui base est\u00e1vel e cinto de cinco pontos, com al\u00e7as ajust\u00e1veis para os ombros e corpinho do beb\u00ea. Bandeja remov\u00edvel e pode ir \u00e0 m\u00e1quina de lavar. Leve e de f\u00e1cil locomo\u00e7\u00e3o. F\u00e1cil de limpar, as superf\u00edcies s\u00e3o lisas e livres de cantos.<\/p>\n<p><span style=\"color: #808080; font-size: 12px;\">Peso suportado: at\u00e9 15 kg.<\/span><br \/>\n<span style=\"color: #808080; font-size: 12px;\">Dimens\u00f5es do produto:\u00a0 100 cm x 72 cm\u00a0 x 72 cm.<br \/>\nPeso: 7,3 kg.<\/span><\/p>\n","protected":false},"excerpt":{"rendered":"<p><a href=\"https:\/\/wa.me\/553136461063\" target=\"_blank\" rel=\"noopener\" aria-label=\"Chat on WhatsApp\"><br \/>\n<button>Loca\u00e7\u00e3o<\/button><\/a>\u00a0 \u00a0<a href=\"https:\/\/wa.me\/553136461063\" target=\"_blank\" rel=\"noopener\" aria-label=\"Chat on WhatsApp\"><img decoding=\"async\" class=\"alignnone wp-image-1398\" src=\"https:\/\/locababyekids.com.br\/sn\/wp-content\/uploads\/2024\/06\/whatsapp-297x300.png\" alt=\"\" width=\"33\" height=\"33\" \/><\/a><\/p>\n","protected":false},"featured_media":2065,"comment_status":"open","ping_status":"closed","template":"","meta":{"_joinchat":[]},"product_cat":[292,164],"product_tag":[285],"class_list":{"0":"post-2064","1":"product","2":"type-product","3":"status-publish","6":"product_cat-aluguel-de-cadeira-para-alimentacao","7":"product_cat-cadeira-para-alimentacao","8":"product_tag-locacao","10":"first","11":"instock","12":"taxable","13":"shipping-taxable","14":"product-type-simple"},"_links":{"self":[{"href":"https:\/\/locababyekids.com.br\/sn\/wp-json\/wp\/v2\/product\/2064"}],"collection":[{"href":"https:\/\/locababyekids.com.br\/sn\/wp-json\/wp\/v2\/product"}],"about":[{"href":"https:\/\/locababyekids.com.br\/sn\/wp-json\/wp\/v2\/types\/product"}],"replies":[{"embeddable":true,"href":"https:\/\/locababyekids.com.br\/sn\/wp-json\/wp\/v2\/comments?post=2064"}],"version-history":[{"count":1,"href":"https:\/\/locababyekids.com.br\/sn\/wp-json\/wp\/v2\/product\/2064\/revisions"}],"predecessor-version":[{"id":2952,"href":"https:\/\/locababyekids.com.br\/sn\/wp-json\/wp\/v2\/product\/2064\/revisions\/2952"}],"wp:featuredmedia":[{"embeddable":true,"href":"https:\/\/locababyekids.com.br\/sn\/wp-json\/wp\/v2\/media\/2065"}],"wp:attachment":[{"href":"https:\/\/locababyekids.com.br\/sn\/wp-json\/wp\/v2\/media?parent=2064"}],"wp:term":[{"taxonomy":"product_cat","embeddable":true,"href":"https:\/\/locababyekids.com.br\/sn\/wp-json\/wp\/v2\/product_cat?post=2064"},{"taxonomy":"product_tag","embeddable":true,"href":"https:\/\/locababyekids.com.br\/sn\/wp-json\/wp\/v2\/product_tag?post=2064"}],"curies":[{"name":"wp","href":"https:\/\/api.w.org\/{rel}","templated":true}]}}