{"id":2070,"date":"2024-07-07T00:24:38","date_gmt":"2024-07-07T03:24:38","guid":{"rendered":"https:\/\/locababyekids.com.br\/sn\/?post_type=product&#038;p=2070"},"modified":"2025-05-27T16:50:40","modified_gmt":"2025-05-27T19:50:40","slug":"cadeira-de-refeicao-portatil-smart-cosco-cinza","status":"publish","type":"product","link":"https:\/\/locababyekids.com.br\/sn\/product\/cadeira-de-refeicao-portatil-smart-cosco-cinza\/","title":{"rendered":"Cadeira de Refei\u00e7\u00e3o Port\u00e1til Smart Cosco \u2013 Cinza"},"content":{"rendered":"<p>A cadeira de alimenta\u00e7\u00e3o Smart Cosco \u00e9 facilmente instalada sobre uma cadeira, permitindo \u00e0 crian\u00e7a acompanhar a fam\u00edlia na hora das refei\u00e7\u00f5es. Possui 2 posi\u00e7\u00f5es de altura, tampa com porta objetos, cintos de seguran\u00e7a, bandeja remov\u00edvel e super compacta quando fechada. Pr\u00e1tica e segura, possui bandeja remov\u00edvel, cinto de seguran\u00e7a e compartimento para armazenar ou transportar objetos, como o talher e babador da crian\u00e7a. Acompanha o crescimento com 2 alturas de assento facilmente regul\u00e1veis por meio dos p\u00e9s retr\u00e1teis. Fechamento super compacto e estrutura leve para levar onde voc\u00ea for.<\/p>\n","protected":false},"excerpt":{"rendered":"<p><a href=\"https:\/\/wa.me\/553136461063\" target=\"_blank\" rel=\"noopener\" aria-label=\"Chat on WhatsApp\"><br \/>\n<button>Loca\u00e7\u00e3o<\/button><\/a>\u00a0 \u00a0<a href=\"https:\/\/wa.me\/553136461063\" target=\"_blank\" rel=\"noopener\" aria-label=\"Chat on WhatsApp\"><img decoding=\"async\" class=\"alignnone wp-image-1398\" src=\"https:\/\/locababyekids.com.br\/sn\/wp-content\/uploads\/2024\/06\/whatsapp-297x300.png\" alt=\"\" width=\"33\" height=\"33\" \/><\/a><\/p>\n","protected":false},"featured_media":2075,"comment_status":"open","ping_status":"closed","template":"","meta":{"_joinchat":[]},"product_cat":[292,165],"product_tag":[285],"class_list":{"0":"post-2070","1":"product","2":"type-product","3":"status-publish","6":"product_cat-aluguel-de-cadeira-para-alimentacao","7":"product_cat-cadeira-para-alimentacao-portatil","8":"product_tag-locacao","10":"first","11":"instock","12":"taxable","13":"shipping-taxable","14":"product-type-simple"},"_links":{"self":[{"href":"https:\/\/locababyekids.com.br\/sn\/wp-json\/wp\/v2\/product\/2070"}],"collection":[{"href":"https:\/\/locababyekids.com.br\/sn\/wp-json\/wp\/v2\/product"}],"about":[{"href":"https:\/\/locababyekids.com.br\/sn\/wp-json\/wp\/v2\/types\/product"}],"replies":[{"embeddable":true,"href":"https:\/\/locababyekids.com.br\/sn\/wp-json\/wp\/v2\/comments?post=2070"}],"version-history":[{"count":1,"href":"https:\/\/locababyekids.com.br\/sn\/wp-json\/wp\/v2\/product\/2070\/revisions"}],"predecessor-version":[{"id":2951,"href":"https:\/\/locababyekids.com.br\/sn\/wp-json\/wp\/v2\/product\/2070\/revisions\/2951"}],"wp:featuredmedia":[{"embeddable":true,"href":"https:\/\/locababyekids.com.br\/sn\/wp-json\/wp\/v2\/media\/2075"}],"wp:attachment":[{"href":"https:\/\/locababyekids.com.br\/sn\/wp-json\/wp\/v2\/media?parent=2070"}],"wp:term":[{"taxonomy":"product_cat","embeddable":true,"href":"https:\/\/locababyekids.com.br\/sn\/wp-json\/wp\/v2\/product_cat?post=2070"},{"taxonomy":"product_tag","embeddable":true,"href":"https:\/\/locababyekids.com.br\/sn\/wp-json\/wp\/v2\/product_tag?post=2070"}],"curies":[{"name":"wp","href":"https:\/\/api.w.org\/{rel}","templated":true}]}}