{"id":2077,"date":"2024-07-07T15:39:57","date_gmt":"2024-07-07T18:39:57","guid":{"rendered":"https:\/\/locababyekids.com.br\/sn\/?post_type=product&#038;p=2077"},"modified":"2024-07-07T16:08:14","modified_gmt":"2024-07-07T19:08:14","slug":"copo-com-alca-removivel-buba-rosa-ou-azul","status":"publish","type":"product","link":"https:\/\/locababyekids.com.br\/sn\/product\/copo-com-alca-removivel-buba-rosa-ou-azul\/","title":{"rendered":"Copo Com Alca Remov\u00edvel Buba &#8211; Rosa ou Azul"},"content":{"rendered":"<p>A Copo com Al\u00e7a da Buba \u00e9 ideal para o dia a dia do pequeno. Possui v\u00e1lvula que acompanha o l\u00edquido e permite beber em qualquer posi\u00e7\u00e3o sem ingerir ar, prevenindo o ac\u00famulo de gases. Com canudo em silicone macio e capacidade para 220 ml, acompanha as diferentes fases do beb\u00ea.<\/p>\n<p><span style=\"color: #808080; font-size: 12px;\">Capacidade: 220 ml.<\/span><br \/>\n<span style=\"color: #808080; font-size: 12px;\">Cores: Rosa ou Azul.<\/span><br \/>\n<span style=\"color: #808080; font-size: 12px;\">Dimens\u00f5es do produto: 8 cm x 14 cm x 13 cm.<br \/>\n<\/span><span style=\"color: #808080; font-size: 12px;\">Dimens\u00f5es do pacote: 18 cm x\u00a0 8 cm x 16 cm.<\/span><br \/>\n<span style=\"color: #808080; font-size: 12px;\">Peso: 104 g.<\/span><\/p>\n","protected":false},"excerpt":{"rendered":"<p>A Copo com Al\u00e7a da Buba \u00e9 ideal para o dia a dia do pequeno. Possui v\u00e1lvula que acompanha o l\u00edquido e permite beber em qualquer posi\u00e7\u00e3o sem ingerir ar,<\/p>\n","protected":false},"featured_media":2084,"comment_status":"open","ping_status":"closed","template":"","meta":{"_joinchat":[]},"product_cat":[168],"product_tag":[],"class_list":{"0":"post-2077","1":"product","2":"type-product","3":"status-publish","6":"product_cat-kit-copo","8":"first","9":"instock","10":"taxable","11":"shipping-taxable","12":"purchasable","13":"product-type-variable"},"_links":{"self":[{"href":"https:\/\/locababyekids.com.br\/sn\/wp-json\/wp\/v2\/product\/2077"}],"collection":[{"href":"https:\/\/locababyekids.com.br\/sn\/wp-json\/wp\/v2\/product"}],"about":[{"href":"https:\/\/locababyekids.com.br\/sn\/wp-json\/wp\/v2\/types\/product"}],"replies":[{"embeddable":true,"href":"https:\/\/locababyekids.com.br\/sn\/wp-json\/wp\/v2\/comments?post=2077"}],"version-history":[{"count":0,"href":"https:\/\/locababyekids.com.br\/sn\/wp-json\/wp\/v2\/product\/2077\/revisions"}],"wp:featuredmedia":[{"embeddable":true,"href":"https:\/\/locababyekids.com.br\/sn\/wp-json\/wp\/v2\/media\/2084"}],"wp:attachment":[{"href":"https:\/\/locababyekids.com.br\/sn\/wp-json\/wp\/v2\/media?parent=2077"}],"wp:term":[{"taxonomy":"product_cat","embeddable":true,"href":"https:\/\/locababyekids.com.br\/sn\/wp-json\/wp\/v2\/product_cat?post=2077"},{"taxonomy":"product_tag","embeddable":true,"href":"https:\/\/locababyekids.com.br\/sn\/wp-json\/wp\/v2\/product_tag?post=2077"}],"curies":[{"name":"wp","href":"https:\/\/api.w.org\/{rel}","templated":true}]}}