{"id":2094,"date":"2024-07-07T16:11:10","date_gmt":"2024-07-07T19:11:10","guid":{"rendered":"https:\/\/locababyekids.com.br\/sn\/?post_type=product&#038;p=2094"},"modified":"2024-07-07T16:57:06","modified_gmt":"2024-07-07T19:57:06","slug":"copo-com-alca-buba-azul-ou-rosa","status":"publish","type":"product","link":"https:\/\/locababyekids.com.br\/sn\/product\/copo-com-alca-buba-azul-ou-rosa\/","title":{"rendered":"Copo com Al\u00e7a Buba \u2013 Azul ou Rosa"},"content":{"rendered":"<p>A Copo com Al\u00e7a da Buba \u00e9 ideal para o dia a dia do pequeno. Possui v\u00e1lvula que acompanha o l\u00edquido e permite beber em qualquer posi\u00e7\u00e3o sem ingerir ar, prevenindo o ac\u00famulo de gases. Com canudo em silicone macio e capacidade para 300 ml, acompanha as diferentes fases do beb\u00ea.<\/p>\n<p><span style=\"color: #808080; font-size: 12px;\">Capacidade: 300 ml.<\/span><br \/>\n<span style=\"color: #808080; font-size: 12px;\">Cores: Rosa ou Azul.<br \/>\n<\/span><span style=\"color: #808080; font-size: 12px;\">Idade recomendada: 12 meses &#8211; 3 anos.<br \/>\nDimens\u00f5es do produto: 8 cm x 13 cm x 17 cm.<br \/>\n<\/span><span style=\"color: #808080; font-size: 12px;\">Dimens\u00f5es do pacote: 21,5 cm x\u00a0 14,5 cm x 8,3 cm.<\/span><br \/>\n<span style=\"color: #808080; font-size: 12px;\">Peso: 170 g.<\/span><\/p>\n","protected":false},"excerpt":{"rendered":"<p>A Copo com Al\u00e7a da Buba \u00e9 ideal para o dia a dia do pequeno. Possui v\u00e1lvula que acompanha o l\u00edquido e permite beber em qualquer posi\u00e7\u00e3o sem ingerir ar,<\/p>\n","protected":false},"featured_media":2101,"comment_status":"open","ping_status":"closed","template":"","meta":{"_joinchat":[]},"product_cat":[168],"product_tag":[],"class_list":{"0":"post-2094","1":"product","2":"type-product","3":"status-publish","6":"product_cat-kit-copo","8":"first","9":"instock","10":"taxable","11":"shipping-taxable","12":"purchasable","13":"product-type-variable"},"_links":{"self":[{"href":"https:\/\/locababyekids.com.br\/sn\/wp-json\/wp\/v2\/product\/2094"}],"collection":[{"href":"https:\/\/locababyekids.com.br\/sn\/wp-json\/wp\/v2\/product"}],"about":[{"href":"https:\/\/locababyekids.com.br\/sn\/wp-json\/wp\/v2\/types\/product"}],"replies":[{"embeddable":true,"href":"https:\/\/locababyekids.com.br\/sn\/wp-json\/wp\/v2\/comments?post=2094"}],"version-history":[{"count":0,"href":"https:\/\/locababyekids.com.br\/sn\/wp-json\/wp\/v2\/product\/2094\/revisions"}],"wp:featuredmedia":[{"embeddable":true,"href":"https:\/\/locababyekids.com.br\/sn\/wp-json\/wp\/v2\/media\/2101"}],"wp:attachment":[{"href":"https:\/\/locababyekids.com.br\/sn\/wp-json\/wp\/v2\/media?parent=2094"}],"wp:term":[{"taxonomy":"product_cat","embeddable":true,"href":"https:\/\/locababyekids.com.br\/sn\/wp-json\/wp\/v2\/product_cat?post=2094"},{"taxonomy":"product_tag","embeddable":true,"href":"https:\/\/locababyekids.com.br\/sn\/wp-json\/wp\/v2\/product_tag?post=2094"}],"curies":[{"name":"wp","href":"https:\/\/api.w.org\/{rel}","templated":true}]}}