{"id":2105,"date":"2024-07-07T16:58:16","date_gmt":"2024-07-07T19:58:16","guid":{"rendered":"https:\/\/locababyekids.com.br\/sn\/?post_type=product&#038;p=2105"},"modified":"2024-07-07T17:12:00","modified_gmt":"2024-07-07T20:12:00","slug":"copo-trainer-night-220-ml-mam-azul","status":"publish","type":"product","link":"https:\/\/locababyekids.com.br\/sn\/product\/copo-trainer-night-220-ml-mam-azul\/","title":{"rendered":"Copo Trainer Night 220 ml MAM &#8211; Azul"},"content":{"rendered":"<p>Combinando design com funcionalidade, o Copo Trainer+ MAM com seu bocal extra macio antivazamento \u00e9 perfeito para o aprendizado do beb\u00ea quando est\u00e1 na fase de transi\u00e7\u00e3o para o copo. Suas al\u00e7as antideslizantes s\u00e3o compat\u00edveis com as mamadeiras da MAM &amp; copo Trainer+ Night * Bocal super macio com superf\u00edcie de Silicone Skinsoft * Desenvolvido com especialistas * Al\u00e7as especialmente desenhadas para as pequenas m\u00e3ozinhas. BOCAL &#8211; O bocal extra macio \u00e9 ideal para a transi\u00e7\u00e3o de um copo de treino para um copo comum.<\/p>\n<p><span style=\"color: #808080; font-size: 12px;\">Idade recomendada: 4 meses &#8211; 3 anos.<br \/>\nDimens\u00f5es do produto: 9 cm x 9 cm x 16 cm.<br \/>\n<\/span><span style=\"color: #808080; font-size: 12px;\">Dimens\u00f5es do pacote: 20 cm x\u00a0 18,2 cm x 6,2 cm.<\/span><br \/>\n<span style=\"color: #808080; font-size: 12px;\">Peso: 77 g.<\/span><\/p>\n","protected":false},"excerpt":{"rendered":"<p>Combinando design com funcionalidade, o Copo Trainer+ MAM com seu bocal extra macio antivazamento \u00e9 perfeito para o aprendizado do beb\u00ea quando est\u00e1 na fase de transi\u00e7\u00e3o para o copo.<\/p>\n","protected":false},"featured_media":2110,"comment_status":"open","ping_status":"closed","template":"","meta":{"_joinchat":[]},"product_cat":[168],"product_tag":[],"class_list":{"0":"post-2105","1":"product","2":"type-product","3":"status-publish","6":"product_cat-kit-copo","8":"first","9":"instock","10":"taxable","11":"shipping-taxable","12":"purchasable","13":"product-type-simple"},"_links":{"self":[{"href":"https:\/\/locababyekids.com.br\/sn\/wp-json\/wp\/v2\/product\/2105"}],"collection":[{"href":"https:\/\/locababyekids.com.br\/sn\/wp-json\/wp\/v2\/product"}],"about":[{"href":"https:\/\/locababyekids.com.br\/sn\/wp-json\/wp\/v2\/types\/product"}],"replies":[{"embeddable":true,"href":"https:\/\/locababyekids.com.br\/sn\/wp-json\/wp\/v2\/comments?post=2105"}],"version-history":[{"count":0,"href":"https:\/\/locababyekids.com.br\/sn\/wp-json\/wp\/v2\/product\/2105\/revisions"}],"wp:featuredmedia":[{"embeddable":true,"href":"https:\/\/locababyekids.com.br\/sn\/wp-json\/wp\/v2\/media\/2110"}],"wp:attachment":[{"href":"https:\/\/locababyekids.com.br\/sn\/wp-json\/wp\/v2\/media?parent=2105"}],"wp:term":[{"taxonomy":"product_cat","embeddable":true,"href":"https:\/\/locababyekids.com.br\/sn\/wp-json\/wp\/v2\/product_cat?post=2105"},{"taxonomy":"product_tag","embeddable":true,"href":"https:\/\/locababyekids.com.br\/sn\/wp-json\/wp\/v2\/product_tag?post=2105"}],"curies":[{"name":"wp","href":"https:\/\/api.w.org\/{rel}","templated":true}]}}