{"id":2112,"date":"2024-07-07T17:14:07","date_gmt":"2024-07-07T20:14:07","guid":{"rendered":"https:\/\/locababyekids.com.br\/sn\/?post_type=product&#038;p=2112"},"modified":"2024-07-07T19:51:33","modified_gmt":"2024-07-07T22:51:33","slug":"kit-refeicao-em-bambu-azul-ou-rosa","status":"publish","type":"product","link":"https:\/\/locababyekids.com.br\/sn\/product\/kit-refeicao-em-bambu-azul-ou-rosa\/","title":{"rendered":"Kit Refei\u00e7\u00e3o em Bambu &#8211; Azul ou Rosa"},"content":{"rendered":"<p>O Kit Refei\u00e7\u00e3o Bambu da Buba vai tornar as refei\u00e7\u00f5es muito mais pr\u00e1ticas! Cont\u00e9m prato, bowl, copinho, colher e garfo, com personagem divertido para atrair a aten\u00e7\u00e3o do pequeno e estimular a alimenta\u00e7\u00e3o. Possui Bambu em sua composi\u00e7\u00e3o, que \u00e9 biodegrad\u00e1vel. Conhe\u00e7a toda a nossa linha, os beb\u00eas v\u00e3o se apaixonar!<\/p>\n<p><span style=\"color: #808080; font-size: 12px;\">Idade recomendada: 6 meses &#8211; 2 anos.<br \/>\nDimens\u00f5es do produto: 21 cm x 21 cm x 2 cm.<br \/>\n<\/span><span style=\"color: #808080; font-size: 12px;\">Dimens\u00f5es do pacote: 29,4 cm x\u00a0 25,8 cm x 11,4 cm.<\/span><br \/>\n<span style=\"color: #808080; font-size: 12px;\">Peso: 348 g.<\/span><\/p>\n","protected":false},"excerpt":{"rendered":"<p>O Kit Refei\u00e7\u00e3o Bambu da Buba vai tornar as refei\u00e7\u00f5es muito mais pr\u00e1ticas! Cont\u00e9m prato, bowl, copinho, colher e garfo, com personagem divertido para atrair a aten\u00e7\u00e3o do pequeno e<\/p>\n","protected":false},"featured_media":2117,"comment_status":"open","ping_status":"closed","template":"","meta":{"_joinchat":[]},"product_cat":[166],"product_tag":[],"class_list":{"0":"post-2112","1":"product","2":"type-product","3":"status-publish","6":"product_cat-kit-prato","8":"first","9":"instock","10":"taxable","11":"shipping-taxable","12":"purchasable","13":"product-type-variable"},"_links":{"self":[{"href":"https:\/\/locababyekids.com.br\/sn\/wp-json\/wp\/v2\/product\/2112"}],"collection":[{"href":"https:\/\/locababyekids.com.br\/sn\/wp-json\/wp\/v2\/product"}],"about":[{"href":"https:\/\/locababyekids.com.br\/sn\/wp-json\/wp\/v2\/types\/product"}],"replies":[{"embeddable":true,"href":"https:\/\/locababyekids.com.br\/sn\/wp-json\/wp\/v2\/comments?post=2112"}],"version-history":[{"count":0,"href":"https:\/\/locababyekids.com.br\/sn\/wp-json\/wp\/v2\/product\/2112\/revisions"}],"wp:featuredmedia":[{"embeddable":true,"href":"https:\/\/locababyekids.com.br\/sn\/wp-json\/wp\/v2\/media\/2117"}],"wp:attachment":[{"href":"https:\/\/locababyekids.com.br\/sn\/wp-json\/wp\/v2\/media?parent=2112"}],"wp:term":[{"taxonomy":"product_cat","embeddable":true,"href":"https:\/\/locababyekids.com.br\/sn\/wp-json\/wp\/v2\/product_cat?post=2112"},{"taxonomy":"product_tag","embeddable":true,"href":"https:\/\/locababyekids.com.br\/sn\/wp-json\/wp\/v2\/product_tag?post=2112"}],"curies":[{"name":"wp","href":"https:\/\/api.w.org\/{rel}","templated":true}]}}