{"id":2120,"date":"2024-07-07T17:53:35","date_gmt":"2024-07-07T20:53:35","guid":{"rendered":"https:\/\/locababyekids.com.br\/sn\/?post_type=product&#038;p=2120"},"modified":"2025-05-21T15:49:16","modified_gmt":"2025-05-21T18:49:16","slug":"bowl-com-tampa-e-colher","status":"publish","type":"product","link":"https:\/\/locababyekids.com.br\/sn\/product\/bowl-com-tampa-e-colher\/","title":{"rendered":"Bowl com Tampa e Colher"},"content":{"rendered":"<p>O Bowl com Tampa e Colher \u00e9 perfeito para a hora da refei\u00e7\u00e3o do beb\u00ea. Com compartimento higi\u00eanico para transportar e proteger a colher, \u00e9 ideal para levar em passeios e viagens e garantir uma alimenta\u00e7\u00e3o segura e tranquila. Capacidade 300 ml. Produto livre de BPA. Recomenda\u00e7\u00f5es: Lave antes do primeiro uso com \u00e1gua corrente e sab\u00e3o neutro. Pode ser fervido, vai \u00e0 lava-lou\u00e7as (somente na prateleira superior), ao micro-ondas e ao freezer.<\/p>\n<p><span style=\"color: #808080; font-size: 12px;\">Idade recomendada: 6 meses &#8211; 2 anos.<br \/>\nDimens\u00f5es do produto: 14 cm x 16,5 cm x 5,5 cm.<br \/>\n<\/span><span style=\"color: #808080; font-size: 12px;\">Dimens\u00f5es do pacote: 15,2 cm x\u00a0 7 cm x 5,8 cm.<\/span><br \/>\n<span style=\"color: #808080; font-size: 12px;\">Peso: 76 g.<\/span><\/p>\n","protected":false},"excerpt":{"rendered":"<p>O Bowl com Tampa e Colher \u00e9 perfeito para a hora da refei\u00e7\u00e3o do beb\u00ea. Com compartimento higi\u00eanico para transportar e proteger a colher, \u00e9 ideal para levar em passeios<\/p>\n","protected":false},"featured_media":2128,"comment_status":"open","ping_status":"closed","template":"","meta":{"_joinchat":[]},"product_cat":[169],"product_tag":[],"class_list":{"0":"post-2120","1":"product","2":"type-product","3":"status-publish","6":"product_cat-bowl","8":"first","9":"instock","10":"featured","11":"taxable","12":"shipping-taxable","13":"purchasable","14":"product-type-variable"},"_links":{"self":[{"href":"https:\/\/locababyekids.com.br\/sn\/wp-json\/wp\/v2\/product\/2120"}],"collection":[{"href":"https:\/\/locababyekids.com.br\/sn\/wp-json\/wp\/v2\/product"}],"about":[{"href":"https:\/\/locababyekids.com.br\/sn\/wp-json\/wp\/v2\/types\/product"}],"replies":[{"embeddable":true,"href":"https:\/\/locababyekids.com.br\/sn\/wp-json\/wp\/v2\/comments?post=2120"}],"version-history":[{"count":0,"href":"https:\/\/locababyekids.com.br\/sn\/wp-json\/wp\/v2\/product\/2120\/revisions"}],"wp:featuredmedia":[{"embeddable":true,"href":"https:\/\/locababyekids.com.br\/sn\/wp-json\/wp\/v2\/media\/2128"}],"wp:attachment":[{"href":"https:\/\/locababyekids.com.br\/sn\/wp-json\/wp\/v2\/media?parent=2120"}],"wp:term":[{"taxonomy":"product_cat","embeddable":true,"href":"https:\/\/locababyekids.com.br\/sn\/wp-json\/wp\/v2\/product_cat?post=2120"},{"taxonomy":"product_tag","embeddable":true,"href":"https:\/\/locababyekids.com.br\/sn\/wp-json\/wp\/v2\/product_tag?post=2120"}],"curies":[{"name":"wp","href":"https:\/\/api.w.org\/{rel}","templated":true}]}}