{"id":2134,"date":"2024-07-07T18:14:36","date_gmt":"2024-07-07T21:14:36","guid":{"rendered":"https:\/\/locababyekids.com.br\/sn\/?post_type=product&#038;p=2134"},"modified":"2024-07-07T18:29:10","modified_gmt":"2024-07-07T21:29:10","slug":"talher-colher-aviao-bebe-para-introducao-alimentar-buba","status":"publish","type":"product","link":"https:\/\/locababyekids.com.br\/sn\/product\/talher-colher-aviao-bebe-para-introducao-alimentar-buba\/","title":{"rendered":"Talher Colher Avi\u00e3o Beb\u00ea para Introdu\u00e7\u00e3o Alimentar Buba"},"content":{"rendered":"<p>Olha o avi\u00e3ozinhooooooo!&#8221; A\u00a0<strong>colher Avi\u00e3o Buba<\/strong> \u00e9 ideal para as refei\u00e7\u00f5es do beb\u00ea. Possui formato anat\u00f4mico divertido e cores vibrantes.<\/p>\n<p><span style=\"color: #808080; font-size: 12px;\">Idade recomendada: 3 meses &#8211; 10 meses.<br \/>\nDimens\u00f5es do produto: 3 cm x 10,5 cm x 17,5 cm.<br \/>\n<\/span><span style=\"color: #808080; font-size: 12px;\">Dimens\u00f5es do pacote: 22,8 cm x\u00a0 12,9 cm x 2,8 cm.<\/span><br \/>\n<span style=\"color: #808080; font-size: 12px;\">Peso: 50 g.<\/span><\/p>\n","protected":false},"excerpt":{"rendered":"<p>Olha o avi\u00e3ozinhooooooo!&#8221; A\u00a0colher Avi\u00e3o Buba \u00e9 ideal para as refei\u00e7\u00f5es do beb\u00ea. Possui formato anat\u00f4mico divertido e cores vibrantes. Idade recomendada: 3 meses &#8211; 10 meses. Dimens\u00f5es do produto:<\/p>\n","protected":false},"featured_media":2138,"comment_status":"open","ping_status":"closed","template":"","meta":{"_joinchat":[]},"product_cat":[167],"product_tag":[],"class_list":{"0":"post-2134","1":"product","2":"type-product","3":"status-publish","6":"product_cat-kit-talher","8":"first","9":"instock","10":"taxable","11":"shipping-taxable","12":"purchasable","13":"product-type-variable"},"_links":{"self":[{"href":"https:\/\/locababyekids.com.br\/sn\/wp-json\/wp\/v2\/product\/2134"}],"collection":[{"href":"https:\/\/locababyekids.com.br\/sn\/wp-json\/wp\/v2\/product"}],"about":[{"href":"https:\/\/locababyekids.com.br\/sn\/wp-json\/wp\/v2\/types\/product"}],"replies":[{"embeddable":true,"href":"https:\/\/locababyekids.com.br\/sn\/wp-json\/wp\/v2\/comments?post=2134"}],"version-history":[{"count":0,"href":"https:\/\/locababyekids.com.br\/sn\/wp-json\/wp\/v2\/product\/2134\/revisions"}],"wp:featuredmedia":[{"embeddable":true,"href":"https:\/\/locababyekids.com.br\/sn\/wp-json\/wp\/v2\/media\/2138"}],"wp:attachment":[{"href":"https:\/\/locababyekids.com.br\/sn\/wp-json\/wp\/v2\/media?parent=2134"}],"wp:term":[{"taxonomy":"product_cat","embeddable":true,"href":"https:\/\/locababyekids.com.br\/sn\/wp-json\/wp\/v2\/product_cat?post=2134"},{"taxonomy":"product_tag","embeddable":true,"href":"https:\/\/locababyekids.com.br\/sn\/wp-json\/wp\/v2\/product_tag?post=2134"}],"curies":[{"name":"wp","href":"https:\/\/api.w.org\/{rel}","templated":true}]}}