{"id":2146,"date":"2024-07-07T18:52:42","date_gmt":"2024-07-07T21:52:42","guid":{"rendered":"https:\/\/locababyekids.com.br\/sn\/?post_type=product&#038;p=2146"},"modified":"2024-07-11T22:52:37","modified_gmt":"2024-07-12T01:52:37","slug":"kit-colher-silicone-baby-buba-2-pecas-rosa-lilas-ou-azul-verde","status":"publish","type":"product","link":"https:\/\/locababyekids.com.br\/sn\/product\/kit-colher-silicone-baby-buba-2-pecas-rosa-lilas-ou-azul-verde\/","title":{"rendered":"Kit Colher Silicone Baby BUBA &#8211; 2 pe\u00e7as &#8211; Rosa\/Lil\u00e1s ou Azul\/Verde"},"content":{"rendered":"<p>Produzido em silicone macio, o Kit Colher da Buba \u00e9 perfeito para as gengivas delicadas do beb\u00ea. Com design anat\u00f4mico, \u00e9 ideal para a introdu\u00e7\u00e3o alimentar.<\/p>\n<p><span style=\"color: #808080; font-size: 12px;\">Idade recomendada: 6 meses &#8211; 3 anos.<br \/>\nDimens\u00f5es do produto: 16 cm x 2,5 cm x 1,5 cm.<br \/>\n<\/span><span style=\"color: #808080; font-size: 12px;\">Dimens\u00f5es do pacote: 22,8 cm x\u00a0 8,9 cm x 1,3 cm.<\/span><br \/>\n<span style=\"color: #808080; font-size: 12px;\">Peso: 56 g.<\/span><\/p>\n","protected":false},"excerpt":{"rendered":"<p>Produzido em silicone macio, o Kit Colher da Buba \u00e9 perfeito para as gengivas delicadas do beb\u00ea. Com design anat\u00f4mico, \u00e9 ideal para a introdu\u00e7\u00e3o alimentar. Idade recomendada: 6 meses<\/p>\n","protected":false},"featured_media":2151,"comment_status":"open","ping_status":"closed","template":"","meta":{"_joinchat":[]},"product_cat":[167],"product_tag":[],"class_list":{"0":"post-2146","1":"product","2":"type-product","3":"status-publish","6":"product_cat-kit-talher","8":"first","9":"instock","10":"taxable","11":"shipping-taxable","12":"purchasable","13":"product-type-variable"},"_links":{"self":[{"href":"https:\/\/locababyekids.com.br\/sn\/wp-json\/wp\/v2\/product\/2146"}],"collection":[{"href":"https:\/\/locababyekids.com.br\/sn\/wp-json\/wp\/v2\/product"}],"about":[{"href":"https:\/\/locababyekids.com.br\/sn\/wp-json\/wp\/v2\/types\/product"}],"replies":[{"embeddable":true,"href":"https:\/\/locababyekids.com.br\/sn\/wp-json\/wp\/v2\/comments?post=2146"}],"version-history":[{"count":0,"href":"https:\/\/locababyekids.com.br\/sn\/wp-json\/wp\/v2\/product\/2146\/revisions"}],"wp:featuredmedia":[{"embeddable":true,"href":"https:\/\/locababyekids.com.br\/sn\/wp-json\/wp\/v2\/media\/2151"}],"wp:attachment":[{"href":"https:\/\/locababyekids.com.br\/sn\/wp-json\/wp\/v2\/media?parent=2146"}],"wp:term":[{"taxonomy":"product_cat","embeddable":true,"href":"https:\/\/locababyekids.com.br\/sn\/wp-json\/wp\/v2\/product_cat?post=2146"},{"taxonomy":"product_tag","embeddable":true,"href":"https:\/\/locababyekids.com.br\/sn\/wp-json\/wp\/v2\/product_tag?post=2146"}],"curies":[{"name":"wp","href":"https:\/\/api.w.org\/{rel}","templated":true}]}}