{"id":2158,"date":"2024-07-07T19:19:40","date_gmt":"2024-07-07T22:19:40","guid":{"rendered":"https:\/\/locababyekids.com.br\/sn\/?post_type=product&#038;p=2158"},"modified":"2025-09-02T10:41:01","modified_gmt":"2025-09-02T13:41:01","slug":"kit-talher-flexivel-buba","status":"publish","type":"product","link":"https:\/\/locababyekids.com.br\/sn\/product\/kit-talher-flexivel-buba\/","title":{"rendered":"Kit Talher Flex\u00edvel BUBA"},"content":{"rendered":"<p>O Kit Talher Flex\u00edvel Coala da Buba \u00e9 male\u00e1vel, podendo ser direcionado tanto para direita quanto para a esquerda, o que facilita a autoalimenta\u00e7\u00e3o. Tem design divertido \u00e9 ideal para o beb\u00ea aprender a se alimentar sozinho.<\/p>\n<p><span style=\"color: #808080; font-size: 12px;\">Idade recomendada: 6 meses &#8211; 3 anos.<br \/>\nDimens\u00f5es do produto: 14,5 cm x 3 cm x 1 cm.<br \/>\n<\/span><span style=\"color: #808080; font-size: 12px;\">Dimens\u00f5es do pacote: 22,7 cm x\u00a0 8,9 cm x 1,3 cm.<\/span><br \/>\n<span style=\"color: #808080; font-size: 12px;\">Peso: 28 g.<\/span><\/p>\n","protected":false},"excerpt":{"rendered":"<p>O Kit Talher Flex\u00edvel Coala da Buba \u00e9 male\u00e1vel, podendo ser direcionado tanto para direita quanto para a esquerda, o que facilita a autoalimenta\u00e7\u00e3o. Tem design divertido \u00e9 ideal para<\/p>\n","protected":false},"featured_media":2161,"comment_status":"open","ping_status":"closed","template":"","meta":{"_joinchat":[]},"product_cat":[167],"product_tag":[],"class_list":{"0":"post-2158","1":"product","2":"type-product","3":"status-publish","6":"product_cat-kit-talher","8":"first","9":"instock","10":"taxable","11":"shipping-taxable","12":"purchasable","13":"product-type-simple"},"_links":{"self":[{"href":"https:\/\/locababyekids.com.br\/sn\/wp-json\/wp\/v2\/product\/2158"}],"collection":[{"href":"https:\/\/locababyekids.com.br\/sn\/wp-json\/wp\/v2\/product"}],"about":[{"href":"https:\/\/locababyekids.com.br\/sn\/wp-json\/wp\/v2\/types\/product"}],"replies":[{"embeddable":true,"href":"https:\/\/locababyekids.com.br\/sn\/wp-json\/wp\/v2\/comments?post=2158"}],"version-history":[{"count":0,"href":"https:\/\/locababyekids.com.br\/sn\/wp-json\/wp\/v2\/product\/2158\/revisions"}],"wp:featuredmedia":[{"embeddable":true,"href":"https:\/\/locababyekids.com.br\/sn\/wp-json\/wp\/v2\/media\/2161"}],"wp:attachment":[{"href":"https:\/\/locababyekids.com.br\/sn\/wp-json\/wp\/v2\/media?parent=2158"}],"wp:term":[{"taxonomy":"product_cat","embeddable":true,"href":"https:\/\/locababyekids.com.br\/sn\/wp-json\/wp\/v2\/product_cat?post=2158"},{"taxonomy":"product_tag","embeddable":true,"href":"https:\/\/locababyekids.com.br\/sn\/wp-json\/wp\/v2\/product_tag?post=2158"}],"curies":[{"name":"wp","href":"https:\/\/api.w.org\/{rel}","templated":true}]}}